{"id":1091,"date":"2019-07-12T12:19:58","date_gmt":"2019-07-12T16:19:58","guid":{"rendered":"https:\/\/spark-co.com\/?page_id=1091"},"modified":"2024-04-10T08:04:38","modified_gmt":"2024-04-10T12:04:38","slug":"a-propos","status":"publish","type":"page","link":"https:\/\/spark-co.com\/fr\/a-propos\/","title":{"rendered":"\u00c0 propos"},"content":{"rendered":"\t\t<div data-elementor-type=\"wp-page\" data-elementor-id=\"1091\" class=\"elementor elementor-1091\" data-elementor-post-type=\"page\">\n\t\t\t\t<div class=\"elementor-element elementor-element-2890c58 e-con-full e-flex e-con e-parent\" data-id=\"2890c58\" data-element_type=\"container\" data-settings=\"{&quot;background_background&quot;:&quot;classic&quot;}\">\n\t\t\t\t<div class=\"elementor-element elementor-element-08a12d4 elementor-widget elementor-widget-heading\" data-id=\"08a12d4\" data-element_type=\"widget\" data-widget_type=\"heading.default\">\n\t\t\t\t<div class=\"elementor-widget-container\">\n\t\t\t\t\t<h1 class=\"elementor-heading-title elementor-size-default\">MENEUR DE L'INDUSTRIE<\/h1>\t\t\t\t<\/div>\n\t\t\t\t<\/div>\n\t\t\t\t<div class=\"elementor-element elementor-element-b0243b2 elementor-widget elementor-widget-heading\" data-id=\"b0243b2\" data-element_type=\"widget\" data-widget_type=\"heading.default\">\n\t\t\t\t<div class=\"elementor-widget-container\">\n\t\t\t\t\t<h4 class=\"elementor-heading-title elementor-size-default\">\u00c0 TRAVERS LE CANADA ET L'EUROPE DEPUIS 2002<\/h4>\t\t\t\t<\/div>\n\t\t\t\t<\/div>\n\t\t\t\t<\/div>\n\t\t<div class=\"elementor-element elementor-element-760cdb3 e-flex e-con-boxed e-con e-parent\" data-id=\"760cdb3\" data-element_type=\"container\">\n\t\t\t\t\t<div class=\"e-con-inner\">\n\t\t<div class=\"elementor-element elementor-element-73af35a e-con-full e-flex e-con e-child\" data-id=\"73af35a\" data-element_type=\"container\">\n\t\t\t\t<div class=\"elementor-element elementor-element-c7d1118 elementor-widget elementor-widget-text-editor\" data-id=\"c7d1118\" data-element_type=\"widget\" data-widget_type=\"text-editor.default\">\n\t\t\t\t<div class=\"elementor-widget-container\">\n\t\t\t\t\t\t\t\t\tDepuis 2002, Spark &#038; Co. demeure la r\u00e9f\u00e9rence canadienne en solutions de d\u00e9coupage au jet d\u2019eau, soudure laser et d\u00e9coupage laser, se positionnant ainsi comme chef de file au pays.\t\t\t\t\t\t\t\t<\/div>\n\t\t\t\t<\/div>\n\t\t\t\t<div class=\"elementor-element elementor-element-dc3f0ed elementor-widget elementor-widget-text-editor\" data-id=\"dc3f0ed\" data-element_type=\"widget\" data-widget_type=\"text-editor.default\">\n\t\t\t\t<div class=\"elementor-widget-container\">\n\t\t\t\t\t\t\t\t\t<p>En tant que solution unique de magasinage \u201cTout-en-un\u201d, nous offrons \u00e0 nos clients \u00e0 la fois des machines et des consommables. Fiers de servir pr\u00e8s de 1 500 clients, Spark &amp; Co. continue d\u2019\u00e9voluer.\u00a0<\/p><p>Nous sommes distributeurs des syst\u00e8mes de d\u00e9coupe au jet d\u2019eau OMAX, MAXIEX, GLOBALMAX, OPTIMAX et PROTOMAX , garantissant des performances exceptionnelles. Cette alliance strat\u00e9gique associe des ann\u00e9es d\u2019exp\u00e9rience en technologie du jet d\u2019eau et de service, offrant ainsi des solutions optimales \u00e0 nos clients.<\/p><p>En avril 2018, nous avons \u00e9tabli fi\u00e8rement un partenariat avec l\u2019entreprise Extrude Hone, offrant des solutions de surfa\u00e7age \u00e0 travers des machines de polissage et de finition de pointe.<\/p><p>Spark &amp; Co. est fier d\u2019offrir une gamme compl\u00e8te de soudeuses laser de haute pr\u00e9cision provenant du leader de l\u2019industrie, IPG. Depuis notre partenariat \u00e9tabli en 2020, nous mettons \u00e0 la disposition de nos clients une technologie de soudure laser de pointe qui r\u00e9pond aux normes les plus strictes de qualit\u00e9 et de performance. Nos quatre mod\u00e8les phares, les soudeuses laser IPG [ LightWELD 1500, LightWELD 1500 XC, LightWELD 1500 XR, LightWELD 2000XR) , sont con\u00e7us pour r\u00e9pondre aux besoins vari\u00e9s de nos clients. Que vous recherchiez une solution pour des applications industrielles exigeantes, des travaux de production de haute pr\u00e9cision ou des projets n\u00e9cessitant une polyvalence accrue, nos soudeuses laser IPG sont \u00e0 la pointe de l\u2019innovation. Avec des caract\u00e9ristiques telles que [inclure des caract\u00e9ristiques cl\u00e9s comme la puissance, la vitesse, la pr\u00e9cision], ces mod\u00e8les assurent une performance fiable et des r\u00e9sultats exceptionnels. Faites confiance \u00e0 Spark &amp; Co. pour vous fournir les solutions de soudure laser IPG les plus avanc\u00e9es, garantissant une efficacit\u00e9 maximale dans vos op\u00e9rations de fabrication.\u201d<\/p><p>Spark &amp; Co. franchit une \u00e9tape strat\u00e9gique majeure en 2024 en ouvrant une division en Europe, \u00e9largissant ainsi notre empreinte mondiale. Cette expansion repr\u00e9sente une nouvelle phase passionnante de notre engagement \u00e0 fournir des soudage laser de pointe \u00e0 l\u2019\u00e9chelle internationale. En \u00e9tablissant une pr\u00e9sence en Europe, nous avons l\u2019opportunit\u00e9 d\u2019offrir nos technologies innovantes \u00e0 un public plus vaste, tout en r\u00e9pondant de mani\u00e8re plus efficace aux besoins sp\u00e9cifiques du march\u00e9 europ\u00e9en. Cette initiative renforce notre position en tant que leader mondial dans le domaine des solutions industrielles, et nous sommes impatients de collaborer avec de nouveaux partenaires et clients pour fa\u00e7onner l\u2019avenir de la fabrication de haute pr\u00e9cision en Europe.\u201d<\/p><p>Spark &amp; Co. prouve une fois de plus que personne n\u2019est mieux \u00e9quip\u00e9 pour r\u00e9pondre \u00e0 vos besoins en d\u00e9coupe au jet d\u2019eau, laser, soudure laser, polissage et finition.<\/p>\t\t\t\t\t\t\t\t<\/div>\n\t\t\t\t<\/div>\n\t\t\t\t<\/div>\n\t\t<div class=\"elementor-element elementor-element-b16d33d e-con-full e-flex e-con e-child\" data-id=\"b16d33d\" data-element_type=\"container\">\n\t\t\t\t<div class=\"elementor-element elementor-element-58914a1 elementor-widget elementor-widget-text-editor\" data-id=\"58914a1\" data-element_type=\"widget\" data-widget_type=\"text-editor.default\">\n\t\t\t\t<div class=\"elementor-widget-container\">\n\t\t\t\t\t\t\t\t\t<p>Nous sommes \u00e9galement devenus distributeurs de la marque SENFENG, qui est l\u2019un des 3 meilleurs fabricants de lasers au monde, la gamme compl\u00e8te de SENFENG comprend des lasers 2D, 3D et \u00e0 tube ainsi que des machines de fabrication d\u2019additifs et des presses plieuses utilis\u00e9es dans de nombreux secteurs. Soutenu par une garantie de 2 ans, le laser \u00e0 fibre de SENFENG offre une meilleure protection contre la r\u00e9tro-r\u00e9flexion pour les mat\u00e9riaux r\u00e9fl\u00e9chissants.<\/p><p>Nous prouvons une fois de plus que personne n\u2019est mieux \u00e9quip\u00e9 pour r\u00e9pondre \u00e0 vos besoins en d\u00e9coupe au jet d\u2019eau, d\u00e9coupe laser, soudage laser, polissage et finition.<\/p>\t\t\t\t\t\t\t\t<\/div>\n\t\t\t\t<\/div>\n\t\t\t\t<div class=\"elementor-element elementor-element-8e6ef06 elementor-widget elementor-widget-text-editor\" data-id=\"8e6ef06\" data-element_type=\"widget\" data-widget_type=\"text-editor.default\">\n\t\t\t\t<div class=\"elementor-widget-container\">\n\t\t\t\t\t\t\t\t\tResponsabilit\u00e9 sociale\t\t\t\t\t\t\t\t<\/div>\n\t\t\t\t<\/div>\n\t\t\t\t<div class=\"elementor-element elementor-element-b8b170d elementor-widget elementor-widget-text-editor\" data-id=\"b8b170d\" data-element_type=\"widget\" data-widget_type=\"text-editor.default\">\n\t\t\t\t<div class=\"elementor-widget-container\">\n\t\t\t\t\t\t\t\t\tSpark &#038; Co. s\u2019engage \u00e0 mener ses affaires de mani\u00e8re \u00e9thique, socialement responsable, respectueuse de toutes les lois f\u00e9d\u00e9rales et provinciales ainsi que des coutumes et des normes publi\u00e9es par l\u2019industrie par rapport \u00e0 l\u2019emploi et \u00e0 la fabrication. Nous sommes d\u2019avis que notre entreprise doit offrir des conditions de travail justes et d\u00e9centes. C\u2019est pourquoi nous nous effor\u00e7ons de suivre un code strict en mati\u00e8re de conduite des affaires.\t\t\t\t\t\t\t\t<\/div>\n\t\t\t\t<\/div>\n\t\t\t\t<div class=\"elementor-element elementor-element-b5409f2 elementor-widget elementor-widget-text-editor\" data-id=\"b5409f2\" data-element_type=\"widget\" data-widget_type=\"text-editor.default\">\n\t\t\t\t<div class=\"elementor-widget-container\">\n\t\t\t\t\t\t\t\t\tSpark &#038; Co. et les dons de bienfaisances\t\t\t\t\t\t\t\t<\/div>\n\t\t\t\t<\/div>\n\t\t\t\t<div class=\"elementor-element elementor-element-65d73fa elementor-widget elementor-widget-text-editor\" data-id=\"65d73fa\" data-element_type=\"widget\" data-widget_type=\"text-editor.default\">\n\t\t\t\t<div class=\"elementor-widget-container\">\n\t\t\t\t\t\t\t\t\tSpark &#038; Co. s\u2019engage \u00e0 b\u00e2tir des relations solides avec les communaut\u00e9s et \u00e0 soutenir les organismes suivants :\t\t\t\t\t\t\t\t<\/div>\n\t\t\t\t<\/div>\n\t\t\t\t<div class=\"elementor-element elementor-element-bd4916b link elementor-widget elementor-widget-html\" data-id=\"bd4916b\" data-element_type=\"widget\" data-widget_type=\"html.default\">\n\t\t\t\t<div class=\"elementor-widget-container\">\n\t\t\t\t\t<ul class=\"list-style-line\">\r\n<li>Le Club des petits d\u00e9jeuners<br>\r\n<a href=\"https:\/\/www.breakfastclubs.ca\/\" target=\"_blank\" rel=\"noopener\">https:\/\/www.breakfastclubs.ca\/<\/a><\/li>\r\n<li>Le Club des petits d\u00e9jeuners du Qu\u00e9bec<br>\r\n<a href=\"https:\/\/www.clubdejeuners.org\/\" target=\"_blank\" rel=\"noopener\">https:\/\/www.clubdejeuners.org\/<\/a><\/li>\r\n<\/ul>\t\t\t\t<\/div>\n\t\t\t\t<\/div>\n\t\t\t\t<div class=\"elementor-element elementor-element-169628e elementor-widget elementor-widget-text-editor\" data-id=\"169628e\" data-element_type=\"widget\" data-widget_type=\"text-editor.default\">\n\t\t\t\t<div class=\"elementor-widget-container\">\n\t\t\t\t\t\t\t\t\tAssociations\t\t\t\t\t\t\t\t<\/div>\n\t\t\t\t<\/div>\n\t\t\t\t<div class=\"elementor-element elementor-element-f5f49d6 link elementor-widget elementor-widget-html\" data-id=\"f5f49d6\" data-element_type=\"widget\" data-widget_type=\"html.default\">\n\t\t\t\t<div class=\"elementor-widget-container\">\n\t\t\t\t\t<ul class=\"list-style-line\">\r\n<li>Canadian Machine Tools Distributors Association<br>\r\n<a href=\"https:\/\/www.cmtda.com\" target=\"_blank\" rel=\"noopener\">https:\/\/www.cmtda.com<\/a><\/li>\r\n<li>Association des industries canadiennes de d\u00e9fense et de la s\u00e9curit\u00e9 (CADSI\/AICDS)<br>\r\n<a href=\"https:\/\/www.defenceandsecurity.ca\" target=\"_blank\" rel=\"noopener\">https:\/\/www.defenceandsecurity.ca<\/a><\/li>\r\n<\/ul>\t\t\t\t<\/div>\n\t\t\t\t<\/div>\n\t\t\t\t<\/div>\n\t\t\t\t\t<\/div>\n\t\t\t\t<\/div>\n\t\t<div class=\"elementor-element elementor-element-356ddda e-flex e-con-boxed e-con e-parent\" data-id=\"356ddda\" data-element_type=\"container\">\n\t\t\t\t\t<div class=\"e-con-inner\">\n\t\t<div class=\"elementor-element elementor-element-8173110 e-con-full e-flex e-con e-child\" data-id=\"8173110\" data-element_type=\"container\" data-settings=\"{&quot;background_background&quot;:&quot;classic&quot;}\">\n\t\t\t\t<div class=\"elementor-element elementor-element-6809c9b elementor-widget elementor-widget-text-editor\" data-id=\"6809c9b\" data-element_type=\"widget\" data-widget_type=\"text-editor.default\">\n\t\t\t\t<div class=\"elementor-widget-container\">\n\t\t\t\t\t\t\t\t\tVOIR NOS MACHINES\t\t\t\t\t\t\t\t<\/div>\n\t\t\t\t<\/div>\n\t\t\t\t<div class=\"elementor-element elementor-element-188d8c5 elementor-widget elementor-widget-text-editor\" data-id=\"188d8c5\" data-element_type=\"widget\" data-widget_type=\"text-editor.default\">\n\t\t\t\t<div class=\"elementor-widget-container\">\n\t\t\t\t\t\t\t\t\tGamme compl\u00e8te de machines de fabrication, \u00e9lectro\u00e9rosion, Fabrication additive, CNC, centre d\u2019usinage et tour \u00e0 contr\u00f4le num\u00e9rique.\t\t\t\t\t\t\t\t<\/div>\n\t\t\t\t<\/div>\n\t\t\t\t<div class=\"elementor-element elementor-element-ed21eae btn-primary btn-lg elementor-widget elementor-widget-button\" data-id=\"ed21eae\" data-element_type=\"widget\" data-widget_type=\"button.default\">\n\t\t\t\t<div class=\"elementor-widget-container\">\n\t\t\t\t\t\t\t\t\t<div class=\"elementor-button-wrapper\">\n\t\t\t\t\t<a class=\"elementor-button elementor-button-link elementor-size-sm\" href=\"https:\/\/spark-co.com\/fr\/machines\/\">\n\t\t\t\t\t\t<span class=\"elementor-button-content-wrapper\">\n\t\t\t\t\t\t\t\t\t<span class=\"elementor-button-text\">LES VOIR MAINTENANT<\/span>\n\t\t\t\t\t<\/span>\n\t\t\t\t\t<\/a>\n\t\t\t\t<\/div>\n\t\t\t\t\t\t\t\t<\/div>\n\t\t\t\t<\/div>\n\t\t\t\t<\/div>\n\t\t<div class=\"elementor-element elementor-element-a6e8c42 e-con-full e-flex e-con e-child\" data-id=\"a6e8c42\" data-element_type=\"container\" data-settings=\"{&quot;background_background&quot;:&quot;classic&quot;}\">\n\t\t\t\t<div class=\"elementor-element elementor-element-ed78009 elementor-widget elementor-widget-text-editor\" data-id=\"ed78009\" data-element_type=\"widget\" data-widget_type=\"text-editor.default\">\n\t\t\t\t<div class=\"elementor-widget-container\">\n\t\t\t\t\t\t\t\t\tESSAI DE COUPE GRATUITE\t\t\t\t\t\t\t\t<\/div>\n\t\t\t\t<\/div>\n\t\t\t\t<div class=\"elementor-element elementor-element-49a5d00 elementor-widget elementor-widget-text-editor\" data-id=\"49a5d00\" data-element_type=\"widget\" data-widget_type=\"text-editor.default\">\n\t\t\t\t<div class=\"elementor-widget-container\">\n\t\t\t\t\t\t\t\t\tNous allons effectuer un test de d\u00e9coupe et ajuster notre machine en fonction de vos exigences.\t\t\t\t\t\t\t\t<\/div>\n\t\t\t\t<\/div>\n\t\t\t\t<div class=\"elementor-element elementor-element-59c8ddf btn-primary btn-lg elementor-widget elementor-widget-button\" data-id=\"59c8ddf\" data-element_type=\"widget\" data-widget_type=\"button.default\">\n\t\t\t\t<div class=\"elementor-widget-container\">\n\t\t\t\t\t\t\t\t\t<div class=\"elementor-button-wrapper\">\n\t\t\t\t\t<a class=\"elementor-button elementor-button-link elementor-size-sm\" href=\"https:\/\/spark-co.com\/fr\/coupe-dessai\/\">\n\t\t\t\t\t\t<span class=\"elementor-button-content-wrapper\">\n\t\t\t\t\t\t\t\t\t<span class=\"elementor-button-text\">DEMANDER POUR UN TEST<\/span>\n\t\t\t\t\t<\/span>\n\t\t\t\t\t<\/a>\n\t\t\t\t<\/div>\n\t\t\t\t\t\t\t\t<\/div>\n\t\t\t\t<\/div>\n\t\t\t\t<\/div>\n\t\t\t\t\t<\/div>\n\t\t\t\t<\/div>\n\t\t\t\t<\/div>\n\t\t","protected":false},"excerpt":{"rendered":"<p>MENEUR DE L&rsquo;INDUSTRIE \u00c0 TRAVERS LE CANADA ET L&rsquo;EUROPE DEPUIS 2002 Depuis 2002, Spark &#038; Co. demeure la r\u00e9f\u00e9rence canadienne en solutions de d\u00e9coupage au jet d\u2019eau, soudure laser et d\u00e9coupage laser, se positionnant ainsi comme chef de file au pays. En tant que solution unique de magasinage \u201cTout-en-un\u201d, nous offrons \u00e0 nos clients \u00e0 [&hellip;]<\/p>\n","protected":false},"author":41,"featured_media":0,"parent":0,"menu_order":0,"comment_status":"closed","ping_status":"closed","template":"","meta":{"_acf_changed":false,"footnotes":""},"class_list":["post-1091","page","type-page","status-publish","hentry"],"acf":[],"_links":{"self":[{"href":"https:\/\/spark-co.com\/fr\/wp-json\/wp\/v2\/pages\/1091","targetHints":{"allow":["GET"]}}],"collection":[{"href":"https:\/\/spark-co.com\/fr\/wp-json\/wp\/v2\/pages"}],"about":[{"href":"https:\/\/spark-co.com\/fr\/wp-json\/wp\/v2\/types\/page"}],"author":[{"embeddable":true,"href":"https:\/\/spark-co.com\/fr\/wp-json\/wp\/v2\/users\/41"}],"replies":[{"embeddable":true,"href":"https:\/\/spark-co.com\/fr\/wp-json\/wp\/v2\/comments?post=1091"}],"version-history":[{"count":0,"href":"https:\/\/spark-co.com\/fr\/wp-json\/wp\/v2\/pages\/1091\/revisions"}],"wp:attachment":[{"href":"https:\/\/spark-co.com\/fr\/wp-json\/wp\/v2\/media?parent=1091"}],"curies":[{"name":"wp","href":"https:\/\/api.w.org\/{rel}","templated":true}]}}