{"id":35082,"date":"2024-04-04T10:09:13","date_gmt":"2024-04-04T14:09:13","guid":{"rendered":"https:\/\/spark-co.com\/product\/ipg-lasercube\/"},"modified":"2024-08-30T11:39:32","modified_gmt":"2024-08-30T15:39:32","slug":"ipg-lasercube","status":"publish","type":"product","link":"https:\/\/spark-co.com\/fr-fr\/produit\/ipg-lasercube\/","title":{"rendered":"IPG LaserCube"},"content":{"rendered":"<p><span style=\"font-weight: 400;\">Le LaserCube d\u2019IPG est disponible dans une gamme de puissance allant de 500 \u00e0 6000 watts. Nos clients utilisent une vari\u00e9t\u00e9 de mat\u00e9riaux diff\u00e9rents, allants de l&rsquo;acier inoxydable, l&rsquo;aluminium, le titane, les composites, le cuivre, le laiton et m\u00eame l&rsquo;argent. Le LaserCube est tr\u00e8s pr\u00e9cis et utilise des moteurs lin\u00e9aires, sans vis \u00e0 billes ni cr\u00e9maill\u00e8re qui s\u2019usent. Les clients disposant de syst\u00e8mes laser existants me disent qu&rsquo;ils utilisent le LaserCube d&rsquo;IPG pour toutes les pi\u00e8ces de haute pr\u00e9cision et de dimensions critiques.\u00a0 IPG est \u00ab\u00a0la r\u00e9f\u00e9rence\u00a0\u00bb de la qualit\u00e9 des lasers \u00e0 fibre, nous construisons ces machines dans un environnement o\u00f9 l&rsquo;excellence est attendue.<\/span><\/p>\n<p><span style=\"font-weight: 400;\">Le LaserCube est fabriqu\u00e9 \u00e0 100% par IPG, qui fournit \u00e9galement des r\u00e9sonateurs \u00e0 fibre \u00e0\u00a0: Mitsubishi, Mazak, Bystronics, HK, Cincinnati et pratiquement \u00e0 tous les fabricants sauf Trumpf. Le r\u00e9sonateur est bien s\u00fbr le c\u0153ur du laser et IPG fabrique ce c\u0153ur, ainsi que le reste de la machine.<\/span><\/p>\n<p><span style=\"font-weight: 400;\">Le prix des machines varie <\/span><span style=\"font-weight: 400;\">en fonction de la puissance du r\u00e9sonateur et des options. Notre laser de 2kW comprend le <\/span><i><span style=\"font-weight: 400;\">Power Pierce<\/span><\/i><span style=\"font-weight: 400;\">, o\u00f9 la machine perce \u00e0 4kw et la d\u00e9coupe se fait \u00e0 2kw.\u00a0 Un avantage \u00e9norme pour des per\u00e7ages plus propres et plus rapides.\u00a0 Puisque IPG fabrique l&rsquo;ensemble de la machine, IPG peut vendre la partie r\u00e9sonateur au m\u00eame prix que si elle vendait \u00e0 l&rsquo;OEM. Vous pouvez donc obtenir de la puissance \u00e0 un prix avantageux.\u00a0<\/span><\/p>\n<p><span style=\"font-weight: 400;\">Vous trouverez ci-joint des informations sur le LaserCube IPG. Le d\u00e9lai de livraison est d&rsquo;environ 60 \u00e0 90 jours. Les machines sont fabriqu\u00e9es aux \u00c9tats-Unis, pr\u00e8s de Boston, dans le Massachusetts. Une partie du processus d&rsquo;acquisition est qu&rsquo;apr\u00e8s l&rsquo;achat de la machine, et avant l&rsquo;exp\u00e9dition de l&rsquo;usine IPG Laser, IPG vous invite \u00e0 venir voir votre machine dans l&rsquo;atelier de production et \u00e0 la signer. Les personnes qui le font appr\u00e9cient beaucoup, car il est int\u00e9ressant de voir o\u00f9 une machine est fabriqu\u00e9e, vous recevez une formation suppl\u00e9mentaire et vous savez exactement ce que vous recevez avant l&rsquo;exp\u00e9dition.<\/span><\/p>\n<p><span style=\"font-weight: 400;\">IPG propose une option appel\u00e9e syst\u00e8me de reconnaissance de la vision. Il est relativement peu co\u00fbteux<\/span><span style=\"font-weight: 400;\">, <\/span><span style=\"font-weight: 400;\">mais vous permet d&rsquo;ex\u00e9cuter des pi\u00e8ces trait\u00e9es en combinaison. Il s&rsquo;agit par exemple de pi\u00e8ces que vous passez d&rsquo;abord dans une machine de poin\u00e7onnage g\u00e9n\u00e9ralement pour une application de formage comme des persiennes ou des fraisages &#8211; puis vous apportez la t\u00f4le usin\u00e9e dans le laser cube IPG et la machine r\u00e9alise des d\u00e9coupes sp\u00e9ciales, des trous ou d\u00e9coupe la forme ext\u00e9rieure. Pour ce faire, elle utilise le syst\u00e8me de vision pour d\u00e9tecter un trou ou une caract\u00e9ristique de la pi\u00e8ce sortant de la machine de poin\u00e7onnage, puis oriente le programme de d\u00e9coupe. Ce syst\u00e8me est tr\u00e8s pr\u00e9cis. Vous pouvez aussi faire de l&rsquo;usinage de pi\u00e8ces laser de la m\u00eame mani\u00e8re. Parfois, il est plus facile d&rsquo;usiner et de tarauder un trou sur le centre d&rsquo;usinage, d&rsquo;amener une plaque de pi\u00e8ces dans le laser cube IPG et de d\u00e9couper la forme ext\u00e9rieure. Le syst\u00e8me est \u00e9galement utilis\u00e9 pour s\u00e9parer des plaques m\u00e9talliques pr\u00e9imprim\u00e9es utilis\u00e9es pour la fabrication de plaques signal\u00e9tiques. Le syst\u00e8me peut \u00eatre command\u00e9 neuf ou modernis\u00e9.\u00a0 Il existe un podcast qui parle de la pr\u00e9cision de la machine et de la vision.<\/span><\/p>\n<p><span style=\"font-weight: 400;\">Podcast LaserCube IPG sur\u00a0<\/span><a href=\"https:\/\/lasercube.podbean.com\/\" target=\"_blank\" rel=\"noopener\"><span style=\"font-weight: 400;\">https:\/\/lasercube.podbean.com<\/span><\/a><\/p>\n<p><span style=\"font-weight: 400;\">Pour plus d\u2019information, consultez\u00a0:<\/span><\/p>\n<p><a href=\"https:\/\/lasersystems.ipgphotonics.com\/Products\/lasercube\/lasercube\" target=\"_blank\" rel=\"noopener\"><span style=\"font-weight: 400;\">https:\/\/lasersystems.ipgphotonics.com\/Products\/lasercube\/lasercube<\/span><\/a><\/p>\n","protected":false},"excerpt":{"rendered":"<p>Le LaserCube d\u2019IPG est disponible dans une gamme de puissance allant de 500 \u00e0 6000 watts. Nos clients utilisent une vari\u00e9t\u00e9 de mat\u00e9riaux diff\u00e9rents, allants de l\u2019acier inoxydable, l\u2019aluminium, le titane, les composites, le cuivre, le laiton et m\u00eame l\u2019argent. Le LaserCube est tr\u00e8s pr\u00e9cis et utilise des moteurs lin\u00e9aires, sans vis \u00e0 billes ni cr\u00e9maill\u00e8re qui s\u2019usent. Les clients disposant de syst\u00e8mes laser existants me disent qu\u2019ils utilisent le LaserCube d\u2019IPG pour toutes les pi\u00e8ces de haute pr\u00e9cision et de dimensions critiques. IPG est <strong>\u00ab la r\u00e9f\u00e9rence \u00bb<\/strong> de la qualit\u00e9 des lasers \u00e0 fibre, nous construisons ces machines dans un environnement o\u00f9 l\u2019excellence est attendue.<\/p>\n","protected":false},"featured_media":35083,"template":"","meta":{"_acf_changed":false},"product_brand":[],"product_cat":[1060],"product_tag":[],"class_list":{"0":"post-35082","1":"product","2":"type-product","3":"status-publish","4":"has-post-thumbnail","6":"product_cat-decoupage-laser-fr-fr","8":"first","9":"instock","10":"taxable","11":"shipping-taxable","12":"product-type-simple"},"acf":[],"_links":{"self":[{"href":"https:\/\/spark-co.com\/fr-fr\/wp-json\/wp\/v2\/product\/35082","targetHints":{"allow":["GET"]}}],"collection":[{"href":"https:\/\/spark-co.com\/fr-fr\/wp-json\/wp\/v2\/product"}],"about":[{"href":"https:\/\/spark-co.com\/fr-fr\/wp-json\/wp\/v2\/types\/product"}],"wp:featuredmedia":[{"embeddable":true,"href":"https:\/\/spark-co.com\/fr-fr\/wp-json\/wp\/v2\/media\/35083"}],"wp:attachment":[{"href":"https:\/\/spark-co.com\/fr-fr\/wp-json\/wp\/v2\/media?parent=35082"}],"wp:term":[{"taxonomy":"product_brand","embeddable":true,"href":"https:\/\/spark-co.com\/fr-fr\/wp-json\/wp\/v2\/product_brand?post=35082"},{"taxonomy":"product_cat","embeddable":true,"href":"https:\/\/spark-co.com\/fr-fr\/wp-json\/wp\/v2\/product_cat?post=35082"},{"taxonomy":"product_tag","embeddable":true,"href":"https:\/\/spark-co.com\/fr-fr\/wp-json\/wp\/v2\/product_tag?post=35082"}],"curies":[{"name":"wp","href":"https:\/\/api.w.org\/{rel}","templated":true}]}}