{"id":31278,"date":"2024-03-04T10:20:15","date_gmt":"2024-03-04T15:20:15","guid":{"rendered":"https:\/\/spark-co.com\/?post_type=product&#038;p=31278"},"modified":"2024-09-11T09:52:24","modified_gmt":"2024-09-11T13:52:24","slug":"lightweld-xc-tete-soudure-calibree","status":"publish","type":"product","link":"https:\/\/spark-co.com\/fr-fr\/produit\/lightweld-xc-tete-soudure-calibree\/","title":{"rendered":"T\u00eate Calibr\u00e9e, LightWELD XC IP54"},"content":{"rendered":"<p>T\u00eate Calibr\u00e9e, LightWELD XC IP54<\/p>\n","protected":false},"excerpt":{"rendered":"<p>T\u00eate Calibr\u00e9e, LightWELD XC IP54<\/p>\n","protected":false},"featured_media":21950,"template":"","meta":{"_acf_changed":false},"product_brand":[],"product_cat":[287,288,607],"product_tag":[],"class_list":{"0":"post-31278","1":"product","2":"type-product","3":"status-publish","4":"has-post-thumbnail","6":"product_cat-soudage-au-laser-fr-fr","7":"product_cat-soudage-laser-machines-fr-fr","8":"product_cat-pieces-et-accessoires-fr-fr","10":"first","11":"instock","12":"taxable","13":"shipping-taxable","14":"purchasable","15":"product-type-simple"},"acf":[],"_links":{"self":[{"href":"https:\/\/spark-co.com\/fr-fr\/wp-json\/wp\/v2\/product\/31278","targetHints":{"allow":["GET"]}}],"collection":[{"href":"https:\/\/spark-co.com\/fr-fr\/wp-json\/wp\/v2\/product"}],"about":[{"href":"https:\/\/spark-co.com\/fr-fr\/wp-json\/wp\/v2\/types\/product"}],"wp:featuredmedia":[{"embeddable":true,"href":"https:\/\/spark-co.com\/fr-fr\/wp-json\/wp\/v2\/media\/21950"}],"wp:attachment":[{"href":"https:\/\/spark-co.com\/fr-fr\/wp-json\/wp\/v2\/media?parent=31278"}],"wp:term":[{"taxonomy":"product_brand","embeddable":true,"href":"https:\/\/spark-co.com\/fr-fr\/wp-json\/wp\/v2\/product_brand?post=31278"},{"taxonomy":"product_cat","embeddable":true,"href":"https:\/\/spark-co.com\/fr-fr\/wp-json\/wp\/v2\/product_cat?post=31278"},{"taxonomy":"product_tag","embeddable":true,"href":"https:\/\/spark-co.com\/fr-fr\/wp-json\/wp\/v2\/product_tag?post=31278"}],"curies":[{"name":"wp","href":"https:\/\/api.w.org\/{rel}","templated":true}]}}