{"id":31260,"date":"2023-06-09T15:52:41","date_gmt":"2024-03-01T19:35:19","guid":{"rendered":"https:\/\/spark-co.com\/?post_type=product&#038;p=31260"},"modified":"2024-03-21T16:10:46","modified_gmt":"2024-03-21T20:10:46","slug":"wallpro-single-200-4-dm-636","status":"publish","type":"product","link":"https:\/\/spark-co.com\/fr-fr\/produit\/wallpro-single-200-4-dm-636\/","title":{"rendered":"WallPro Single-200\/4-DM 636"},"content":{"rendered":"<p>Filtre d\u2019extraction stationnaire WallPro y compris le bras d\u2019extraction et le ventilateur. La haute efficacit\u00e9 du syst\u00e8me de d\u00e9colmatage automatique, assur\u00e9e par l\u2019amplificateur d\u2019impulsions RamAir\u2122 int\u00e9gr\u00e9, n\u00e9cessite une alimentation externe en air comprim\u00e9. Surface de filtration 20 m\u00b2 Classe de fum\u00e9e de soudure W3 conforme \u00e0 ISO-EN 15012-1:2013 Puissance du ventilateur 1,1 kW Capacit\u00e9 d\u2019extraction 1450 m3\/h Bras d\u2019aspiration Type KUA Diam\u00e8tre 200 mm Longueur 4 m. Le WallPro est fourni avec un bo\u00eetier de commande et un adaptateur de sortie de ventilateur de carr\u00e9 \u00e0 rond (\u00d8 250 mm) pour le raccordement de tuyaux et le raccordement de silencieux en option.<\/p>\n","protected":false},"excerpt":{"rendered":"<p>WallPro Single-200\/4-DM 636<\/p>\n","protected":false},"featured_media":21905,"template":"","meta":{"_acf_changed":false},"product_brand":[],"product_cat":[287,643,646],"product_tag":[],"class_list":{"0":"post-31260","1":"product","2":"type-product","3":"status-publish","4":"has-post-thumbnail","6":"product_cat-soudage-au-laser-fr-fr","7":"product_cat-extracteurs-de-fumee-fr-fr","8":"product_cat-extracteurs-fr-fr","10":"first","11":"instock","12":"purchasable","13":"product-type-simple"},"acf":[],"_links":{"self":[{"href":"https:\/\/spark-co.com\/fr-fr\/wp-json\/wp\/v2\/product\/31260","targetHints":{"allow":["GET"]}}],"collection":[{"href":"https:\/\/spark-co.com\/fr-fr\/wp-json\/wp\/v2\/product"}],"about":[{"href":"https:\/\/spark-co.com\/fr-fr\/wp-json\/wp\/v2\/types\/product"}],"wp:featuredmedia":[{"embeddable":true,"href":"https:\/\/spark-co.com\/fr-fr\/wp-json\/wp\/v2\/media\/21905"}],"wp:attachment":[{"href":"https:\/\/spark-co.com\/fr-fr\/wp-json\/wp\/v2\/media?parent=31260"}],"wp:term":[{"taxonomy":"product_brand","embeddable":true,"href":"https:\/\/spark-co.com\/fr-fr\/wp-json\/wp\/v2\/product_brand?post=31260"},{"taxonomy":"product_cat","embeddable":true,"href":"https:\/\/spark-co.com\/fr-fr\/wp-json\/wp\/v2\/product_cat?post=31260"},{"taxonomy":"product_tag","embeddable":true,"href":"https:\/\/spark-co.com\/fr-fr\/wp-json\/wp\/v2\/product_tag?post=31260"}],"curies":[{"name":"wp","href":"https:\/\/api.w.org\/{rel}","templated":true}]}}