{"id":31014,"date":"2023-12-19T16:04:33","date_gmt":"2023-12-19T21:04:33","guid":{"rendered":"https:\/\/spark-co.com\/boutique\/casque-de-soudage-laser-lightweld-en-fibre-de-carbone\/"},"modified":"2024-02-20T17:04:16","modified_gmt":"2024-02-20T22:04:16","slug":"casque-de-soudage-laser-lightweld-en-fibre-de-carbone","status":"publish","type":"product","link":"https:\/\/spark-co.com\/fr-fr\/produit\/casque-de-soudage-laser-lightweld-en-fibre-de-carbone\/","title":{"rendered":"Casque de soudage laser LightWELD\u00ae en fibre de carbone"},"content":{"rendered":"<p>Le syst\u00e8me est dot\u00e9 d&rsquo;une coque l\u00e9g\u00e8re en fibre de carbone incorporant des filtres UV et IR adapt\u00e9s aux syst\u00e8mes LightWELD.<\/p>\n<p>Un rev\u00eatement r\u00e9sistant aux rayures offre une protection suppl\u00e9mentaire \u00e0 la lentille du filtre de soudage.<\/p>\n<p><\/p>\n<p><strong>Conforme \u00e0 la norme EN207<\/strong><\/p>\n<p>Les propri\u00e9t\u00e9s uniques du casque en fibre de carbone LightWELD et du syst\u00e8me de lentilles produisent un casque de soudage conforme \u00e0 la directive EN207.<\/p>\n<p>Les mat\u00e9riaux de qualit\u00e9 sup\u00e9rieure utilis\u00e9s sont capables de prot\u00e9ger l&rsquo;utilisateur d&rsquo;une exposition directe \u00e0 la pleine puissance du laser pendant un minimum de 10 secondes sans d\u00e9faillance.<\/p>\n<p><strong>Class\u00e9 ANSI Z87<\/strong><\/p>\n<p>Bas\u00e9 sur les normes de l&rsquo;American National Standard Institute (ANSI), le casque de soudage LightWeld en fibre de carbone est conforme \u00e0 la norme ANSI Z87+W, offrant une protection accrue contre les impacts tout en \u00e9tant con\u00e7u pour les applications de soudage.<\/p>\n<p>Le casque de soudure passe les tests d&rsquo;impact de masse \u00e9lev\u00e9e, d&rsquo;impact \u00e0 haute vitesse et de p\u00e9n\u00e9tration, y compris les tests d&rsquo;impact \u00e0 plus de 100mph, offrant une protection sup\u00e9rieure et pouvant \u00e9liminer le besoin de porter des <strong>lunettes d&rsquo;impact<\/strong> suppl\u00e9mentaires sous le casque de soudure.<\/p>\n<p><\/p>\n<p><strong>Caract\u00e9ristiques<\/strong><\/p>\n<p>&#8211; Protection sup\u00e9rieure &#8211; Conforme aux normes EN207 et ANSI Z87+W16<br \/>&#8211; Coque en fibre de carbone &#8211; Construction ultra l\u00e9g\u00e8re<br \/>&#8211; Fen\u00eatre IR et UV int\u00e9gr\u00e9e<\/p>\n<p><strong>Avantages<\/strong><\/p>\n<p>&#8211; Am\u00e9liore la s\u00e9curit\u00e9 des travailleurs &#8211; protection contre les impacts et le laser dans un seul casque de soudure<br \/>&#8211; La construction l\u00e9g\u00e8re r\u00e9duit la fatigue du cou et augmente la productivit\u00e9.<br \/>&#8211; Prot\u00e8ge l&rsquo;utilisateur du laser et des radiations \u00e9mises<\/p>\n<p><\/p>\n<p><strong>Pour votre s\u00e9curit\u00e9<\/strong><\/p>\n<p>Il est recommand\u00e9 d&rsquo;utiliser les lunettes de s\u00e9curit\u00e9 laser fournies avec le syst\u00e8me LightWELD &#8211; en plus du casque de soudage.<\/p>\n<p>Les lunettes de s\u00e9curit\u00e9 laser doivent \u00eatre port\u00e9es par tout observateur se trouvant dans la zone de contr\u00f4le du laser (LCA).<\/p>\n","protected":false},"excerpt":{"rendered":"<p>Le casque de soudure en fibre de Carbone LightWELD est l\u00e9ger mais con\u00e7u pour offrir une protection in\u00e9gal\u00e9e \u00e0 l&rsquo;op\u00e9rateur lors de l&rsquo;utilisation du syst\u00e8mes de soudure au laser LightWELD.<\/p>\n","protected":false},"featured_media":26930,"template":"","meta":{"_acf_changed":false},"product_brand":[],"product_cat":[634,638],"product_tag":[],"class_list":{"0":"post-31014","1":"product","2":"type-product","3":"status-publish","4":"has-post-thumbnail","6":"product_cat-equipement-de-protection-fr-fr","7":"product_cat-casques-fr-fr","9":"first","10":"instock","11":"taxable","12":"shipping-taxable","13":"purchasable","14":"product-type-simple"},"acf":[],"_links":{"self":[{"href":"https:\/\/spark-co.com\/fr-fr\/wp-json\/wp\/v2\/product\/31014","targetHints":{"allow":["GET"]}}],"collection":[{"href":"https:\/\/spark-co.com\/fr-fr\/wp-json\/wp\/v2\/product"}],"about":[{"href":"https:\/\/spark-co.com\/fr-fr\/wp-json\/wp\/v2\/types\/product"}],"wp:featuredmedia":[{"embeddable":true,"href":"https:\/\/spark-co.com\/fr-fr\/wp-json\/wp\/v2\/media\/26930"}],"wp:attachment":[{"href":"https:\/\/spark-co.com\/fr-fr\/wp-json\/wp\/v2\/media?parent=31014"}],"wp:term":[{"taxonomy":"product_brand","embeddable":true,"href":"https:\/\/spark-co.com\/fr-fr\/wp-json\/wp\/v2\/product_brand?post=31014"},{"taxonomy":"product_cat","embeddable":true,"href":"https:\/\/spark-co.com\/fr-fr\/wp-json\/wp\/v2\/product_cat?post=31014"},{"taxonomy":"product_tag","embeddable":true,"href":"https:\/\/spark-co.com\/fr-fr\/wp-json\/wp\/v2\/product_tag?post=31014"}],"curies":[{"name":"wp","href":"https:\/\/api.w.org\/{rel}","templated":true}]}}