{"id":22558,"date":"2023-11-23T11:31:51","date_gmt":"2023-11-23T16:31:51","guid":{"rendered":"https:\/\/spark-co.com\/boutique\/power-laser-safety-curtain\/"},"modified":"2024-09-04T11:31:41","modified_gmt":"2024-09-04T15:31:41","slug":"rideau-securite-laser-haute-puissance","status":"publish","type":"product","link":"https:\/\/spark-co.com\/fr-fr\/produit\/rideau-securite-laser-haute-puissance\/","title":{"rendered":"Rideau de s\u00e9curit\u00e9 laser haute puissance"},"content":{"rendered":"<p>FLEX-GUARD Rideau de s\u00e9curit\u00e9 laser haute puissance, Sur Mesure<\/p>\n","protected":false},"excerpt":{"rendered":"<p>Rideau de s\u00e9curit\u00e9 laser haute puissance<\/p>\n","protected":false},"featured_media":22300,"template":"","meta":{"_acf_changed":false},"product_brand":[],"product_cat":[304,624,287],"product_tag":[],"class_list":{"0":"post-22558","1":"product","2":"type-product","3":"status-publish","4":"has-post-thumbnail","6":"product_cat-rideaux-de-securite-fr-fr","7":"product_cat-rideaux-flexibles-fr-fr","8":"product_cat-soudage-au-laser-fr-fr","10":"first","11":"instock","12":"purchasable","13":"product-type-simple"},"acf":[],"_links":{"self":[{"href":"https:\/\/spark-co.com\/fr-fr\/wp-json\/wp\/v2\/product\/22558","targetHints":{"allow":["GET"]}}],"collection":[{"href":"https:\/\/spark-co.com\/fr-fr\/wp-json\/wp\/v2\/product"}],"about":[{"href":"https:\/\/spark-co.com\/fr-fr\/wp-json\/wp\/v2\/types\/product"}],"wp:featuredmedia":[{"embeddable":true,"href":"https:\/\/spark-co.com\/fr-fr\/wp-json\/wp\/v2\/media\/22300"}],"wp:attachment":[{"href":"https:\/\/spark-co.com\/fr-fr\/wp-json\/wp\/v2\/media?parent=22558"}],"wp:term":[{"taxonomy":"product_brand","embeddable":true,"href":"https:\/\/spark-co.com\/fr-fr\/wp-json\/wp\/v2\/product_brand?post=22558"},{"taxonomy":"product_cat","embeddable":true,"href":"https:\/\/spark-co.com\/fr-fr\/wp-json\/wp\/v2\/product_cat?post=22558"},{"taxonomy":"product_tag","embeddable":true,"href":"https:\/\/spark-co.com\/fr-fr\/wp-json\/wp\/v2\/product_tag?post=22558"}],"curies":[{"name":"wp","href":"https:\/\/api.w.org\/{rel}","templated":true}]}}