{"id":22554,"date":"2023-11-23T11:31:55","date_gmt":"2023-11-23T16:31:55","guid":{"rendered":"https:\/\/spark-co.com\/boutique\/low-power-laser-safety-curtain\/"},"modified":"2024-09-04T11:31:29","modified_gmt":"2024-09-04T15:31:29","slug":"rideau-securite-laser-basse-puissance","status":"publish","type":"product","link":"https:\/\/spark-co.com\/fr-fr\/produit\/rideau-securite-laser-basse-puissance\/","title":{"rendered":"Rideau de s\u00e9curit\u00e9 laser basse puissance"},"content":{"rendered":"<p>FLEX-GUARD Rideau de s\u00e9curit\u00e9 laser basse puissance, Sur Mesure<\/p>\n","protected":false},"excerpt":{"rendered":"<p>Rideau de s\u00e9curit\u00e9 laser basse puissance<\/p>\n","protected":false},"featured_media":22308,"template":"","meta":{"_acf_changed":false},"product_brand":[],"product_cat":[304,287,624],"product_tag":[],"class_list":{"0":"post-22554","1":"product","2":"type-product","3":"status-publish","4":"has-post-thumbnail","6":"product_cat-rideaux-de-securite-fr-fr","7":"product_cat-soudage-au-laser-fr-fr","8":"product_cat-rideaux-flexibles-fr-fr","10":"first","11":"instock","12":"purchasable","13":"product-type-simple"},"acf":[],"_links":{"self":[{"href":"https:\/\/spark-co.com\/fr-fr\/wp-json\/wp\/v2\/product\/22554","targetHints":{"allow":["GET"]}}],"collection":[{"href":"https:\/\/spark-co.com\/fr-fr\/wp-json\/wp\/v2\/product"}],"about":[{"href":"https:\/\/spark-co.com\/fr-fr\/wp-json\/wp\/v2\/types\/product"}],"wp:featuredmedia":[{"embeddable":true,"href":"https:\/\/spark-co.com\/fr-fr\/wp-json\/wp\/v2\/media\/22308"}],"wp:attachment":[{"href":"https:\/\/spark-co.com\/fr-fr\/wp-json\/wp\/v2\/media?parent=22554"}],"wp:term":[{"taxonomy":"product_brand","embeddable":true,"href":"https:\/\/spark-co.com\/fr-fr\/wp-json\/wp\/v2\/product_brand?post=22554"},{"taxonomy":"product_cat","embeddable":true,"href":"https:\/\/spark-co.com\/fr-fr\/wp-json\/wp\/v2\/product_cat?post=22554"},{"taxonomy":"product_tag","embeddable":true,"href":"https:\/\/spark-co.com\/fr-fr\/wp-json\/wp\/v2\/product_tag?post=22554"}],"curies":[{"name":"wp","href":"https:\/\/api.w.org\/{rel}","templated":true}]}}