{"id":22546,"date":"2023-11-23T11:32:02","date_gmt":"2023-11-23T16:32:02","guid":{"rendered":"https:\/\/spark-co.com\/boutique\/laser-safety-curtain-barrier\/"},"modified":"2024-09-04T11:31:09","modified_gmt":"2024-09-04T15:31:09","slug":"rideau-securite-laser","status":"publish","type":"product","link":"https:\/\/spark-co.com\/fr-fr\/produit\/rideau-securite-laser\/","title":{"rendered":"Barri\u00e8re de s\u00e9curit\u00e9 laser"},"content":{"rendered":"<p>EVER-GUARD Rideau de s\u00e9curit\u00e9 Laser sur mesure<\/p>\n","protected":false},"excerpt":{"rendered":"<p>Barri\u00e8re de s\u00e9curit\u00e9 laser<\/p>\n","protected":false},"featured_media":22324,"template":"","meta":{"_acf_changed":false},"product_brand":[],"product_cat":[304,287,622],"product_tag":[],"class_list":{"0":"post-22546","1":"product","2":"type-product","3":"status-publish","4":"has-post-thumbnail","6":"product_cat-rideaux-de-securite-fr-fr","7":"product_cat-soudage-au-laser-fr-fr","8":"product_cat-rideaux-rigides-fr-fr","10":"first","11":"instock","12":"purchasable","13":"product-type-simple"},"acf":[],"_links":{"self":[{"href":"https:\/\/spark-co.com\/fr-fr\/wp-json\/wp\/v2\/product\/22546","targetHints":{"allow":["GET"]}}],"collection":[{"href":"https:\/\/spark-co.com\/fr-fr\/wp-json\/wp\/v2\/product"}],"about":[{"href":"https:\/\/spark-co.com\/fr-fr\/wp-json\/wp\/v2\/types\/product"}],"wp:featuredmedia":[{"embeddable":true,"href":"https:\/\/spark-co.com\/fr-fr\/wp-json\/wp\/v2\/media\/22324"}],"wp:attachment":[{"href":"https:\/\/spark-co.com\/fr-fr\/wp-json\/wp\/v2\/media?parent=22546"}],"wp:term":[{"taxonomy":"product_brand","embeddable":true,"href":"https:\/\/spark-co.com\/fr-fr\/wp-json\/wp\/v2\/product_brand?post=22546"},{"taxonomy":"product_cat","embeddable":true,"href":"https:\/\/spark-co.com\/fr-fr\/wp-json\/wp\/v2\/product_cat?post=22546"},{"taxonomy":"product_tag","embeddable":true,"href":"https:\/\/spark-co.com\/fr-fr\/wp-json\/wp\/v2\/product_tag?post=22546"}],"curies":[{"name":"wp","href":"https:\/\/api.w.org\/{rel}","templated":true}]}}