{"id":22504,"date":"2023-11-23T11:32:50","date_gmt":"2023-11-23T16:32:50","guid":{"rendered":"https:\/\/spark-co.com\/boutique\/plus-power-laser-safety-barrier-6-x-7\/"},"modified":"2024-09-04T11:29:13","modified_gmt":"2024-09-04T15:29:13","slug":"barriere-securite-laser-haute-puissance-6x7","status":"publish","type":"product","link":"https:\/\/spark-co.com\/fr-fr\/produit\/barriere-securite-laser-haute-puissance-6x7\/","title":{"rendered":"Barri\u00e8re de s\u00e9curit\u00e9 laser haute puissance 1,8 m x 2,1 m"},"content":{"rendered":"<p>FLEX-GUARD Barri\u00e8re de s\u00e9curit\u00e9 Laser haute puissance, 1,8 m x 2,1 m (LxH), Base pliante<\/p>\n","protected":false},"excerpt":{"rendered":"<p>Barri\u00e8re de s\u00e9curit\u00e9 laser haute puissance 1,8 m x 2,1 m<\/p>\n","protected":false},"featured_media":22404,"template":"","meta":{"_acf_changed":false},"product_brand":[],"product_cat":[304,287,624],"product_tag":[],"class_list":{"0":"post-22504","1":"product","2":"type-product","3":"status-publish","4":"has-post-thumbnail","6":"product_cat-rideaux-de-securite-fr-fr","7":"product_cat-soudage-au-laser-fr-fr","8":"product_cat-rideaux-flexibles-fr-fr","10":"first","11":"instock","12":"purchasable","13":"product-type-simple"},"acf":[],"_links":{"self":[{"href":"https:\/\/spark-co.com\/fr-fr\/wp-json\/wp\/v2\/product\/22504","targetHints":{"allow":["GET"]}}],"collection":[{"href":"https:\/\/spark-co.com\/fr-fr\/wp-json\/wp\/v2\/product"}],"about":[{"href":"https:\/\/spark-co.com\/fr-fr\/wp-json\/wp\/v2\/types\/product"}],"wp:featuredmedia":[{"embeddable":true,"href":"https:\/\/spark-co.com\/fr-fr\/wp-json\/wp\/v2\/media\/22404"}],"wp:attachment":[{"href":"https:\/\/spark-co.com\/fr-fr\/wp-json\/wp\/v2\/media?parent=22504"}],"wp:term":[{"taxonomy":"product_brand","embeddable":true,"href":"https:\/\/spark-co.com\/fr-fr\/wp-json\/wp\/v2\/product_brand?post=22504"},{"taxonomy":"product_cat","embeddable":true,"href":"https:\/\/spark-co.com\/fr-fr\/wp-json\/wp\/v2\/product_cat?post=22504"},{"taxonomy":"product_tag","embeddable":true,"href":"https:\/\/spark-co.com\/fr-fr\/wp-json\/wp\/v2\/product_tag?post=22504"}],"curies":[{"name":"wp","href":"https:\/\/api.w.org\/{rel}","templated":true}]}}