{"id":22490,"date":"2023-11-23T11:33:00","date_gmt":"2023-11-23T16:33:00","guid":{"rendered":"https:\/\/spark-co.com\/boutique\/spark-laser-safe-booth-12x12\/"},"modified":"2024-09-04T11:28:33","modified_gmt":"2024-09-04T15:28:33","slug":"spark-cabine-securite-laser-12x12","status":"publish","type":"product","link":"https:\/\/spark-co.com\/fr-fr\/produit\/spark-cabine-securite-laser-12x12\/","title":{"rendered":"SPARK cabine de s\u00e9curit\u00e9 laser 3,7 m x 3,7 m"},"content":{"rendered":"<p>SPARK &#8211; Cabine de s\u00e9curit\u00e9 laser 3,7 m x 3,7 m , 4 c\u00f4t\u00e9s, porte simple<\/p>\n","protected":false},"excerpt":{"rendered":"<p>SPARK cabine de s\u00e9curit\u00e9 laser 3,7 m x 3,7 m<\/p>\n","protected":false},"featured_media":22424,"template":"","meta":{"_acf_changed":false},"product_brand":[],"product_cat":[304,622,287],"product_tag":[],"class_list":{"0":"post-22490","1":"product","2":"type-product","3":"status-publish","4":"has-post-thumbnail","6":"product_cat-rideaux-de-securite-fr-fr","7":"product_cat-rideaux-rigides-fr-fr","8":"product_cat-soudage-au-laser-fr-fr","10":"first","11":"instock","12":"purchasable","13":"product-type-simple"},"acf":[],"_links":{"self":[{"href":"https:\/\/spark-co.com\/fr-fr\/wp-json\/wp\/v2\/product\/22490","targetHints":{"allow":["GET"]}}],"collection":[{"href":"https:\/\/spark-co.com\/fr-fr\/wp-json\/wp\/v2\/product"}],"about":[{"href":"https:\/\/spark-co.com\/fr-fr\/wp-json\/wp\/v2\/types\/product"}],"wp:featuredmedia":[{"embeddable":true,"href":"https:\/\/spark-co.com\/fr-fr\/wp-json\/wp\/v2\/media\/22424"}],"wp:attachment":[{"href":"https:\/\/spark-co.com\/fr-fr\/wp-json\/wp\/v2\/media?parent=22490"}],"wp:term":[{"taxonomy":"product_brand","embeddable":true,"href":"https:\/\/spark-co.com\/fr-fr\/wp-json\/wp\/v2\/product_brand?post=22490"},{"taxonomy":"product_cat","embeddable":true,"href":"https:\/\/spark-co.com\/fr-fr\/wp-json\/wp\/v2\/product_cat?post=22490"},{"taxonomy":"product_tag","embeddable":true,"href":"https:\/\/spark-co.com\/fr-fr\/wp-json\/wp\/v2\/product_tag?post=22490"}],"curies":[{"name":"wp","href":"https:\/\/api.w.org\/{rel}","templated":true}]}}