{"id":22474,"date":"2023-11-23T11:33:15","date_gmt":"2023-11-23T16:33:15","guid":{"rendered":"https:\/\/spark-co.com\/boutique\/u-double-door-16x16-spark-laser-safe-booth\/"},"modified":"2024-09-04T11:27:41","modified_gmt":"2024-09-04T15:27:41","slug":"u-spark-cabine-laser-16x16-porte-double","status":"publish","type":"product","link":"https:\/\/spark-co.com\/fr-fr\/produit\/u-spark-cabine-laser-16x16-porte-double\/","title":{"rendered":"SPARK cabine de s\u00e9curit\u00e9 laser 4,9 m x 4,9 m en forme de U porte double"},"content":{"rendered":"<p>SPARK- Cabine de s\u00e9curit\u00e9 laser 4,9 m x 4,9 m en forme de U, porte double<\/p>\n","protected":false},"excerpt":{"rendered":"<p>SPARK cabine de s\u00e9curit\u00e9 laser 4,9 m x 4,9 m en forme de U porte double<\/p>\n","protected":false},"featured_media":22453,"template":"","meta":{"_acf_changed":false},"product_brand":[],"product_cat":[304,287,622],"product_tag":[],"class_list":{"0":"post-22474","1":"product","2":"type-product","3":"status-publish","4":"has-post-thumbnail","6":"product_cat-rideaux-de-securite-fr-fr","7":"product_cat-soudage-au-laser-fr-fr","8":"product_cat-rideaux-rigides-fr-fr","10":"first","11":"instock","12":"purchasable","13":"product-type-simple"},"acf":[],"_links":{"self":[{"href":"https:\/\/spark-co.com\/fr-fr\/wp-json\/wp\/v2\/product\/22474","targetHints":{"allow":["GET"]}}],"collection":[{"href":"https:\/\/spark-co.com\/fr-fr\/wp-json\/wp\/v2\/product"}],"about":[{"href":"https:\/\/spark-co.com\/fr-fr\/wp-json\/wp\/v2\/types\/product"}],"wp:featuredmedia":[{"embeddable":true,"href":"https:\/\/spark-co.com\/fr-fr\/wp-json\/wp\/v2\/media\/22453"}],"wp:attachment":[{"href":"https:\/\/spark-co.com\/fr-fr\/wp-json\/wp\/v2\/media?parent=22474"}],"wp:term":[{"taxonomy":"product_brand","embeddable":true,"href":"https:\/\/spark-co.com\/fr-fr\/wp-json\/wp\/v2\/product_brand?post=22474"},{"taxonomy":"product_cat","embeddable":true,"href":"https:\/\/spark-co.com\/fr-fr\/wp-json\/wp\/v2\/product_cat?post=22474"},{"taxonomy":"product_tag","embeddable":true,"href":"https:\/\/spark-co.com\/fr-fr\/wp-json\/wp\/v2\/product_tag?post=22474"}],"curies":[{"name":"wp","href":"https:\/\/api.w.org\/{rel}","templated":true}]}}