{"id":22255,"date":"2023-11-22T11:06:08","date_gmt":"2023-11-22T16:06:08","guid":{"rendered":"https:\/\/spark-co.com\/boutique\/laser-welding-table-50-x-30\/"},"modified":"2024-09-04T11:24:58","modified_gmt":"2024-09-04T15:24:58","slug":"laser-welding-table-50-x-30","status":"publish","type":"product","link":"https:\/\/spark-co.com\/fr-fr\/produit\/laser-welding-table-50-x-30\/","title":{"rendered":"TABLE DE SOUDAGE AU LASER 1270mm X 762mm"},"content":{"rendered":"<p>Voici notre nouvelle Table de Soudage au Laser, un incontournable pour les projets de soudage de pr\u00e9cision. Poss\u00e8dant une impressionnante surface de 130cm x 76cm, cette table de soudage est m\u00e9ticuleusement con\u00e7ue pour rehausser votre exp\u00e9rience de soudage \u00e0 de nouveaux sommets. Que vous soyez un soudeur professionnel ou un passionn\u00e9 de bricolage, cette table est con\u00e7ue pour r\u00e9pondre et d\u00e9passer vos attentes.<\/p>\n<p>La surface du dessus et les c\u00f4t\u00e9s sont perfor\u00e9s avec des trous de 16 mm, vous permettant de fixer divers dispositifs d&rsquo;assemblage et d&rsquo;outils de serrage utilisant le standard largement utilis\u00e9 de 16 mm.<\/p>\n<p>Fabriqu\u00e9e \u00e0 partir de mat\u00e9riaux de haute qualit\u00e9, la table offre une plateforme robuste et stable pour vos projets de soudage. La surface spacieuse de 127 cm x 76 cm offre amplement d&rsquo;espace pour une vari\u00e9t\u00e9 de projets, vous permettant de relever des t\u00e2ches aussi bien de petite envergure que plus importantes avec facilit\u00e9. Les dimensions g\u00e9n\u00e9reuses de la table garantissent que vous disposez de l&rsquo;espace n\u00e9cessaire pour man\u0153uvrer et positionner vos pi\u00e8ces avec pr\u00e9cision et minutie pour le soudage.<\/p>\n<p><a href=\"https:\/\/spark-co.com\/wp-content\/uploads\/2023\/11\/assy-table-spark.pdf\">Dimensions<\/a><\/p>\n","protected":false},"excerpt":{"rendered":"<p>TABLE DE SOUDAGE AU LASER 1270mm X 762mm<\/p>\n","protected":false},"featured_media":22239,"template":"","meta":{"_acf_changed":false},"product_brand":[],"product_cat":[302,287,610],"product_tag":[],"class_list":{"0":"post-22255","1":"product","2":"type-product","3":"status-publish","4":"has-post-thumbnail","6":"product_cat-tables-de-soudure-fr-fr","7":"product_cat-soudage-au-laser-fr-fr","8":"product_cat-tables-et-chariots-fr-fr","10":"first","11":"instock","12":"taxable","13":"shipping-taxable","14":"purchasable","15":"product-type-simple"},"acf":[],"_links":{"self":[{"href":"https:\/\/spark-co.com\/fr-fr\/wp-json\/wp\/v2\/product\/22255","targetHints":{"allow":["GET"]}}],"collection":[{"href":"https:\/\/spark-co.com\/fr-fr\/wp-json\/wp\/v2\/product"}],"about":[{"href":"https:\/\/spark-co.com\/fr-fr\/wp-json\/wp\/v2\/types\/product"}],"wp:featuredmedia":[{"embeddable":true,"href":"https:\/\/spark-co.com\/fr-fr\/wp-json\/wp\/v2\/media\/22239"}],"wp:attachment":[{"href":"https:\/\/spark-co.com\/fr-fr\/wp-json\/wp\/v2\/media?parent=22255"}],"wp:term":[{"taxonomy":"product_brand","embeddable":true,"href":"https:\/\/spark-co.com\/fr-fr\/wp-json\/wp\/v2\/product_brand?post=22255"},{"taxonomy":"product_cat","embeddable":true,"href":"https:\/\/spark-co.com\/fr-fr\/wp-json\/wp\/v2\/product_cat?post=22255"},{"taxonomy":"product_tag","embeddable":true,"href":"https:\/\/spark-co.com\/fr-fr\/wp-json\/wp\/v2\/product_tag?post=22255"}],"curies":[{"name":"wp","href":"https:\/\/api.w.org\/{rel}","templated":true}]}}