{"id":22116,"date":"2023-06-27T11:34:33","date_gmt":"2023-06-27T15:34:33","guid":{"rendered":"https:\/\/spark-co.com\/boutique\/premium-installation-kit\/"},"modified":"2024-09-04T11:24:33","modified_gmt":"2024-09-04T15:24:33","slug":"kit-installation-premium","status":"publish","type":"product","link":"https:\/\/spark-co.com\/fr-fr\/produit\/kit-installation-premium\/","title":{"rendered":"Ensemble d&rsquo;installation premium"},"content":{"rendered":"<p>Comprend un r\u00e9gulateur, une conduite de gaz 6 mm, un connecteur de 30 amp\u00e8res, un interrupteur de suret\u00e9, un coupeur Mig, un support pourpistolet de soudage, un paquet de 20 lentilles de rechange, une pointe de buse 1 point V 2 pour le d\u00e9vidoir, un casque de soudage et des lunettes de s\u00e9curit\u00e9<\/p>\n","protected":false},"excerpt":{"rendered":"<p>Ensemble d&rsquo;installation premium<\/p>\n","protected":false},"featured_media":22117,"template":"","meta":{"_acf_changed":false},"product_brand":[],"product_cat":[287,288,607],"product_tag":[],"class_list":{"0":"post-22116","1":"product","2":"type-product","3":"status-publish","4":"has-post-thumbnail","6":"product_cat-soudage-au-laser-fr-fr","7":"product_cat-soudage-laser-machines-fr-fr","8":"product_cat-pieces-et-accessoires-fr-fr","10":"first","11":"instock","12":"taxable","13":"shipping-taxable","14":"purchasable","15":"product-type-simple"},"acf":[],"_links":{"self":[{"href":"https:\/\/spark-co.com\/fr-fr\/wp-json\/wp\/v2\/product\/22116","targetHints":{"allow":["GET"]}}],"collection":[{"href":"https:\/\/spark-co.com\/fr-fr\/wp-json\/wp\/v2\/product"}],"about":[{"href":"https:\/\/spark-co.com\/fr-fr\/wp-json\/wp\/v2\/types\/product"}],"wp:featuredmedia":[{"embeddable":true,"href":"https:\/\/spark-co.com\/fr-fr\/wp-json\/wp\/v2\/media\/22117"}],"wp:attachment":[{"href":"https:\/\/spark-co.com\/fr-fr\/wp-json\/wp\/v2\/media?parent=22116"}],"wp:term":[{"taxonomy":"product_brand","embeddable":true,"href":"https:\/\/spark-co.com\/fr-fr\/wp-json\/wp\/v2\/product_brand?post=22116"},{"taxonomy":"product_cat","embeddable":true,"href":"https:\/\/spark-co.com\/fr-fr\/wp-json\/wp\/v2\/product_cat?post=22116"},{"taxonomy":"product_tag","embeddable":true,"href":"https:\/\/spark-co.com\/fr-fr\/wp-json\/wp\/v2\/product_tag?post=22116"}],"curies":[{"name":"wp","href":"https:\/\/api.w.org\/{rel}","templated":true}]}}