{"id":22114,"date":"2023-06-27T11:34:32","date_gmt":"2023-06-27T15:34:32","guid":{"rendered":"https:\/\/spark-co.com\/boutique\/basic-installation-kit\/"},"modified":"2024-09-04T11:24:29","modified_gmt":"2024-09-04T15:24:29","slug":"kit-installation-base","status":"publish","type":"product","link":"https:\/\/spark-co.com\/fr-fr\/produit\/kit-installation-base\/","title":{"rendered":"Ensemble d&rsquo;installation de base"},"content":{"rendered":"<p>Comprend un r\u00e9gulateur, une conduite de gaz 6 mm, un connecteur de 30 amp\u00e8res, un interrupteur de suret\u00e9, un coupeur Mig, un support pour pistolet de soudage<\/p>\n","protected":false},"excerpt":{"rendered":"<p>Ensemble d&rsquo;installation de base<\/p>\n","protected":false},"featured_media":22115,"template":"","meta":{"_acf_changed":false},"product_brand":[],"product_cat":[287,288,607],"product_tag":[],"class_list":{"0":"post-22114","1":"product","2":"type-product","3":"status-publish","4":"has-post-thumbnail","6":"product_cat-soudage-au-laser-fr-fr","7":"product_cat-soudage-laser-machines-fr-fr","8":"product_cat-pieces-et-accessoires-fr-fr","10":"first","11":"instock","12":"taxable","13":"shipping-taxable","14":"purchasable","15":"product-type-simple"},"acf":[],"_links":{"self":[{"href":"https:\/\/spark-co.com\/fr-fr\/wp-json\/wp\/v2\/product\/22114","targetHints":{"allow":["GET"]}}],"collection":[{"href":"https:\/\/spark-co.com\/fr-fr\/wp-json\/wp\/v2\/product"}],"about":[{"href":"https:\/\/spark-co.com\/fr-fr\/wp-json\/wp\/v2\/types\/product"}],"wp:featuredmedia":[{"embeddable":true,"href":"https:\/\/spark-co.com\/fr-fr\/wp-json\/wp\/v2\/media\/22115"}],"wp:attachment":[{"href":"https:\/\/spark-co.com\/fr-fr\/wp-json\/wp\/v2\/media?parent=22114"}],"wp:term":[{"taxonomy":"product_brand","embeddable":true,"href":"https:\/\/spark-co.com\/fr-fr\/wp-json\/wp\/v2\/product_brand?post=22114"},{"taxonomy":"product_cat","embeddable":true,"href":"https:\/\/spark-co.com\/fr-fr\/wp-json\/wp\/v2\/product_cat?post=22114"},{"taxonomy":"product_tag","embeddable":true,"href":"https:\/\/spark-co.com\/fr-fr\/wp-json\/wp\/v2\/product_tag?post=22114"}],"curies":[{"name":"wp","href":"https:\/\/api.w.org\/{rel}","templated":true}]}}