{"id":22061,"date":"2022-12-18T14:36:49","date_gmt":"2022-12-18T19:36:49","guid":{"rendered":"https:\/\/spark-co.com\/boutique\/ipg-lightweld-1500-xr\/"},"modified":"2025-02-21T14:24:01","modified_gmt":"2025-02-21T19:24:01","slug":"ipg-lightweld-1500-xr","status":"publish","type":"product","link":"https:\/\/spark-co.com\/fr-fr\/produit\/ipg-lightweld-1500-xr\/","title":{"rendered":"IPG LIGHTWELD 1500 XR"},"content":{"rendered":"<p>Le syst\u00e8me portable de soudage et de nettoyage au laser LightWELD XR permet d\u2019am\u00e9liorer les r\u00e9sultats de soudage du syst\u00e8me LightWELD avec ses modes de nettoyage qui \u00e9liminent rapidement et facilement les huiles, la rouille et les rev\u00eatements avant le soudage. Il \u00e9limine \u00e9galement les d\u00e9bris et la d\u00e9coloration apr\u00e8s le soudage pour donner une apparence exceptionnelle sans le temps et les d\u00e9penses qu\u2019exigent les produits abrasifs ou chimiques. Le syst\u00e8me LightWELD XR permet un soudage plus rapide et donne en permanence des r\u00e9sultats de meilleure qualit\u00e9 pour une gamme plus large de mat\u00e9riaux et d\u2019\u00e9paisseur comparativement au soudage par MIG ou par TIG avec un minimum de d\u00e9fauts de soudure (d\u00e9formation, caniveau ou per\u00e7age).<\/p>\n","protected":false},"excerpt":{"rendered":"<p>Le syst\u00e8me portable de soudage et de nettoyage au laser LightWELD XR permet d\u2019am\u00e9liorer les r\u00e9sultats de soudage du syst\u00e8me LightWELD avec ses modes de nettoyage qui \u00e9liminent rapidement et facilement les huiles, la rouille et les rev\u00eatements avant le soudage. Il \u00e9limine \u00e9galement les d\u00e9bris et la d\u00e9coloration apr\u00e8s le soudage pour donner une apparence exceptionnelle sans le temps et les d\u00e9penses qu\u2019exigent les produits abrasifs ou chimiques.<\/p>\n<p><strong>\u00a0Note : les prix en CAD sont sujets \u00e0 changement avec la variation des taux de change. Prix USD : $33,250.00.<\/strong><\/p>\n","protected":false},"featured_media":22062,"template":"","meta":{"_acf_changed":false},"product_brand":[],"product_cat":[604,287,288],"product_tag":[1100],"class_list":{"0":"post-22061","1":"product","2":"type-product","3":"status-publish","4":"has-post-thumbnail","6":"product_cat-soudeuses-laser-lightweld-fr-fr","7":"product_cat-soudage-au-laser-fr-fr","8":"product_cat-soudage-laser-machines-fr-fr","9":"product_tag-show-price-frfr","11":"first","12":"instock","13":"taxable","14":"shipping-taxable","15":"purchasable","16":"product-type-simple"},"acf":[],"_links":{"self":[{"href":"https:\/\/spark-co.com\/fr-fr\/wp-json\/wp\/v2\/product\/22061","targetHints":{"allow":["GET"]}}],"collection":[{"href":"https:\/\/spark-co.com\/fr-fr\/wp-json\/wp\/v2\/product"}],"about":[{"href":"https:\/\/spark-co.com\/fr-fr\/wp-json\/wp\/v2\/types\/product"}],"wp:featuredmedia":[{"embeddable":true,"href":"https:\/\/spark-co.com\/fr-fr\/wp-json\/wp\/v2\/media\/22062"}],"wp:attachment":[{"href":"https:\/\/spark-co.com\/fr-fr\/wp-json\/wp\/v2\/media?parent=22061"}],"wp:term":[{"taxonomy":"product_brand","embeddable":true,"href":"https:\/\/spark-co.com\/fr-fr\/wp-json\/wp\/v2\/product_brand?post=22061"},{"taxonomy":"product_cat","embeddable":true,"href":"https:\/\/spark-co.com\/fr-fr\/wp-json\/wp\/v2\/product_cat?post=22061"},{"taxonomy":"product_tag","embeddable":true,"href":"https:\/\/spark-co.com\/fr-fr\/wp-json\/wp\/v2\/product_tag?post=22061"}],"curies":[{"name":"wp","href":"https:\/\/api.w.org\/{rel}","templated":true}]}}