{"id":22057,"date":"2022-12-18T11:51:11","date_gmt":"2022-12-18T16:51:11","guid":{"rendered":"https:\/\/spark-co.com\/boutique\/ipg-lightweld-1500\/"},"modified":"2025-02-21T14:24:28","modified_gmt":"2025-02-21T19:24:28","slug":"ipg-lightweld-1500","status":"publish","type":"product","link":"https:\/\/spark-co.com\/fr-fr\/produit\/ipg-lightweld-1500\/","title":{"rendered":"IPG LightWELD 1500"},"content":{"rendered":"<p>La soudure laser portable LightWELD est facile \u00e0 apprendre, simple et rapide \u00e0 mettre en place et fournit des r\u00e9sultats de haute qualit\u00e9 constante sur une large gamme de mat\u00e9riaux et d&rsquo;\u00e9paisseurs. Offerte avec un c\u00e2ble laser 5m ou 10m.<\/p>\n","protected":false},"excerpt":{"rendered":"<p>La soudure laser portable LightWELD est facile \u00e0 apprendre, simple et rapide \u00e0 mettre en place et fournit des r\u00e9sultats de haute qualit\u00e9 constante sur une large gamme de mat\u00e9riaux et d&rsquo;\u00e9paisseurs.<\/p>\n<p><strong>\u00a0Note : les prix en CAD sont sujets \u00e0 changement avec la variation des taux de change. Prix USD : $22,750.00.<\/strong><\/p>\n","protected":false},"featured_media":22058,"template":"","meta":{"_acf_changed":false},"product_brand":[],"product_cat":[604,287,288],"product_tag":[1100],"class_list":{"0":"post-22057","1":"product","2":"type-product","3":"status-publish","4":"has-post-thumbnail","6":"product_cat-soudeuses-laser-lightweld-fr-fr","7":"product_cat-soudage-au-laser-fr-fr","8":"product_cat-soudage-laser-machines-fr-fr","9":"product_tag-show-price-frfr","11":"first","12":"instock","13":"taxable","14":"shipping-taxable","15":"purchasable","16":"product-type-simple"},"acf":[],"_links":{"self":[{"href":"https:\/\/spark-co.com\/fr-fr\/wp-json\/wp\/v2\/product\/22057","targetHints":{"allow":["GET"]}}],"collection":[{"href":"https:\/\/spark-co.com\/fr-fr\/wp-json\/wp\/v2\/product"}],"about":[{"href":"https:\/\/spark-co.com\/fr-fr\/wp-json\/wp\/v2\/types\/product"}],"wp:featuredmedia":[{"embeddable":true,"href":"https:\/\/spark-co.com\/fr-fr\/wp-json\/wp\/v2\/media\/22058"}],"wp:attachment":[{"href":"https:\/\/spark-co.com\/fr-fr\/wp-json\/wp\/v2\/media?parent=22057"}],"wp:term":[{"taxonomy":"product_brand","embeddable":true,"href":"https:\/\/spark-co.com\/fr-fr\/wp-json\/wp\/v2\/product_brand?post=22057"},{"taxonomy":"product_cat","embeddable":true,"href":"https:\/\/spark-co.com\/fr-fr\/wp-json\/wp\/v2\/product_cat?post=22057"},{"taxonomy":"product_tag","embeddable":true,"href":"https:\/\/spark-co.com\/fr-fr\/wp-json\/wp\/v2\/product_tag?post=22057"}],"curies":[{"name":"wp","href":"https:\/\/api.w.org\/{rel}","templated":true}]}}