{"id":22041,"date":"2023-06-09T15:51:20","date_gmt":"2023-06-09T19:51:20","guid":{"rendered":"https:\/\/spark-co.com\/boutique\/switch-interlock-magnetic-2-nc-10m-cable\/"},"modified":"2024-09-11T14:14:03","modified_gmt":"2024-09-11T18:14:03","slug":"interrupteur-verrouillage-magnetique-2-nc-10m-cable","status":"publish","type":"product","link":"https:\/\/spark-co.com\/fr-fr\/produit\/interrupteur-verrouillage-magnetique-2-nc-10m-cable\/","title":{"rendered":"Interrupteur de s\u00e9curit\u00e9 magn\u00e9tique \u00e0 verrouillage double, 2 contacts NC"},"content":{"rendered":"<p>Interrupteur de s\u00e9curit\u00e9 magn\u00e9tique \u00e0 verrouillage double, 2 contacts NC<\/p>\n","protected":false},"excerpt":{"rendered":"<p>Interrupteur de s\u00e9curit\u00e9 magn\u00e9tique \u00e0 verrouillage double, 2 contacts NC<\/p>\n","protected":false},"featured_media":22042,"template":"","meta":{"_acf_changed":false},"product_brand":[],"product_cat":[287,626],"product_tag":[],"class_list":{"0":"post-22041","1":"product","2":"type-product","3":"status-publish","4":"has-post-thumbnail","6":"product_cat-soudage-au-laser-fr-fr","7":"product_cat-interrupteurs-de-securite-fr-fr","9":"first","10":"instock","11":"purchasable","12":"product-type-simple"},"acf":[],"_links":{"self":[{"href":"https:\/\/spark-co.com\/fr-fr\/wp-json\/wp\/v2\/product\/22041","targetHints":{"allow":["GET"]}}],"collection":[{"href":"https:\/\/spark-co.com\/fr-fr\/wp-json\/wp\/v2\/product"}],"about":[{"href":"https:\/\/spark-co.com\/fr-fr\/wp-json\/wp\/v2\/types\/product"}],"wp:featuredmedia":[{"embeddable":true,"href":"https:\/\/spark-co.com\/fr-fr\/wp-json\/wp\/v2\/media\/22042"}],"wp:attachment":[{"href":"https:\/\/spark-co.com\/fr-fr\/wp-json\/wp\/v2\/media?parent=22041"}],"wp:term":[{"taxonomy":"product_brand","embeddable":true,"href":"https:\/\/spark-co.com\/fr-fr\/wp-json\/wp\/v2\/product_brand?post=22041"},{"taxonomy":"product_cat","embeddable":true,"href":"https:\/\/spark-co.com\/fr-fr\/wp-json\/wp\/v2\/product_cat?post=22041"},{"taxonomy":"product_tag","embeddable":true,"href":"https:\/\/spark-co.com\/fr-fr\/wp-json\/wp\/v2\/product_tag?post=22041"}],"curies":[{"name":"wp","href":"https:\/\/api.w.org\/{rel}","templated":true}]}}