{"id":22038,"date":"2023-06-09T15:51:20","date_gmt":"2023-06-09T19:51:20","guid":{"rendered":"https:\/\/spark-co.com\/boutique\/external-cable-kit-hand-welder-10m\/"},"modified":"2024-09-11T14:35:10","modified_gmt":"2024-09-11T18:35:10","slug":"cable-verrouillage-ensemble-soudage-10m","status":"publish","type":"product","link":"https:\/\/spark-co.com\/fr-fr\/produit\/cable-verrouillage-ensemble-soudage-10m\/","title":{"rendered":"Ensemble de c\u00e2ble d&rsquo;alimentation pour soudure \u00e0 main LIGHTWELD 10M [32 pieds]"},"content":{"rendered":"<p>Ensemble de c\u00e2bles d&rsquo;alimentation I\/O plus c\u00e2ble et pinces de verrouillage LIGHTWELD 10M [32 pieds]<\/p>\n","protected":false},"excerpt":{"rendered":"<p>Ensemble de c\u00e2ble d&rsquo;alimentation pour soudure \u00e0 main LIGHTWELD 10M [32 pieds]<\/p>\n","protected":false},"featured_media":22072,"template":"","meta":{"_acf_changed":false},"product_brand":[],"product_cat":[287,288,607],"product_tag":[],"class_list":{"0":"post-22038","1":"product","2":"type-product","3":"status-publish","4":"has-post-thumbnail","6":"product_cat-soudage-au-laser-fr-fr","7":"product_cat-soudage-laser-machines-fr-fr","8":"product_cat-pieces-et-accessoires-fr-fr","10":"first","11":"instock","12":"purchasable","13":"product-type-simple"},"acf":[],"_links":{"self":[{"href":"https:\/\/spark-co.com\/fr-fr\/wp-json\/wp\/v2\/product\/22038","targetHints":{"allow":["GET"]}}],"collection":[{"href":"https:\/\/spark-co.com\/fr-fr\/wp-json\/wp\/v2\/product"}],"about":[{"href":"https:\/\/spark-co.com\/fr-fr\/wp-json\/wp\/v2\/types\/product"}],"wp:featuredmedia":[{"embeddable":true,"href":"https:\/\/spark-co.com\/fr-fr\/wp-json\/wp\/v2\/media\/22072"}],"wp:attachment":[{"href":"https:\/\/spark-co.com\/fr-fr\/wp-json\/wp\/v2\/media?parent=22038"}],"wp:term":[{"taxonomy":"product_brand","embeddable":true,"href":"https:\/\/spark-co.com\/fr-fr\/wp-json\/wp\/v2\/product_brand?post=22038"},{"taxonomy":"product_cat","embeddable":true,"href":"https:\/\/spark-co.com\/fr-fr\/wp-json\/wp\/v2\/product_cat?post=22038"},{"taxonomy":"product_tag","embeddable":true,"href":"https:\/\/spark-co.com\/fr-fr\/wp-json\/wp\/v2\/product_tag?post=22038"}],"curies":[{"name":"wp","href":"https:\/\/api.w.org\/{rel}","templated":true}]}}