{"id":21969,"date":"2023-06-09T15:51:42","date_gmt":"2023-06-09T19:51:42","guid":{"rendered":"https:\/\/spark-co.com\/boutique\/laser-safety-glasses-with-wrap-round-frames\/"},"modified":"2024-09-11T14:54:56","modified_gmt":"2024-09-11T18:54:56","slug":"lunettes-securite-laser-enveloppantes","status":"publish","type":"product","link":"https:\/\/spark-co.com\/fr-fr\/produit\/lunettes-securite-laser-enveloppantes\/","title":{"rendered":"Lunettes de s\u00e9curit\u00e9 laser , KG5 LENS, 16001 enveloppante (inclus avec le syst\u00e8me)"},"content":{"rendered":"<p>Lunettes de s\u00e9curit\u00e9 laser , KG5 LENS, 16001 enveloppante (inclus avec le syst\u00e8me)<\/p>\n","protected":false},"excerpt":{"rendered":"<p>Lunettes de s\u00e9curit\u00e9 laser , KG5 LENS, 16001 enveloppante (inclus avec le syst\u00e8me)<\/p>\n","protected":false},"featured_media":21970,"template":"","meta":{"_acf_changed":false},"product_brand":[],"product_cat":[634,636,287],"product_tag":[],"class_list":{"0":"post-21969","1":"product","2":"type-product","3":"status-publish","4":"has-post-thumbnail","6":"product_cat-equipement-de-protection-fr-fr","7":"product_cat-lunettes-fr-fr","8":"product_cat-soudage-au-laser-fr-fr","10":"first","11":"instock","12":"purchasable","13":"product-type-simple"},"acf":[],"_links":{"self":[{"href":"https:\/\/spark-co.com\/fr-fr\/wp-json\/wp\/v2\/product\/21969","targetHints":{"allow":["GET"]}}],"collection":[{"href":"https:\/\/spark-co.com\/fr-fr\/wp-json\/wp\/v2\/product"}],"about":[{"href":"https:\/\/spark-co.com\/fr-fr\/wp-json\/wp\/v2\/types\/product"}],"wp:featuredmedia":[{"embeddable":true,"href":"https:\/\/spark-co.com\/fr-fr\/wp-json\/wp\/v2\/media\/21970"}],"wp:attachment":[{"href":"https:\/\/spark-co.com\/fr-fr\/wp-json\/wp\/v2\/media?parent=21969"}],"wp:term":[{"taxonomy":"product_brand","embeddable":true,"href":"https:\/\/spark-co.com\/fr-fr\/wp-json\/wp\/v2\/product_brand?post=21969"},{"taxonomy":"product_cat","embeddable":true,"href":"https:\/\/spark-co.com\/fr-fr\/wp-json\/wp\/v2\/product_cat?post=21969"},{"taxonomy":"product_tag","embeddable":true,"href":"https:\/\/spark-co.com\/fr-fr\/wp-json\/wp\/v2\/product_tag?post=21969"}],"curies":[{"name":"wp","href":"https:\/\/api.w.org\/{rel}","templated":true}]}}