{"id":21943,"date":"2023-06-09T15:51:51","date_gmt":"2023-06-09T19:51:51","guid":{"rendered":"https:\/\/spark-co.com\/boutique\/1-4-inch-gaz-line-for-ipg-light-weld\/"},"modified":"2024-09-11T10:01:59","modified_gmt":"2024-09-11T14:01:59","slug":"conduite-gaz-1-4po-ipg-light-weld","status":"publish","type":"product","link":"https:\/\/spark-co.com\/fr-fr\/produit\/conduite-gaz-1-4po-ipg-light-weld\/","title":{"rendered":"Conduite de gaz 6 mm pour IPG Light WELD"},"content":{"rendered":"<p>Conduite de gaz 6mm pour IPG Light WELD avec raccord pr\u00eat \u00e0 brancher sur tous les mod\u00e8les IPG LightWELD<\/p>\n","protected":false},"excerpt":{"rendered":"<p>Conduite de gaz 6 mm pour IPG Light WELD<\/p>\n","protected":false},"featured_media":22071,"template":"","meta":{"_acf_changed":false},"product_brand":[],"product_cat":[287,288,607],"product_tag":[],"class_list":{"0":"post-21943","1":"product","2":"type-product","3":"status-publish","4":"has-post-thumbnail","6":"product_cat-soudage-au-laser-fr-fr","7":"product_cat-soudage-laser-machines-fr-fr","8":"product_cat-pieces-et-accessoires-fr-fr","10":"first","11":"instock","12":"purchasable","13":"product-type-simple"},"acf":[],"_links":{"self":[{"href":"https:\/\/spark-co.com\/fr-fr\/wp-json\/wp\/v2\/product\/21943","targetHints":{"allow":["GET"]}}],"collection":[{"href":"https:\/\/spark-co.com\/fr-fr\/wp-json\/wp\/v2\/product"}],"about":[{"href":"https:\/\/spark-co.com\/fr-fr\/wp-json\/wp\/v2\/types\/product"}],"wp:featuredmedia":[{"embeddable":true,"href":"https:\/\/spark-co.com\/fr-fr\/wp-json\/wp\/v2\/media\/22071"}],"wp:attachment":[{"href":"https:\/\/spark-co.com\/fr-fr\/wp-json\/wp\/v2\/media?parent=21943"}],"wp:term":[{"taxonomy":"product_brand","embeddable":true,"href":"https:\/\/spark-co.com\/fr-fr\/wp-json\/wp\/v2\/product_brand?post=21943"},{"taxonomy":"product_cat","embeddable":true,"href":"https:\/\/spark-co.com\/fr-fr\/wp-json\/wp\/v2\/product_cat?post=21943"},{"taxonomy":"product_tag","embeddable":true,"href":"https:\/\/spark-co.com\/fr-fr\/wp-json\/wp\/v2\/product_tag?post=21943"}],"curies":[{"name":"wp","href":"https:\/\/api.w.org\/{rel}","templated":true}]}}