{"id":21939,"date":"2023-06-09T15:51:51","date_gmt":"2023-06-09T19:51:51","guid":{"rendered":"https:\/\/spark-co.com\/boutique\/mig-cutter-for-wire-feeder\/"},"modified":"2024-09-04T11:22:46","modified_gmt":"2024-09-04T15:22:46","slug":"coupe-fil-mig-pour-devidoir","status":"publish","type":"product","link":"https:\/\/spark-co.com\/fr-fr\/produit\/coupe-fil-mig-pour-devidoir\/","title":{"rendered":"Couteau MIG pour d\u00e9vidoir \u00e0 fil"},"content":{"rendered":"<p>Coupe-fil MIG pour d\u00e9vidoir<\/p>\n","protected":false},"excerpt":{"rendered":"<p>Couteau MIG pour d\u00e9vidoir \u00e0 fil<\/p>\n","protected":false},"featured_media":21940,"template":"","meta":{"_acf_changed":false},"product_brand":[],"product_cat":[287,652,658],"product_tag":[],"class_list":{"0":"post-21939","1":"product","2":"type-product","3":"status-publish","4":"has-post-thumbnail","6":"product_cat-soudage-au-laser-fr-fr","7":"product_cat-devidoirs-fr-fr","8":"product_cat-pieces-et-accessoires-fr-fr-3","10":"first","11":"instock","12":"purchasable","13":"product-type-simple"},"acf":[],"_links":{"self":[{"href":"https:\/\/spark-co.com\/fr-fr\/wp-json\/wp\/v2\/product\/21939","targetHints":{"allow":["GET"]}}],"collection":[{"href":"https:\/\/spark-co.com\/fr-fr\/wp-json\/wp\/v2\/product"}],"about":[{"href":"https:\/\/spark-co.com\/fr-fr\/wp-json\/wp\/v2\/types\/product"}],"wp:featuredmedia":[{"embeddable":true,"href":"https:\/\/spark-co.com\/fr-fr\/wp-json\/wp\/v2\/media\/21940"}],"wp:attachment":[{"href":"https:\/\/spark-co.com\/fr-fr\/wp-json\/wp\/v2\/media?parent=21939"}],"wp:term":[{"taxonomy":"product_brand","embeddable":true,"href":"https:\/\/spark-co.com\/fr-fr\/wp-json\/wp\/v2\/product_brand?post=21939"},{"taxonomy":"product_cat","embeddable":true,"href":"https:\/\/spark-co.com\/fr-fr\/wp-json\/wp\/v2\/product_cat?post=21939"},{"taxonomy":"product_tag","embeddable":true,"href":"https:\/\/spark-co.com\/fr-fr\/wp-json\/wp\/v2\/product_tag?post=21939"}],"curies":[{"name":"wp","href":"https:\/\/api.w.org\/{rel}","templated":true}]}}