{"id":21935,"date":"2023-06-09T15:51:51","date_gmt":"2023-06-09T19:51:51","guid":{"rendered":"https:\/\/spark-co.com\/boutique\/kua-2-s-extraction-arm-2-meter-reach\/"},"modified":"2024-09-04T11:22:42","modified_gmt":"2024-09-04T15:22:42","slug":"kua-2-s-bras-extraction-portee-2-metres","status":"publish","type":"product","link":"https:\/\/spark-co.com\/fr-fr\/produit\/kua-2-s-bras-extraction-portee-2-metres\/","title":{"rendered":"KUA-2\/S Bras d&rsquo;extraction port\u00e9e de 2 m\u00e8tres"},"content":{"rendered":"<p>Compatible avec PLY-104174 Plymovent Mod\u00e8le MobilePro PTFE<\/p>\n","protected":false},"excerpt":{"rendered":"<p>KUA-2\/S Bras d&rsquo;extraction port\u00e9e de 2 m\u00e8tres<\/p>\n","protected":false},"featured_media":21936,"template":"","meta":{"_acf_changed":false},"product_brand":[],"product_cat":[287,643,646],"product_tag":[],"class_list":{"0":"post-21935","1":"product","2":"type-product","3":"status-publish","4":"has-post-thumbnail","6":"product_cat-soudage-au-laser-fr-fr","7":"product_cat-extracteurs-de-fumee-fr-fr","8":"product_cat-extracteurs-fr-fr","10":"first","11":"instock","12":"purchasable","13":"product-type-simple"},"acf":[],"_links":{"self":[{"href":"https:\/\/spark-co.com\/fr-fr\/wp-json\/wp\/v2\/product\/21935","targetHints":{"allow":["GET"]}}],"collection":[{"href":"https:\/\/spark-co.com\/fr-fr\/wp-json\/wp\/v2\/product"}],"about":[{"href":"https:\/\/spark-co.com\/fr-fr\/wp-json\/wp\/v2\/types\/product"}],"wp:featuredmedia":[{"embeddable":true,"href":"https:\/\/spark-co.com\/fr-fr\/wp-json\/wp\/v2\/media\/21936"}],"wp:attachment":[{"href":"https:\/\/spark-co.com\/fr-fr\/wp-json\/wp\/v2\/media?parent=21935"}],"wp:term":[{"taxonomy":"product_brand","embeddable":true,"href":"https:\/\/spark-co.com\/fr-fr\/wp-json\/wp\/v2\/product_brand?post=21935"},{"taxonomy":"product_cat","embeddable":true,"href":"https:\/\/spark-co.com\/fr-fr\/wp-json\/wp\/v2\/product_cat?post=21935"},{"taxonomy":"product_tag","embeddable":true,"href":"https:\/\/spark-co.com\/fr-fr\/wp-json\/wp\/v2\/product_tag?post=21935"}],"curies":[{"name":"wp","href":"https:\/\/api.w.org\/{rel}","templated":true}]}}