{"id":21926,"date":"2023-06-09T15:51:51","date_gmt":"2023-06-09T19:51:51","guid":{"rendered":"https:\/\/spark-co.com\/boutique\/plymovent-model-mobilego-3m-116-with-3-meter\/"},"modified":"2024-09-04T11:22:25","modified_gmt":"2024-09-04T15:22:25","slug":"plymovent-modele-mobilego-3m-116-3-metre","status":"publish","type":"product","link":"https:\/\/spark-co.com\/fr-fr\/produit\/plymovent-modele-mobilego-3m-116-3-metre\/","title":{"rendered":"Plymovent Model MobileGo\/ 3m (116 )avec 3 m\u00e8tres"},"content":{"rendered":"<p>MobileGo\/ 3m \u2013 Unit\u00e9 mobile de filtration compacte avec bras d\u2019extraction flexible de 3m. Bras d\u2019extraction \u00f8 160 mm 3 m KUA bras. Unit\u00e9 de filtration des fum\u00e9es de soudage mobile et compacte MobileGo. Filtre comprenant un ventilateur int\u00e9gr\u00e9, un bras flexible. Puissance \u00e9lectrique 1,1 kW. Inclu un bras d\u2019extraction flexible EconomyArm EA-3\/S Longueur 3 m\u00e8tres Surface de filtration 15 m\u00b2 Filtre HEPA classe E12 selon EN1822: 2009 Classe de fum\u00e9e de soudage W3 selon ISO 15012-1, Filtres de rechange PLY-111637 Remplacmenet de cassette pre filtre 1 m2 PLY-111636 Rechange de cassette filtrante HEPA 26 m2<\/p>\n","protected":false},"excerpt":{"rendered":"<p>Plymovent Model MobileGo\/ 3m (116 )avec 3 m\u00e8tres<\/p>\n","protected":false},"featured_media":22065,"template":"","meta":{"_acf_changed":false},"product_brand":[],"product_cat":[643,646,287],"product_tag":[],"class_list":{"0":"post-21926","1":"product","2":"type-product","3":"status-publish","4":"has-post-thumbnail","6":"product_cat-extracteurs-de-fumee-fr-fr","7":"product_cat-extracteurs-fr-fr","8":"product_cat-soudage-au-laser-fr-fr","10":"first","11":"instock","12":"purchasable","13":"product-type-simple"},"acf":[],"_links":{"self":[{"href":"https:\/\/spark-co.com\/fr-fr\/wp-json\/wp\/v2\/product\/21926","targetHints":{"allow":["GET"]}}],"collection":[{"href":"https:\/\/spark-co.com\/fr-fr\/wp-json\/wp\/v2\/product"}],"about":[{"href":"https:\/\/spark-co.com\/fr-fr\/wp-json\/wp\/v2\/types\/product"}],"wp:featuredmedia":[{"embeddable":true,"href":"https:\/\/spark-co.com\/fr-fr\/wp-json\/wp\/v2\/media\/22065"}],"wp:attachment":[{"href":"https:\/\/spark-co.com\/fr-fr\/wp-json\/wp\/v2\/media?parent=21926"}],"wp:term":[{"taxonomy":"product_brand","embeddable":true,"href":"https:\/\/spark-co.com\/fr-fr\/wp-json\/wp\/v2\/product_brand?post=21926"},{"taxonomy":"product_cat","embeddable":true,"href":"https:\/\/spark-co.com\/fr-fr\/wp-json\/wp\/v2\/product_cat?post=21926"},{"taxonomy":"product_tag","embeddable":true,"href":"https:\/\/spark-co.com\/fr-fr\/wp-json\/wp\/v2\/product_tag?post=21926"}],"curies":[{"name":"wp","href":"https:\/\/api.w.org\/{rel}","templated":true}]}}