{"id":21922,"date":"2023-06-09T15:51:51","date_gmt":"2023-06-09T19:51:51","guid":{"rendered":"https:\/\/spark-co.com\/boutique\/monogoplus-2m-116\/"},"modified":"2024-09-04T11:22:19","modified_gmt":"2024-09-04T15:22:19","slug":"monogoplus-2m-116","status":"publish","type":"product","link":"https:\/\/spark-co.com\/fr-fr\/produit\/monogoplus-2m-116\/","title":{"rendered":"MonoGoPlus\/2m (116)"},"content":{"rendered":"<p>MonoGo Plus \u2013 Filtre stationnaire avec bras m\u00e9tallique Consommation \u00e9nerg\u00e9tique 1,1 kW comprend le bras d\u2019extraction et l\u2019\u00e9l\u00e9ment de commande. Surface de filtration 26 m\u00b2 Filtre HEPA classe E12 selon norme EN 1822:2009 Classe de fum\u00e9e de soudage W3selon ISO 15012-1 Bras d\u2019aspiration Type KUA-4 Diam\u00e8tre 160 mm Longueur 2 m Capacit\u00e9 d\u2019extraction (bras d\u2019aspiration inclus) Max. 850 m\u00b3\/h<\/p>\n","protected":false},"excerpt":{"rendered":"<p>MonoGoPlus\/2m (116)<\/p>\n","protected":false},"featured_media":21923,"template":"","meta":{"_acf_changed":false},"product_brand":[],"product_cat":[643,646,287],"product_tag":[],"class_list":{"0":"post-21922","1":"product","2":"type-product","3":"status-publish","4":"has-post-thumbnail","6":"product_cat-extracteurs-de-fumee-fr-fr","7":"product_cat-extracteurs-fr-fr","8":"product_cat-soudage-au-laser-fr-fr","10":"first","11":"instock","12":"purchasable","13":"product-type-simple"},"acf":[],"_links":{"self":[{"href":"https:\/\/spark-co.com\/fr-fr\/wp-json\/wp\/v2\/product\/21922","targetHints":{"allow":["GET"]}}],"collection":[{"href":"https:\/\/spark-co.com\/fr-fr\/wp-json\/wp\/v2\/product"}],"about":[{"href":"https:\/\/spark-co.com\/fr-fr\/wp-json\/wp\/v2\/types\/product"}],"wp:featuredmedia":[{"embeddable":true,"href":"https:\/\/spark-co.com\/fr-fr\/wp-json\/wp\/v2\/media\/21923"}],"wp:attachment":[{"href":"https:\/\/spark-co.com\/fr-fr\/wp-json\/wp\/v2\/media?parent=21922"}],"wp:term":[{"taxonomy":"product_brand","embeddable":true,"href":"https:\/\/spark-co.com\/fr-fr\/wp-json\/wp\/v2\/product_brand?post=21922"},{"taxonomy":"product_cat","embeddable":true,"href":"https:\/\/spark-co.com\/fr-fr\/wp-json\/wp\/v2\/product_cat?post=21922"},{"taxonomy":"product_tag","embeddable":true,"href":"https:\/\/spark-co.com\/fr-fr\/wp-json\/wp\/v2\/product_tag?post=21922"}],"curies":[{"name":"wp","href":"https:\/\/api.w.org\/{rel}","templated":true}]}}