{"id":21914,"date":"2023-06-09T15:52:41","date_gmt":"2023-06-09T19:52:41","guid":{"rendered":"https:\/\/spark-co.com\/boutique\/dualgoplus-3m3m-636\/"},"modified":"2024-09-04T11:22:10","modified_gmt":"2024-09-04T15:22:10","slug":"dualgoplus-3m3m-636","status":"publish","type":"product","link":"https:\/\/spark-co.com\/fr-fr\/produit\/dualgoplus-3m3m-636\/","title":{"rendered":"DualGoPlus\/3m+3m (636)"},"content":{"rendered":"<p>Extracteur de fum\u00e9es de soudage stationnaire avec ventilateur et filtre int\u00e9gr\u00e9, deux bras d\u2019extraction m\u00e9talliques. Fum\u00e9e de soudage de classe W3, selon ISO 15012-1. Tension d\u2019alimentation disponible, 230V\/1ph\/50Hz. Capacit\u00e9 d\u2019extraction (bras d\u2019aspiration inclus) max.1700 m\u00b3\/h, Vitesse du ventilateur 2800 tr\/min. Niveau sonore avec silencieux SAS-315 70 dB(A). Consommation \u00e9nerg\u00e9tique 2,2 kW Bras d\u2019aspiration Type KUA-4\/H Quantit\u00e9 2 bras Diam\u00e8tre 160 mm Longueur par bras 3 m. Pr\u00e9filtre \u00e0 cassette Surface de filtration 1 m\u00b2 Classe de filtre G4 selon EN 779 Filtre \u00e0 cassette HEPA Surface de filtration 26 m\u00b2 Filtre HEPA classe E12 selon norme EN 1822:2009. Avec r\u00e9ducteur de rectangulaire \u00e0 rond \u00d8 250 mm (10 po) pour montage sur la sortie du ventilateur.<\/p>\n","protected":false},"excerpt":{"rendered":"<p>DualGoPlus\/3m+3m (636)<\/p>\n","protected":false},"featured_media":21915,"template":"","meta":{"_acf_changed":false},"product_brand":[],"product_cat":[643,646,287],"product_tag":[],"class_list":{"0":"post-21914","1":"product","2":"type-product","3":"status-publish","4":"has-post-thumbnail","6":"product_cat-extracteurs-de-fumee-fr-fr","7":"product_cat-extracteurs-fr-fr","8":"product_cat-soudage-au-laser-fr-fr","10":"first","11":"instock","12":"purchasable","13":"product-type-simple"},"acf":[],"_links":{"self":[{"href":"https:\/\/spark-co.com\/fr-fr\/wp-json\/wp\/v2\/product\/21914","targetHints":{"allow":["GET"]}}],"collection":[{"href":"https:\/\/spark-co.com\/fr-fr\/wp-json\/wp\/v2\/product"}],"about":[{"href":"https:\/\/spark-co.com\/fr-fr\/wp-json\/wp\/v2\/types\/product"}],"wp:featuredmedia":[{"embeddable":true,"href":"https:\/\/spark-co.com\/fr-fr\/wp-json\/wp\/v2\/media\/21915"}],"wp:attachment":[{"href":"https:\/\/spark-co.com\/fr-fr\/wp-json\/wp\/v2\/media?parent=21914"}],"wp:term":[{"taxonomy":"product_brand","embeddable":true,"href":"https:\/\/spark-co.com\/fr-fr\/wp-json\/wp\/v2\/product_brand?post=21914"},{"taxonomy":"product_cat","embeddable":true,"href":"https:\/\/spark-co.com\/fr-fr\/wp-json\/wp\/v2\/product_cat?post=21914"},{"taxonomy":"product_tag","embeddable":true,"href":"https:\/\/spark-co.com\/fr-fr\/wp-json\/wp\/v2\/product_tag?post=21914"}],"curies":[{"name":"wp","href":"https:\/\/api.w.org\/{rel}","templated":true}]}}