{"id":35267,"date":"2019-01-25T11:39:08","date_gmt":"2019-01-25T16:39:08","guid":{"rendered":"https:\/\/spark-co.com\/merci\/"},"modified":"2024-09-10T11:50:07","modified_gmt":"2024-09-10T15:50:07","slug":"merci","status":"publish","type":"page","link":"https:\/\/spark-co.com\/fr-fr\/merci\/","title":{"rendered":"Merci"},"content":{"rendered":"<p>Votre demande a \u00e9t\u00e9 soumise et nous y r\u00e9pondrons d\u00e8s que possible. Merci de nous contacter.<\/p>\n<p class=\"text-center\"><a class=\"btn btn-primary\" href=\"\/fr-fr\/\">Accueil<\/a><\/p>\n","protected":false},"excerpt":{"rendered":"<p>Votre demande a \u00e9t\u00e9 soumise et nous y r\u00e9pondrons d\u00e8s que possible. Merci de nous contacter. Accueil<\/p>\n","protected":false},"author":41,"featured_media":0,"parent":0,"menu_order":0,"comment_status":"closed","ping_status":"closed","template":"","meta":{"_acf_changed":false,"footnotes":""},"class_list":["post-35267","page","type-page","status-publish","hentry"],"acf":[],"_links":{"self":[{"href":"https:\/\/spark-co.com\/fr-fr\/wp-json\/wp\/v2\/pages\/35267","targetHints":{"allow":["GET"]}}],"collection":[{"href":"https:\/\/spark-co.com\/fr-fr\/wp-json\/wp\/v2\/pages"}],"about":[{"href":"https:\/\/spark-co.com\/fr-fr\/wp-json\/wp\/v2\/types\/page"}],"author":[{"embeddable":true,"href":"https:\/\/spark-co.com\/fr-fr\/wp-json\/wp\/v2\/users\/41"}],"replies":[{"embeddable":true,"href":"https:\/\/spark-co.com\/fr-fr\/wp-json\/wp\/v2\/comments?post=35267"}],"version-history":[{"count":0,"href":"https:\/\/spark-co.com\/fr-fr\/wp-json\/wp\/v2\/pages\/35267\/revisions"}],"wp:attachment":[{"href":"https:\/\/spark-co.com\/fr-fr\/wp-json\/wp\/v2\/media?parent=35267"}],"curies":[{"name":"wp","href":"https:\/\/api.w.org\/{rel}","templated":true}]}}