{"id":31140,"date":"2020-08-18T10:30:49","date_gmt":"2020-08-18T14:30:49","guid":{"rendered":"https:\/\/spark-co.com\/contactez-nous\/"},"modified":"2025-01-24T14:24:07","modified_gmt":"2025-01-24T19:24:07","slug":"contactez-nous","status":"publish","type":"page","link":"https:\/\/spark-co.com\/fr-fr\/contactez-nous\/","title":{"rendered":"Contactez-nous"},"content":{"rendered":"\t\t<div data-elementor-type=\"wp-page\" data-elementor-id=\"31140\" class=\"elementor elementor-31140 elementor-3733\" data-elementor-post-type=\"page\">\n\t\t\t\t<div class=\"elementor-element elementor-element-3d79f75 e-con-full e-flex e-con e-parent\" data-id=\"3d79f75\" data-element_type=\"container\">\n\t\t\t\t<div class=\"elementor-element elementor-element-20931d0 elementor-widget elementor-widget-heading\" data-id=\"20931d0\" data-element_type=\"widget\" data-widget_type=\"heading.default\">\n\t\t\t\t<div class=\"elementor-widget-container\">\n\t\t\t\t\t<h1 class=\"elementor-heading-title elementor-size-default\">Contactez-nous<\/h1>\t\t\t\t<\/div>\n\t\t\t\t<\/div>\n\t\t\t\t<\/div>\n\t\t<div class=\"elementor-element elementor-element-8d33a88 e-flex e-con-boxed e-con e-parent\" data-id=\"8d33a88\" data-element_type=\"container\">\n\t\t\t\t\t<div class=\"e-con-inner\">\n\t\t<div class=\"elementor-element elementor-element-db89286 e-con-full e-flex e-con e-child\" data-id=\"db89286\" data-element_type=\"container\">\n\t\t\t\t<div class=\"elementor-element elementor-element-7226619 elementor-widget elementor-widget-heading\" data-id=\"7226619\" data-element_type=\"widget\" data-widget_type=\"heading.default\">\n\t\t\t\t<div class=\"elementor-widget-container\">\n\t\t\t\t\t<h2 class=\"elementor-heading-title elementor-size-default\">TROUVEZ NOS BUREAUX<\/h2>\t\t\t\t<\/div>\n\t\t\t\t<\/div>\n\t\t\t\t<div class=\"elementor-element elementor-element-875805d elementor-widget elementor-widget-uael-google-map\" data-id=\"875805d\" data-element_type=\"widget\" data-settings=\"{&quot;advance_marker&quot;:&quot;no&quot;,&quot;option_streeview&quot;:&quot;yes&quot;,&quot;type_control&quot;:&quot;yes&quot;,&quot;zoom_control&quot;:&quot;yes&quot;,&quot;fullscreen_control&quot;:&quot;yes&quot;}\" data-widget_type=\"uael-google-map.default\">\n\t\t\t\t<div class=\"elementor-widget-container\">\n\t\t\t\t\t\t\t<div class=\"uael-google-map-wrap\">\n\t\t\t<div id=\"uael-google-map-875805d\" class=\"uael-google-map\" data-map_options=\"{&quot;zoom&quot;:2,&quot;mapTypeId&quot;:&quot;roadmap&quot;,&quot;mapTypeControl&quot;:true,&quot;streetViewControl&quot;:true,&quot;zoomControl&quot;:true,&quot;fullscreenControl&quot;:true,&quot;gestureHandling&quot;:true}\" data-cluster=\"no\" data-cluster-attr=\"[]\" data-max-width=\"250\" data-locations=\"[[&quot;45.6412574&quot;,&quot;-73.8707657&quot;,true,&quot;Montr\\u00e9al&quot;,&quot;4900 Ambroise-Lafortune\\nBoisbriand (Qu\\u00e9bec)\\nJ7H 1S6 Canada&quot;,&quot;custom&quot;,&quot;https:\\\/\\\/spark-co.com\\\/wp-content\\\/uploads\\\/2024\\\/04\\\/map-marker.svg&quot;,30,&quot;&quot;],[&quot;49.248401&quot;,&quot;-122.7551229&quot;,true,&quot;Vancouver&quot;,&quot;#107-1750 Coast Meridian Road\\nPort Coquitlam (BC)\\nV3C 6R8 Canada&quot;,&quot;custom&quot;,&quot;https:\\\/\\\/spark-co.com\\\/wp-content\\\/uploads\\\/2024\\\/04\\\/map-marker.svg&quot;,30,&quot;&quot;],[&quot;48.7635241&quot;,&quot;5.1798503&quot;,true,&quot;Spark &amp; Co Europe&quot;,&quot;ZI de POPEY, 1 Impasse des Lettres\\nBar-le-Duc\\n55000 France&quot;,&quot;custom&quot;,&quot;https:\\\/\\\/spark-co.com\\\/wp-content\\\/uploads\\\/2024\\\/04\\\/map-marker.svg&quot;,30,&quot;&quot;],[&quot;43.405070&quot;,&quot;-80.310540&quot;,true,&quot;Cambridge&quot;,&quot;180 Sheldon Drive, Unite 6\\nCambridge (Ontario)\\nCanada   N1R 6V1&quot;,&quot;custom&quot;,&quot;https:\\\/\\\/spark-co.com\\\/wp-content\\\/uploads\\\/2024\\\/04\\\/map-marker-1.svg&quot;,30,&quot;&quot;]]\" data-animate=\"\" data-auto-center=\"center\" data-map-id=\"\" data-advance-marker=\"no\" data-custom-style=\"[\n{\n    &quot;featureType&quot;: &quot;water&quot;,\n    &quot;stylers&quot;: [\n      { &quot;color&quot;: &quot;#e1edf2&quot; }\n    ]\n  },{\n    &quot;featureType&quot;: &quot;road&quot;,\n    &quot;elementType&quot;: &quot;labels.text.fill&quot;,\n    &quot;stylers&quot;: [\n      { &quot;color&quot;: &quot;#f28f25&quot; }\n    ]\n  },{\n\t&quot;featureType&quot;: &quot;road.highway&quot;,\n\t&quot;elementType&quot;: &quot;geometry.fill&quot;,\n\t&quot;stylers&quot;: [\n\t    {\n\t      &quot;color&quot;: &quot;#f28f25&quot;\n\t    }\n\t  ]\n   },{\n    &quot;featureType&quot;: &quot;poi.park&quot;,\n    &quot;stylers&quot;: [\n      { &quot;color&quot;: &quot;#cdcdcd&quot; },\n      { &quot;gamma&quot;: 1.31 },\n      { &quot;visibility&quot;: &quot;off&quot; }\n    ]\n  },{\n    &quot;featureType&quot;: &quot;landscape&quot;,\n    &quot;stylers&quot;: [\n      { &quot;color&quot;: &quot;#ffffff&quot; }\n    ]\n  },{\n    &quot;featureType&quot;: &quot;administrative.province&quot;,\n    &quot;stylers&quot;: [\n      { &quot;visibility&quot;: &quot;off&quot; }\n    ]\n  }\n]\"><\/div>\n\t\t<\/div>\n\t\t\t\t\t\t<\/div>\n\t\t\t\t<\/div>\n\t\t\t\t<div class=\"elementor-element elementor-element-8710356 elementor-widget elementor-widget-text-editor\" data-id=\"8710356\" data-element_type=\"widget\" data-widget_type=\"text-editor.default\">\n\t\t\t\t<div class=\"elementor-widget-container\">\n\t\t\t\t\t\t\t\t\t<ul class=\"maps_list\"><li class=\"maps_list__item\"><div class=\"office\"><div class=\"row\"><div class=\"col-sm-6 \"><strong>Montr\u00e9al<\/strong><br \/>4900 Ambroise-Lafortune<br \/>Boisbriand (Qu\u00e9bec)<br \/>J7H 1S6 Canada<br \/><a class=\"itineraire\" href=\"https:\/\/www.google.com\/maps\/search\/4900+Rue+Ambroise-Lafortune,+Boisbriand,+QC+J7H+1S6\" target=\"_blank\" rel=\"noopener\">Voir l&rsquo;itin\u00e9raire<\/a><\/div><div class=\"col-sm-6\">T\u00e9l\u00e9phone: <a href=\"tel:+14504332160\">+1-450-433-2160<\/a><br \/>Sans frais: <a href=\"tel:+18667727526\">+1-866-772-7526<\/a><\/div><\/div><\/div><\/li><li class=\"maps_list__item\"><div class=\"office\"><div class=\"row\"><div class=\"col-sm-6 \"><strong>Cambridge<\/strong><br \/>180 Sheldon Drive<br \/>Cambridge (Ontario)<br \/>N1R 6V1 Canada<br \/><a class=\"itineraire\" href=\"https:\/\/www.google.com\/maps\/place\/180+Sheldon+Dr+Unit+6,+Cambridge,+ON+N1R+6V1\" target=\"_blank\" rel=\"noopener\">Voir l&rsquo;itin\u00e9raire<\/a><\/div><div class=\"col-sm-6\">T\u00e9l\u00e9phone: <a href=\"tel:+19056704333\">+1-905-670-4333<\/a><br \/>Sans frais: <a href=\"tel:+18667727526\">+1-866-772-7526<\/a><\/div><\/div><\/div><\/li><li class=\"maps_list__item\"><div class=\"office\"><div class=\"row\"><div class=\"col-sm-6 \"><strong>Vancouver<\/strong><br \/>#107-1750 Coast Meridian Road<br \/>Port Coquitlam (BC)<br \/>V3C 6R8 Canada<br \/><a class=\"itineraire\" href=\"https:\/\/www.google.com\/maps\/search\/Canada+West+Warehousing\" target=\"_blank\" rel=\"noopener\">Voir l&rsquo;itin\u00e9raire<\/a><\/div><div class=\"col-sm-6\">T\u00e9l\u00e9phone: <a href=\"tel:+18667727526\">+1-866-772-7526<\/a><br \/>Sans frais: <a href=\"tel:+18667727526\">+1-866-772-7526<\/a><\/div><\/div><\/div><\/li><li class=\"maps_list__item\"><div class=\"office\"><div class=\"row\"><div class=\"col-sm-6 \"><strong>Spark &amp; Co Europe<\/strong><br \/>ZI de POPEY, 1 Impasse des Lettres<br \/>Bar-le-Duc<br \/>55000 France<br \/><a class=\"itineraire\" href=\"https:\/\/www.google.com\/maps\/search\/Ldsa\" target=\"_blank\" rel=\"noopener\">Voir l&rsquo;itin\u00e9raire<\/a><\/div><div class=\"col-sm-6\">T\u00e9l\u00e9phone: <a href=\"tel:+33329777677\">+33 3 29 77 76 77<\/a><br \/>Fax: <a href=\"tel:+33329777377\">+33 3 29 77 73 77<\/a><\/div><\/div><\/div><\/li><\/ul>\t\t\t\t\t\t\t\t<\/div>\n\t\t\t\t<\/div>\n\t\t\t\t<\/div>\n\t\t<div class=\"elementor-element elementor-element-3ca0466 e-con-full e-flex e-con e-child\" data-id=\"3ca0466\" data-element_type=\"container\">\n\t\t\t\t<div class=\"elementor-element elementor-element-37d4129 elementor-widget elementor-widget-heading\" data-id=\"37d4129\" data-element_type=\"widget\" data-widget_type=\"heading.default\">\n\t\t\t\t<div class=\"elementor-widget-container\">\n\t\t\t\t\t<h2 class=\"elementor-heading-title elementor-size-default\">POSEZ TOUTES VOS QUESTIONS<\/h2>\t\t\t\t<\/div>\n\t\t\t\t<\/div>\n\t\t\t\t<div class=\"elementor-element elementor-element-99833b4 form-contact elementor-widget elementor-widget-shortcode\" data-id=\"99833b4\" data-element_type=\"widget\" data-widget_type=\"shortcode.default\">\n\t\t\t\t<div class=\"elementor-widget-container\">\n\t\t\t\t\t\t\t<div class=\"elementor-shortcode\">\n<div class=\"wpcf7 no-js\" id=\"wpcf7-f27213-o1\" lang=\"fr-FR\" dir=\"ltr\" data-wpcf7-id=\"27213\">\n<div class=\"screen-reader-response\"><p role=\"status\" aria-live=\"polite\" aria-atomic=\"true\"><\/p> <ul><\/ul><\/div>\n<form action=\"\/fr-fr\/wp-json\/wp\/v2\/pages\/31140#wpcf7-f27213-o1\" method=\"post\" class=\"wpcf7-form init\" aria-label=\"Formulaire de contact\" novalidate=\"novalidate\" data-status=\"init\">\n<fieldset class=\"hidden-fields-container\"><input type=\"hidden\" name=\"_wpcf7\" value=\"27213\" \/><input type=\"hidden\" name=\"_wpcf7_version\" value=\"6.1.4\" \/><input type=\"hidden\" name=\"_wpcf7_locale\" value=\"fr_FR\" \/><input type=\"hidden\" name=\"_wpcf7_unit_tag\" value=\"wpcf7-f27213-o1\" \/><input type=\"hidden\" name=\"_wpcf7_container_post\" value=\"0\" \/><input type=\"hidden\" name=\"_wpcf7_posted_data_hash\" value=\"\" \/><input type=\"hidden\" name=\"_cf7a__timestamp\" value=\"ebGiI9UTweqZLBgXiaIlEA==\" \/><input type=\"hidden\" name=\"_cf7a_hash\" value=\"9H2E6upn9HLp\" \/><input type=\"hidden\" name=\"_cf7a_version\" value=\"1.0\" \/><input type=\"hidden\" name=\"_cf7a_address\" value=\"JwlcZZCaCChXj\/ZPdiaYdw==\" \/><input type=\"hidden\" name=\"_cf7a_referer\" value=\"YADZ3t6ZBPa2F6MfelPHmA==\" \/><input type=\"hidden\" name=\"_cf7a_protocol\" value=\"5u2JbH2UAcqiIhg1BObmUQ==\" \/><input type=\"hidden\" name=\"_cf7a_bot_fingerprint\" value=\"ebGiI9UTweqZLBgXiaIlEA==\" \/><input type=\"hidden\" name=\"_cf7a_bot_fingerprint_extras\" \/><input type=\"hidden\" name=\"_cf7a_append_on_submit\" \/>\n<\/fieldset>\n<p><label><span class=\"sr-only\">Prenom Nom Contact*<\/span><span class=\"wpcf7-form-control-wrap\" data-name=\"firstname\"><input size=\"40\" maxlength=\"400\" class=\"wpcf7-form-control wpcf7-text wpcf7-validates-as-required\" aria-required=\"true\" aria-invalid=\"false\" placeholder=\"Prenom *\" value=\"\" type=\"text\" name=\"firstname\" \/><input type=\"text\" name=\"colour\" value=\"\" autocomplete=\"fill\" class=\"fit-the-fullspace\" aria-hidden=\"true\" tabindex=\"-1\" \/><\/span> <\/label>\n<\/p>\n<p><label><span class=\"sr-only\">Nom Contact*<\/span><span class=\"wpcf7-form-control-wrap\" data-name=\"lastname\"><input size=\"40\" maxlength=\"400\" class=\"wpcf7-form-control wpcf7-text wpcf7-validates-as-required\" aria-required=\"true\" aria-invalid=\"false\" placeholder=\"Nom *\" value=\"\" type=\"text\" name=\"lastname\" \/><input type=\"text\" name=\"name\" value=\"\" autocomplete=\"fill\" class=\"fit-the-fullspace\" aria-hidden=\"true\" tabindex=\"-1\" \/><\/span> <\/label>\n<\/p>\n<p><label><span class=\"sr-only\">Nom de l'entreprise*<\/span><span class=\"wpcf7-form-control-wrap\" data-name=\"company\"><input size=\"40\" maxlength=\"400\" class=\"wpcf7-form-control wpcf7-text wpcf7-validates-as-required\" aria-required=\"true\" aria-invalid=\"false\" placeholder=\"Nom de l&#039;entreprise *\" value=\"\" type=\"text\" name=\"company\" \/><input type=\"text\" name=\"email\" value=\"\" autocomplete=\"fill\" class=\"fit-the-fullspace\" aria-hidden=\"true\" tabindex=\"-1\" \/><\/span> <\/label>\n<\/p>\n<p><label><span class=\"sr-only\">Courriel*<\/span><span class=\"wpcf7-form-control-wrap\" data-name=\"email\"><input size=\"40\" maxlength=\"400\" class=\"wpcf7-form-control wpcf7-email wpcf7-validates-as-required wpcf7-text wpcf7-validates-as-email\" aria-required=\"true\" aria-invalid=\"false\" placeholder=\"Courriel *\" value=\"\" type=\"email\" name=\"email\" \/><\/span> <\/label>\n<\/p>\n<p><label><span class=\"sr-only\">Num\u00e9ro de t\u00e9l\u00e9phone*<\/span><span class=\"wpcf7-form-control-wrap\" data-name=\"phone\"><input size=\"40\" maxlength=\"400\" class=\"wpcf7-form-control wpcf7-tel wpcf7-validates-as-required wpcf7-text wpcf7-validates-as-tel\" aria-required=\"true\" aria-invalid=\"false\" placeholder=\"Num\u00e9ro de t\u00e9l\u00e9phone *\" value=\"\" type=\"tel\" name=\"phone\" \/><\/span> <\/label>\n<\/p>\n<p><label><span class=\"sr-only\">Message<\/span><span class=\"wpcf7-form-control-wrap\" data-name=\"message\"><textarea cols=\"40\" rows=\"10\" maxlength=\"2000\" class=\"wpcf7-form-control wpcf7-textarea\" aria-invalid=\"false\" placeholder=\"Message\" name=\"message\"><\/textarea><\/span> <\/label>\n<\/p>\n<div class=\"row\">\n\t<div class=\"col-6\">\n\t\t<p><input class=\"wpcf7-form-control wpcf7-submit has-spinner\" type=\"submit\" value=\"Envoyer\" \/>\n\t\t<\/p>\n\t<\/div>\n<\/div><div class=\"wpcf7-response-output\" aria-hidden=\"true\"><\/div>\n<\/form>\n<\/div>\n<\/div>\n\t\t\t\t\t\t<\/div>\n\t\t\t\t<\/div>\n\t\t\t\t<\/div>\n\t\t\t\t\t<\/div>\n\t\t\t\t<\/div>\n\t\t\t\t<\/div>\n\t\t","protected":false},"excerpt":{"rendered":"<p>Contactez-nous TROUVEZ NOS BUREAUX Montr\u00e9al4900 Ambroise-LafortuneBoisbriand (Qu\u00e9bec)J7H 1S6 CanadaVoir l&rsquo;itin\u00e9raireT\u00e9l\u00e9phone: +1-450-433-2160Sans frais: +1-866-772-7526 Cambridge180 Sheldon DriveCambridge (Ontario)N1R 6V1 CanadaVoir l&rsquo;itin\u00e9raireT\u00e9l\u00e9phone: +1-905-670-4333Sans frais: +1-866-772-7526 Vancouver#107-1750 Coast Meridian RoadPort Coquitlam (BC)V3C 6R8 CanadaVoir l&rsquo;itin\u00e9raireT\u00e9l\u00e9phone: +1-866-772-7526Sans frais: +1-866-772-7526 Spark &amp; Co EuropeZI de POPEY, 1 Impasse des LettresBar-le-Duc55000 FranceVoir l&rsquo;itin\u00e9raireT\u00e9l\u00e9phone: +33 3 29 77 76 77Fax: +33 3 [&hellip;]<\/p>\n","protected":false},"author":41,"featured_media":0,"parent":0,"menu_order":0,"comment_status":"closed","ping_status":"closed","template":"elementor_header_footer","meta":{"_acf_changed":false,"footnotes":""},"class_list":["post-31140","page","type-page","status-publish","hentry"],"acf":[],"_links":{"self":[{"href":"https:\/\/spark-co.com\/fr-fr\/wp-json\/wp\/v2\/pages\/31140","targetHints":{"allow":["GET"]}}],"collection":[{"href":"https:\/\/spark-co.com\/fr-fr\/wp-json\/wp\/v2\/pages"}],"about":[{"href":"https:\/\/spark-co.com\/fr-fr\/wp-json\/wp\/v2\/types\/page"}],"author":[{"embeddable":true,"href":"https:\/\/spark-co.com\/fr-fr\/wp-json\/wp\/v2\/users\/41"}],"replies":[{"embeddable":true,"href":"https:\/\/spark-co.com\/fr-fr\/wp-json\/wp\/v2\/comments?post=31140"}],"version-history":[{"count":0,"href":"https:\/\/spark-co.com\/fr-fr\/wp-json\/wp\/v2\/pages\/31140\/revisions"}],"wp:attachment":[{"href":"https:\/\/spark-co.com\/fr-fr\/wp-json\/wp\/v2\/media?parent=31140"}],"curies":[{"name":"wp","href":"https:\/\/api.w.org\/{rel}","templated":true}]}}