{"id":31138,"date":"2019-07-12T12:19:58","date_gmt":"2019-07-12T16:19:58","guid":{"rendered":"https:\/\/spark-co.com\/a-propos\/"},"modified":"2024-04-10T08:06:53","modified_gmt":"2024-04-10T12:06:53","slug":"a-propos","status":"publish","type":"page","link":"https:\/\/spark-co.com\/fr-fr\/a-propos\/","title":{"rendered":"\u00c0 propos"},"content":{"rendered":"\t\t<div data-elementor-type=\"wp-page\" data-elementor-id=\"31138\" class=\"elementor elementor-31138 elementor-1091\" data-elementor-post-type=\"page\">\n\t\t\t\t<div class=\"elementor-element elementor-element-51456bb e-con-full e-flex e-con e-parent\" data-id=\"51456bb\" data-element_type=\"container\" data-settings=\"{&quot;background_background&quot;:&quot;classic&quot;}\">\n\t\t\t\t<div class=\"elementor-element elementor-element-402ef2b elementor-widget elementor-widget-heading\" data-id=\"402ef2b\" data-element_type=\"widget\" data-widget_type=\"heading.default\">\n\t\t\t\t<div class=\"elementor-widget-container\">\n\t\t\t\t\t<h1 class=\"elementor-heading-title elementor-size-default\">MENEUR DE L'INDUSTRIE<\/h1>\t\t\t\t<\/div>\n\t\t\t\t<\/div>\n\t\t\t\t<div class=\"elementor-element elementor-element-96acf10 elementor-widget elementor-widget-heading\" data-id=\"96acf10\" data-element_type=\"widget\" data-widget_type=\"heading.default\">\n\t\t\t\t<div class=\"elementor-widget-container\">\n\t\t\t\t\t<h4 class=\"elementor-heading-title elementor-size-default\">EN AMERIQUE DEPUIS 2002<\/h4>\t\t\t\t<\/div>\n\t\t\t\t<\/div>\n\t\t\t\t<\/div>\n\t\t<div class=\"elementor-element elementor-element-0782cd1 e-flex e-con-boxed e-con e-parent\" data-id=\"0782cd1\" data-element_type=\"container\">\n\t\t\t\t\t<div class=\"e-con-inner\">\n\t\t<div class=\"elementor-element elementor-element-80d3f43 e-con-full e-flex e-con e-child\" data-id=\"80d3f43\" data-element_type=\"container\">\n\t\t\t\t<div class=\"elementor-element elementor-element-088a191 elementor-widget elementor-widget-text-editor\" data-id=\"088a191\" data-element_type=\"widget\" data-widget_type=\"text-editor.default\">\n\t\t\t\t<div class=\"elementor-widget-container\">\n\t\t\t\t\t\t\t\t\tDepuis sa fondation en 2002, Spark &#038; Co. s\u2019est impos\u00e9e comme la r\u00e9f\u00e9rence incontournable en Am\u00e9rique pour les solutions de soudure et de d\u00e9coupe laser. En 2024, son expertise et ses connaissances se sont implant\u00e9s en Europe, consolidant sa position de leader mondial sur deux continents.\t\t\t\t\t\t\t\t<\/div>\n\t\t\t\t<\/div>\n\t\t\t\t<div class=\"elementor-element elementor-element-af87de4 elementor-widget elementor-widget-text-editor\" data-id=\"af87de4\" data-element_type=\"widget\" data-widget_type=\"text-editor.default\">\n\t\t\t\t<div class=\"elementor-widget-container\">\n\t\t\t\t\t\t\t\t\t<p>N\u00e9e de la vision d\u2019innover dans le domaine de la soudure laser et de la d\u00e9coupe, Spark &amp; Co. est fi\u00e8re de collaborer avec le g\u00e9ant de l\u2019industrie, IPG Photonics. Notre partenariat a donn\u00e9 naissance \u00e0 une gamme de soudeuses laser de haute pr\u00e9cision, synonymes d\u2019excellence et de fiabilit\u00e9. Les mod\u00e8les LightWELD 1500, LightWELD 1500 XC, LightWELD 1500 XR, et LightWELD 2000 XR incarnent notre engagement \u00e0 fournir une technologie de pointe, adapt\u00e9e \u00e0 une multitude d\u2019applications. Que ce soit pour des d\u00e9fis industriels complexes, des travaux de production de haute vol\u00e9e ou des projets demandant une adaptabilit\u00e9 sans faille, nos \u00e9quipements IPG sont \u00e0 la fine pointe de l\u2019innovation.<\/p><p>Ces mod\u00e8les se distinguent par leurs caract\u00e9ristiques exceptionnelles : une puissance ajustable pour une vari\u00e9t\u00e9 de mat\u00e9riaux, une vitesse de soudure in\u00e9gal\u00e9e garantissant une productivit\u00e9 accrue, et une pr\u00e9cision chirurgicale assurant des joints de soudure d\u2019une qualit\u00e9 remarquable. Autant d\u2019atouts qui font de nos solutions des r\u00e9f\u00e9rences en termes de performance et de r\u00e9sultats.<\/p>\t\t\t\t\t\t\t\t<\/div>\n\t\t\t\t<\/div>\n\t\t\t\t<\/div>\n\t\t<div class=\"elementor-element elementor-element-e35bc48 e-con-full e-flex e-con e-child\" data-id=\"e35bc48\" data-element_type=\"container\">\n\t\t\t\t<div class=\"elementor-element elementor-element-eee8c74 elementor-widget elementor-widget-text-editor\" data-id=\"eee8c74\" data-element_type=\"widget\" data-widget_type=\"text-editor.default\">\n\t\t\t\t<div class=\"elementor-widget-container\">\n\t\t\t\t\t\t\t\t\t<p>L\u2019ouverture de notre division europ\u00e9enne marque un tournant strat\u00e9gique pour Spark &amp; Co., t\u00e9moignant de notre volont\u00e9 d\u2019\u00e9largir notre pr\u00e9sence globale. Cette expansion est le fruit d\u2019une ambition : apporter nos innovations et notre expertise \u00e0 un plus grand nombre, tout en s\u2019immergeant dans les tendances \u00e9mergentes et en r\u00e9pondant avec agilit\u00e9 aux exigences sp\u00e9cifiques du march\u00e9 europ\u00e9en.<\/p><p>Notre \u00e9tablissement sur ces deux continents renforce notre vocation de leader dans le secteur des solutions de soudure et de d\u00e9coupage industriels. Nous sommes enthousiastes \u00e0 l\u2019id\u00e9e de forger de nouvelles alliances et d\u2019accueillir de nouveaux clients dans cette aventure, avec pour objectif de r\u00e9volutionner ensemble l\u2019univers de la fabrication de haute pr\u00e9cision en Europe.<\/p><p>Avec Spark &amp; Co., vous avez l\u2019assurance de b\u00e9n\u00e9ficier du meilleur de la soudure et de la d\u00e9coupe laser, ainsi que des services d\u2019expert a l\u2019\u00e9chelle mondial. Notre expertise est votre atout pour relever les d\u00e9fis de demain et optimiser votre production. Spark &amp; Co. : votre partenaire de choix pour des solutions avant-gardistes et sur-mesure.<\/p>\t\t\t\t\t\t\t\t<\/div>\n\t\t\t\t<\/div>\n\t\t\t\t<\/div>\n\t\t\t\t\t<\/div>\n\t\t\t\t<\/div>\n\t\t\t\t<\/div>\n\t\t","protected":false},"excerpt":{"rendered":"<p>MENEUR DE L&rsquo;INDUSTRIE EN AMERIQUE DEPUIS 2002 Depuis sa fondation en 2002, Spark &#038; Co. s\u2019est impos\u00e9e comme la r\u00e9f\u00e9rence incontournable en Am\u00e9rique pour les solutions de soudure et de d\u00e9coupe laser. En 2024, son expertise et ses connaissances se sont implant\u00e9s en Europe, consolidant sa position de leader mondial sur deux continents. N\u00e9e de [&hellip;]<\/p>\n","protected":false},"author":41,"featured_media":0,"parent":0,"menu_order":0,"comment_status":"closed","ping_status":"closed","template":"","meta":{"_acf_changed":false,"footnotes":""},"class_list":["post-31138","page","type-page","status-publish","hentry"],"acf":[],"_links":{"self":[{"href":"https:\/\/spark-co.com\/fr-fr\/wp-json\/wp\/v2\/pages\/31138","targetHints":{"allow":["GET"]}}],"collection":[{"href":"https:\/\/spark-co.com\/fr-fr\/wp-json\/wp\/v2\/pages"}],"about":[{"href":"https:\/\/spark-co.com\/fr-fr\/wp-json\/wp\/v2\/types\/page"}],"author":[{"embeddable":true,"href":"https:\/\/spark-co.com\/fr-fr\/wp-json\/wp\/v2\/users\/41"}],"replies":[{"embeddable":true,"href":"https:\/\/spark-co.com\/fr-fr\/wp-json\/wp\/v2\/comments?post=31138"}],"version-history":[{"count":0,"href":"https:\/\/spark-co.com\/fr-fr\/wp-json\/wp\/v2\/pages\/31138\/revisions"}],"wp:attachment":[{"href":"https:\/\/spark-co.com\/fr-fr\/wp-json\/wp\/v2\/media?parent=31138"}],"curies":[{"name":"wp","href":"https:\/\/api.w.org\/{rel}","templated":true}]}}