{"id":22879,"date":"2018-10-10T19:27:25","date_gmt":"2018-10-10T17:27:25","guid":{"rendered":"https:\/\/spark-co.com\/termes-et-conditions\/"},"modified":"2024-04-15T15:11:02","modified_gmt":"2024-04-15T19:11:02","slug":"conditions-generales-de-vente","status":"publish","type":"page","link":"https:\/\/spark-co.com\/fr-fr\/conditions-generales-de-vente\/","title":{"rendered":"Conditions g\u00e9n\u00e9rales de vente"},"content":{"rendered":"\t\t<div data-elementor-type=\"wp-page\" data-elementor-id=\"22879\" class=\"elementor elementor-22879 elementor-456\" data-elementor-post-type=\"page\">\n\t\t\t\t<div class=\"elementor-element elementor-element-c48157b e-flex e-con-boxed e-con e-parent\" data-id=\"c48157b\" data-element_type=\"container\">\n\t\t\t\t\t<div class=\"e-con-inner\">\n\t\t\t\t<div class=\"elementor-element elementor-element-12342b9 elementor-widget elementor-widget-heading\" data-id=\"12342b9\" data-element_type=\"widget\" data-widget_type=\"heading.default\">\n\t\t\t\t<div class=\"elementor-widget-container\">\n\t\t\t\t\t<h3 class=\"elementor-heading-title elementor-size-default\">Conditions g\u00e9n\u00e9rales de ventes<\/h3>\t\t\t\t<\/div>\n\t\t\t\t<\/div>\n\t\t<div class=\"elementor-element elementor-element-f36fe24 e-flex e-con-boxed e-con e-child\" data-id=\"f36fe24\" data-element_type=\"container\">\n\t\t\t\t\t<div class=\"e-con-inner\">\n\t\t\t\t<div class=\"elementor-element elementor-element-46fc574 elementor-widget elementor-widget-text-editor\" data-id=\"46fc574\" data-element_type=\"widget\" data-widget_type=\"text-editor.default\">\n\t\t\t\t<div class=\"elementor-widget-container\">\n\t\t\t\t\t\t\t\t\t<p><strong><em>1 \u2013 Dispositions g\u00e9n\u00e9rales&nbsp;<\/em><\/strong><\/p>\n<p>Sauf conventions sp\u00e9ciales ayant fait l\u2019objet d\u2019une acceptation expresse de notre part, et ce par \u00e9crit, toutes les offres de fourniture de nos produits sont r\u00e9gis sans exception par les conditions g\u00e9n\u00e9rales indiqu\u00e9es ci-apr\u00e8s.<br>\nToute commande comportera de plein droit, de la part du Client, son adh\u00e9sion aux pr\u00e9sentes conditions g\u00e9n\u00e9rales.<\/p>\n<p><strong><em>2 \u2013 Commandes<\/em><\/strong><\/p>\n<p>Toute modification ou annulation ne seront accept\u00e9es que dans les 24 heures suivant la r\u00e9ception du bon de commande sur papier \u00e0 en-t\u00eate commercial.<br>\nLe contrat n\u2019est d\u00e9finitivement conclu qu\u2019apr\u00e8s acceptation expresse de la commande. Les engagements pris par nos agents et repr\u00e9sentants ne nous lient qu\u2019apr\u00e8s confirmation par la Soci\u00e9t\u00e9.<\/p>\n<p><strong><em>3 \u2013 Prix<\/em><\/strong><\/p>\n<p><span class=\"Apple-converted-space\">&nbsp;<\/span>La validit\u00e9 de nos prix est limit\u00e9e \u00e0 un mois, \u00e0 dater de l\u2019offre \u00e9crite.<br>\nCes prix sont \u00e9tablis en fonction des conditions \u00e9conomiques du jour de l\u2019offre ou de l\u2019enregistrement de la commande.<br>\nIls peuvent \u00eatre r\u00e9vis\u00e9s en fonction des variations des indices officiels et des prix de mati\u00e8re premi\u00e8re.<\/p>\n<p><strong><em>4 \u2013 D\u00e9lai<\/em><\/strong><\/p>\n<p>Les d\u00e9lais de livraison indiqu\u00e9s dans nos confirmations de commandes ne tiennent pas compte des \u00e9l\u00e9ments ind\u00e9pendants de notre volont\u00e9. Cependant, nous mettrons en \u0153uvre tous les moyens n\u00e9cessaires au respect de ceux-ci. Les retards \u00e9ventuels ne donnent pas lieu d\u2019annuler la vente, ni de refuser la commande ou de r\u00e9clamer des dommages et int\u00e9r\u00eats.<\/p>\n<p><strong><em>5 \u2013 Transport (hors livraison machine)<\/em><\/strong><\/p>\n<p>Nos marchandises sont vendues d\u00e9part usine et sont transport\u00e9es aux risques et p\u00e9rils de l\u2019acheteur, quels que soient le mode de transport ou le mode de paiement de transport (franco ou port d\u00fb).<\/p>\n<p>Si nos produits sont toutefois assur\u00e9s en valeur r\u00e9elle par nos soins pour votre compte, il est imp\u00e9ratif de v\u00e9rifier, \u00e0 la r\u00e9ception et en pr\u00e9sence du transporteur, l\u2019\u00e9tat des marchandises afin de faire les r\u00e9serves d\u2019usage* aupr\u00e8s de ce dernier sur le bordereau de livraison et sous 48 heures par lettre recommand\u00e9e avec accus\u00e9 de r\u00e9ception, et de nous faire copie dans le m\u00eame d\u00e9lai de la lettre de r\u00e9serve.<br>\n<b>* Attention : la mention \u00ab&nbsp;sous r\u00e9serve de d\u00e9ballage&nbsp;\u00bb n\u2019est jamais prise en compte par les compagnies d\u2019assurances.<\/b><\/p>\n<p><strong><em>6 \u2013 Acceptation de la marchandise<br>\n<\/em><\/strong><\/p>\n<p>Toute r\u00e9clamation sur nos produits doit nous parvenir au plus tard huit jours apr\u00e8s r\u00e9ception, par lettre recommand\u00e9e avec accus\u00e9 de r\u00e9ception, pour pouvoir \u00eatre examin\u00e9e.&nbsp;Dans tous les cas, notre responsabilit\u00e9 ne peut d\u00e9passer le remplacement de la prestation consid\u00e9r\u00e9e d\u00e9fectueuse.<\/p>\n<p><strong><em>7 \u2013&nbsp; Conditions de r\u00e8glement<br>\n<\/em><\/strong><\/p>\n<p><strong>1<sup>\u00e8re<\/sup>&nbsp;affaire : ch\u00e8que ou virement \u00e0 la commande<\/strong>&nbsp;ensuite 30 jours fin de mois le 15<span class=\"Apple-converted-space\">&nbsp;<\/span>par virement pour les affaires suivantes.<\/p>\n<p><strong><em>8 \u2013 Clause Attributive de comp\u00e9tence<br>\n<\/em><\/strong><\/p>\n<p>Toutes difficult\u00e9s n\u00e9es du pr\u00e9sent pr\u00e9contrat ou de ses suites sera de la comp\u00e9tence exclusive du Tribunal de Commerce de BAR LE DUC et ce quelles que soient les conditions g\u00e9n\u00e9rales d\u2019achat qui pourraient figurer par ailleurs.<\/p>\n<div class=\"col\">\n<div class=\"text-legal-terms\">\n<p><strong><em>9 \u2013 Clause de r\u00e9serve de propri\u00e9t\u00e9<br>\n<\/em><\/strong><\/p>\n<p>Spark &amp; Co. conserve la propri\u00e9t\u00e9 des biens vendus jusqu\u2019au paiement effectif de l\u2019int\u00e9gralit\u00e9 du prix en accessoire et principale. La simple remise d\u2019un titre cr\u00e9ant obligation de payer ne constitue pas paiement au sens de la clause. La cr\u00e9ance originaire de Spark &amp; Co. sur le client subsiste avec toutes les garanties qui y sont attach\u00e9es, y compris la r\u00e9serve de propri\u00e9t\u00e9 jusqu\u2019\u00e0 ce que ledit effet de commerce est \u00e9t\u00e9 effectivement pay\u00e9. En cas de non paiement ou de retard de paiement, Spark &amp; Co. se r\u00e9serve la possibilit\u00e9 de reprendre le mat\u00e9riel. En cas de saisi ou de toute intervention d\u2019un tiers sur les marchandises, le client devra imp\u00e9rativement en informer Spark &amp; Co. sans d\u00e9lai par lettre recommand\u00e9e ou t\u00e9l\u00e9copie avec accus\u00e9 de r\u00e9ception. L\u2019acqu\u00e9reur s\u2019interdit de vendre la marchandise ou de la donner en gage avant complet paiement \u00e0 Spark &amp; Co., Tout retard de paiement engendre une p\u00e9nalit\u00e9 au taux minimum \u00e0 une fois et demie le taux d\u2019int\u00e9r\u00eat l\u00e9gal.<\/p>\n<p><strong><em>10 \u2013&nbsp;<\/em><\/strong><b>Protection des donn\u00e9es personnelles<br>\n<\/b><\/p>\n<p>Conform\u00e9ment au R\u00e8glement 2016\/679 du 27 avril 2016 relatif \u00e0 la protection des personnes physiques \u00e0 l\u2019\u00e9gard du traitement des donn\u00e9es \u00e0 caract\u00e8re personnel et \u00e0 la libre circulation de ces donn\u00e9es, le Vendeur met en place un traitement de donn\u00e9es personnelles qui a pour finalit\u00e9 la vente et la livraison de produits et services d\u00e9finis au pr\u00e9sent contrat.<br>\nL\u2019Acheteur est inform\u00e9 des \u00e9l\u00e9ments suivants :<\/p>\n<ul>\n<li>l\u2019identit\u00e9 et les coordonn\u00e9es du responsable du traitement et, le cas \u00e9ch\u00e9ant, du repr\u00e9sentant du responsable du traitement :<span class=\"Apple-converted-space\"><br>\n<\/span>le Vendeur, tel qu\u2019indiqu\u00e9 en haut des pr\u00e9sentes CGV ;<\/li>\n<\/ul>\n<ul>\n<li>les coordonn\u00e9es du d\u00e9l\u00e9gu\u00e9 \u00e0 la protection des donn\u00e9es&nbsp;:&nbsp;<a href=\"mailto:contact@spark-co.com\">contact@spark-co.com<\/a><\/li>\n<\/ul>\n<ul>\n<li>la base juridique du traitement :<span class=\"Apple-converted-space\">&nbsp;&nbsp;<\/span>d\u2019apr\u00e8s l\u2019article L123-22 du Code de Commerce, 10 ans.<\/li>\n<\/ul>\n<ul>\n<li>les destinataires ou les cat\u00e9gories de destinataires des donn\u00e9es \u00e0 caract\u00e8re personnel, s\u2019ils existent : le responsable du traitement, ses services en charge du marketing, les services en charge de la s\u00e9curit\u00e9 informatique, le service en charge de la vente, de la livraison et de la commande, les sous-traitant intervenants dans les op\u00e9rations de livraison et de vente ainsi que toute autorit\u00e9 l\u00e9galement autoris\u00e9e \u00e0 acc\u00e9der aux donn\u00e9es personnelles en question.<\/li>\n<\/ul>\n<ul>\n<li>aucun transfert hors UE n\u2019est pr\u00e9vu<\/li>\n<\/ul>\n<ul>\n<li>la dur\u00e9e de conservation des<span class=\"Apple-converted-space\">&nbsp;&nbsp;<\/span>donn\u00e9es :<span class=\"Apple-converted-space\">&nbsp;&nbsp;<\/span>le temps de la prescription commerciale, d\u2019apr\u00e8s l\u2019article L123-22 du Code de Commerce, 10 ans.<\/li>\n<\/ul>\n<ul>\n<li>la personne concern\u00e9e dispose du droit de demander au responsable du traitement l\u2019acc\u00e8s aux donn\u00e9es \u00e0 caract\u00e8re personnel, la rectification ou l\u2019effacement de celles-ci, ou une limitation du traitement relatif \u00e0 la personne concern\u00e9e, ou du droit de s\u2019opposer au traitement et du droit \u00e0 la portabilit\u00e9 des donn\u00e9es.<\/li>\n<\/ul>\n<ul>\n<li>la personne concern\u00e9e a le droit d\u2019introduire une r\u00e9clamation aupr\u00e8s d\u2019une autorit\u00e9 de contr\u00f4le.<\/li>\n<\/ul>\n<ul>\n<li>les informations demand\u00e9es lors de la commande sont n\u00e9cessaires \u00e0 l\u2019\u00e9tablissement de la facture (obligation l\u00e9gale) et la livraison des biens command\u00e9s, sans quoi la commande ne pourra pas \u00eatre pass\u00e9e.<span class=\"Apple-converted-space\">&nbsp;<\/span><\/li>\n<\/ul>\n<p>Aucune d\u00e9cision automatis\u00e9e ou profilage n\u2019est mis en \u0153uvre au travers du processus de commande.<\/p>\n<p>Pour plus d\u2019information sur le sujet, vous pouvez consulter le site Internet de la CNIL: <a href=\"https:\/\/www.cnil.fr\/\" target=\"_blank\" rel=\"noopener\">https:\/\/www.cnil.fr\/<\/a><\/p>\n<\/div>\n<\/div>\t\t\t\t\t\t\t\t<\/div>\n\t\t\t\t<\/div>\n\t\t\t\t\t<\/div>\n\t\t\t\t<\/div>\n\t\t\t\t\t<\/div>\n\t\t\t\t<\/div>\n\t\t\t\t<\/div>\n\t\t","protected":false},"excerpt":{"rendered":"<p>Conditions g\u00e9n\u00e9rales de ventes 1 \u2013 Dispositions g\u00e9n\u00e9rales&nbsp; Sauf conventions sp\u00e9ciales ayant fait l\u2019objet d\u2019une acceptation expresse de notre part, et ce par \u00e9crit, toutes les offres de fourniture de nos produits sont r\u00e9gis sans exception par les conditions g\u00e9n\u00e9rales indiqu\u00e9es ci-apr\u00e8s. Toute commande comportera de plein droit, de la part du Client, son adh\u00e9sion [&hellip;]<\/p>\n","protected":false},"author":41,"featured_media":0,"parent":0,"menu_order":0,"comment_status":"closed","ping_status":"closed","template":"","meta":{"_acf_changed":false,"footnotes":""},"class_list":["post-22879","page","type-page","status-publish","hentry"],"acf":[],"_links":{"self":[{"href":"https:\/\/spark-co.com\/fr-fr\/wp-json\/wp\/v2\/pages\/22879","targetHints":{"allow":["GET"]}}],"collection":[{"href":"https:\/\/spark-co.com\/fr-fr\/wp-json\/wp\/v2\/pages"}],"about":[{"href":"https:\/\/spark-co.com\/fr-fr\/wp-json\/wp\/v2\/types\/page"}],"author":[{"embeddable":true,"href":"https:\/\/spark-co.com\/fr-fr\/wp-json\/wp\/v2\/users\/41"}],"replies":[{"embeddable":true,"href":"https:\/\/spark-co.com\/fr-fr\/wp-json\/wp\/v2\/comments?post=22879"}],"version-history":[{"count":0,"href":"https:\/\/spark-co.com\/fr-fr\/wp-json\/wp\/v2\/pages\/22879\/revisions"}],"wp:attachment":[{"href":"https:\/\/spark-co.com\/fr-fr\/wp-json\/wp\/v2\/media?parent=22879"}],"curies":[{"name":"wp","href":"https:\/\/api.w.org\/{rel}","templated":true}]}}