{"id":22112,"date":"2018-10-10T18:51:15","date_gmt":"2018-10-10T16:51:15","guid":{"rendered":"https:\/\/spark-co.com\/industries\/medicale\/"},"modified":"2024-04-23T09:08:01","modified_gmt":"2024-04-23T13:08:01","slug":"medicale","status":"publish","type":"page","link":"https:\/\/spark-co.com\/fr-fr\/industries\/medicale\/","title":{"rendered":"M\u00e9dicale"},"content":{"rendered":"\t\t<div data-elementor-type=\"wp-page\" data-elementor-id=\"22112\" class=\"elementor elementor-22112 elementor-444\" data-elementor-post-type=\"page\">\n\t\t\t\t\t\t<section class=\"elementor-section elementor-top-section elementor-element elementor-element-1991d84 elementor-section-full_width elementor-section-height-default elementor-section-height-default\" data-id=\"1991d84\" data-element_type=\"section\">\n\t\t\t\t\t\t<div class=\"elementor-container elementor-column-gap-default\">\n\t\t\t\t\t<div class=\"elementor-column elementor-col-100 elementor-top-column elementor-element elementor-element-5b19e9f\" data-id=\"5b19e9f\" data-element_type=\"column\">\n\t\t\t<div class=\"elementor-widget-wrap elementor-element-populated\">\n\t\t\t\t<div class=\"elementor-element elementor-element-c201650 e-con-full e-flex e-con e-parent\" data-id=\"c201650\" data-element_type=\"container\" data-settings=\"{&quot;background_background&quot;:&quot;classic&quot;}\">\n\t\t\t\t<div class=\"elementor-element elementor-element-a9dc6e6 elementor-widget elementor-widget-heading\" data-id=\"a9dc6e6\" data-element_type=\"widget\" data-widget_type=\"heading.default\">\n\t\t\t\t<div class=\"elementor-widget-container\">\n\t\t\t\t\t<h1 class=\"elementor-heading-title elementor-size-default\">INDUSTRIE M\u00c9DICALE<\/h1>\t\t\t\t<\/div>\n\t\t\t\t<\/div>\n\t\t\t\t<\/div>\n\t\t\t\t\t<\/div>\n\t\t<\/div>\n\t\t\t\t\t<\/div>\n\t\t<\/section>\n\t\t<div class=\"elementor-element elementor-element-93b1e05 e-flex e-con-boxed e-con e-parent\" data-id=\"93b1e05\" data-element_type=\"container\">\n\t\t\t\t\t<div class=\"e-con-inner\">\n\t\t<div class=\"elementor-element elementor-element-7100808 e-con-full e-flex e-con e-child\" data-id=\"7100808\" data-element_type=\"container\">\n\t\t\t\t<div class=\"elementor-element elementor-element-5e9d057 elementor-widget elementor-widget-text-editor\" data-id=\"5e9d057\" data-element_type=\"widget\" data-widget_type=\"text-editor.default\">\n\t\t\t\t<div class=\"elementor-widget-container\">\n\t\t\t\t\t\t\t\t\tLa fabrication dans le domaine m\u00e9dical \u00e9volue constamment. Spark &#038; Co. se situe \u00e0 l\u2019avant-garde des nouvelles technologies gr\u00e2ce \u00e0 des machines fiables, con\u00e7ues pour fonctionner dans un environnement propre, de haute pr\u00e9cision et exigeant des tol\u00e9rances extr\u00eamement serr\u00e9es. Notre \u00e9quipement de tournage et de fraisage \u00e0 contr\u00f4le num\u00e9rique convient parfaitement aux applications m\u00e9dicales, depuis les composants orthop\u00e9diques, dentaires ou orthodontiques jusqu\u2019aux vis \u00e0 os faites de diverses classes d\u2019acier inoxydable et de titane. Notamment, notre machine hybride de frittage laser \u00e0 m\u00e9taux et de fraisage \u00e0 contr\u00f4le num\u00e9rique LUMEX Avance-25\t\t\t\t\t\t\t\t<\/div>\n\t\t\t\t<\/div>\n\t\t\t\t<\/div>\n\t\t<div class=\"elementor-element elementor-element-c08385d e-con-full e-flex e-con e-child\" data-id=\"c08385d\" data-element_type=\"container\">\n\t\t\t\t<div class=\"elementor-element elementor-element-a1069a7 elementor-widget elementor-widget-text-editor\" data-id=\"a1069a7\" data-element_type=\"widget\" data-widget_type=\"text-editor.default\">\n\t\t\t\t<div class=\"elementor-widget-container\">\n\t\t\t\t\t\t\t\t\toffre des possibilit\u00e9s in\u00e9gal\u00e9es de fabrication 3D en r\u00e9alisant des formes complexes que l\u2019on consid\u00e9rait comme impossibles auparavant. L\u2019incroyable pr\u00e9cision de 0,0001 po de la r\u00e9p\u00e9tabilit\u00e9 rendue possible par la machine de d\u00e9coupage au jet d\u2019eau MicroMAX d\u2019OMAX est non seulement une premi\u00e8re dans l\u2019industrie, mais elle ouvre aussi une nouvelle avenue dans le micro-usinage des alliages durs, y compris les c\u00e9ramiques. Pour tout ce qui touche la fabrication additive de pi\u00e8ces en titane, le micro-usinage, la technologie EDM de tournage et br\u00fblage 5 axes de super-pr\u00e9cision et le fraisage 5 axes haute performance \u00e0 temp\u00e9rature contr\u00f4l\u00e9e, choisissez Spark &#038; Co.!\t\t\t\t\t\t\t\t<\/div>\n\t\t\t\t<\/div>\n\t\t\t\t<\/div>\n\t\t\t\t\t<\/div>\n\t\t\t\t<\/div>\n\t\t<div class=\"elementor-element elementor-element-92ab620 e-flex e-con-boxed e-con e-parent\" data-id=\"92ab620\" data-element_type=\"container\">\n\t\t\t\t\t<div class=\"e-con-inner\">\n\t\t<div class=\"elementor-element elementor-element-8cbe2a5 e-con-full e-flex e-con e-child\" data-id=\"8cbe2a5\" data-element_type=\"container\" data-settings=\"{&quot;background_background&quot;:&quot;classic&quot;}\">\n\t\t\t\t<div class=\"elementor-element elementor-element-b4bc775 elementor-widget elementor-widget-text-editor\" data-id=\"b4bc775\" data-element_type=\"widget\" data-widget_type=\"text-editor.default\">\n\t\t\t\t<div class=\"elementor-widget-container\">\n\t\t\t\t\t\t\t\t\tVOIR NOS MACHINES\t\t\t\t\t\t\t\t<\/div>\n\t\t\t\t<\/div>\n\t\t\t\t<div class=\"elementor-element elementor-element-a664433 elementor-widget elementor-widget-text-editor\" data-id=\"a664433\" data-element_type=\"widget\" data-widget_type=\"text-editor.default\">\n\t\t\t\t<div class=\"elementor-widget-container\">\n\t\t\t\t\t\t\t\t\tGamme compl\u00e8te de machines de fabrication, \u00e9lectro\u00e9rosion, Fabrication additive, CNC, centre d\u2019usinage et tour \u00e0 contr\u00f4le num\u00e9rique.\t\t\t\t\t\t\t\t<\/div>\n\t\t\t\t<\/div>\n\t\t\t\t<div class=\"elementor-element elementor-element-2cb74c7 btn-primary btn-lg elementor-widget elementor-widget-button\" data-id=\"2cb74c7\" data-element_type=\"widget\" data-widget_type=\"button.default\">\n\t\t\t\t<div class=\"elementor-widget-container\">\n\t\t\t\t\t\t\t\t\t<div class=\"elementor-button-wrapper\">\n\t\t\t\t\t<a class=\"elementor-button elementor-button-link elementor-size-sm\" href=\"https:\/\/spark-co.com\/fr-fr\/machines-accessoires\/soudage-au-laser-fr-fr\/\">\n\t\t\t\t\t\t<span class=\"elementor-button-content-wrapper\">\n\t\t\t\t\t\t\t\t\t<span class=\"elementor-button-text\">LES VOIR MAINTENANT<\/span>\n\t\t\t\t\t<\/span>\n\t\t\t\t\t<\/a>\n\t\t\t\t<\/div>\n\t\t\t\t\t\t\t\t<\/div>\n\t\t\t\t<\/div>\n\t\t\t\t<\/div>\n\t\t<div class=\"elementor-element elementor-element-ac30184 e-con-full e-flex e-con e-child\" data-id=\"ac30184\" data-element_type=\"container\" data-settings=\"{&quot;background_background&quot;:&quot;classic&quot;}\">\n\t\t\t\t<div class=\"elementor-element elementor-element-8494220 elementor-widget__width-initial elementor-widget-mobile__width-inherit elementor-widget elementor-widget-text-editor\" data-id=\"8494220\" data-element_type=\"widget\" data-widget_type=\"text-editor.default\">\n\t\t\t\t<div class=\"elementor-widget-container\">\n\t\t\t\t\t\t\t\t\tEN APPRENDRE PLUS SUR NOS TECHNOLOGIES\t\t\t\t\t\t\t\t<\/div>\n\t\t\t\t<\/div>\n\t\t\t\t<div class=\"elementor-element elementor-element-d66603f elementor-widget elementor-widget-text-editor\" data-id=\"d66603f\" data-element_type=\"widget\" data-widget_type=\"text-editor.default\">\n\t\t\t\t<div class=\"elementor-widget-container\">\n\t\t\t\t\t\t\t\t\tGamme compl\u00e8te de machines de fabrication, \u00e9lectro\u00e9rosion, Fabrication additive, CNC, centre d\u2019usinage et tour \u00e0 contr\u00f4le num\u00e9rique.\t\t\t\t\t\t\t\t<\/div>\n\t\t\t\t<\/div>\n\t\t\t\t<div class=\"elementor-element elementor-element-db3fbd1 btn-primary btn-lg elementor-widget elementor-widget-button\" data-id=\"db3fbd1\" data-element_type=\"widget\" data-widget_type=\"button.default\">\n\t\t\t\t<div class=\"elementor-widget-container\">\n\t\t\t\t\t\t\t\t\t<div class=\"elementor-button-wrapper\">\n\t\t\t\t\t<a class=\"elementor-button elementor-button-link elementor-size-sm\" href=\"https:\/\/spark-co.com\/fr-fr\/contactez-nous\/\">\n\t\t\t\t\t\t<span class=\"elementor-button-content-wrapper\">\n\t\t\t\t\t\t\t\t\t<span class=\"elementor-button-text\">CONTACTEZ-NOUS<\/span>\n\t\t\t\t\t<\/span>\n\t\t\t\t\t<\/a>\n\t\t\t\t<\/div>\n\t\t\t\t\t\t\t\t<\/div>\n\t\t\t\t<\/div>\n\t\t\t\t<\/div>\n\t\t\t\t\t<\/div>\n\t\t\t\t<\/div>\n\t\t\t\t<\/div>\n\t\t","protected":false},"excerpt":{"rendered":"<p>INDUSTRIE M\u00c9DICALE La fabrication dans le domaine m\u00e9dical \u00e9volue constamment. Spark &#038; Co. se situe \u00e0 l\u2019avant-garde des nouvelles technologies gr\u00e2ce \u00e0 des machines fiables, con\u00e7ues pour fonctionner dans un environnement propre, de haute pr\u00e9cision et exigeant des tol\u00e9rances extr\u00eamement serr\u00e9es. Notre \u00e9quipement de tournage et de fraisage \u00e0 contr\u00f4le num\u00e9rique convient parfaitement aux applications [&hellip;]<\/p>\n","protected":false},"author":41,"featured_media":0,"parent":22091,"menu_order":0,"comment_status":"closed","ping_status":"closed","template":"elementor_header_footer","meta":{"_acf_changed":false,"footnotes":""},"class_list":["post-22112","page","type-page","status-publish","hentry"],"acf":[],"_links":{"self":[{"href":"https:\/\/spark-co.com\/fr-fr\/wp-json\/wp\/v2\/pages\/22112","targetHints":{"allow":["GET"]}}],"collection":[{"href":"https:\/\/spark-co.com\/fr-fr\/wp-json\/wp\/v2\/pages"}],"about":[{"href":"https:\/\/spark-co.com\/fr-fr\/wp-json\/wp\/v2\/types\/page"}],"author":[{"embeddable":true,"href":"https:\/\/spark-co.com\/fr-fr\/wp-json\/wp\/v2\/users\/41"}],"replies":[{"embeddable":true,"href":"https:\/\/spark-co.com\/fr-fr\/wp-json\/wp\/v2\/comments?post=22112"}],"version-history":[{"count":0,"href":"https:\/\/spark-co.com\/fr-fr\/wp-json\/wp\/v2\/pages\/22112\/revisions"}],"up":[{"embeddable":true,"href":"https:\/\/spark-co.com\/fr-fr\/wp-json\/wp\/v2\/pages\/22091"}],"wp:attachment":[{"href":"https:\/\/spark-co.com\/fr-fr\/wp-json\/wp\/v2\/media?parent=22112"}],"curies":[{"name":"wp","href":"https:\/\/api.w.org\/{rel}","templated":true}]}}