{"id":22110,"date":"2018-10-10T19:25:53","date_gmt":"2018-10-10T17:25:53","guid":{"rendered":"https:\/\/spark-co.com\/industries\/institutionnelle\/"},"modified":"2024-04-23T09:09:32","modified_gmt":"2024-04-23T13:09:32","slug":"institutionnelle","status":"publish","type":"page","link":"https:\/\/spark-co.com\/fr-fr\/industries\/institutionnelle\/","title":{"rendered":"Institutionnelle"},"content":{"rendered":"\t\t<div data-elementor-type=\"wp-page\" data-elementor-id=\"22110\" class=\"elementor elementor-22110 elementor-450\" data-elementor-post-type=\"page\">\n\t\t\t\t\t\t<section class=\"elementor-section elementor-top-section elementor-element elementor-element-ac8f03c elementor-section-full_width elementor-section-height-default elementor-section-height-default\" data-id=\"ac8f03c\" data-element_type=\"section\">\n\t\t\t\t\t\t<div class=\"elementor-container elementor-column-gap-default\">\n\t\t\t\t\t<div class=\"elementor-column elementor-col-100 elementor-top-column elementor-element elementor-element-b367781\" data-id=\"b367781\" data-element_type=\"column\">\n\t\t\t<div class=\"elementor-widget-wrap elementor-element-populated\">\n\t\t\t\t<div class=\"elementor-element elementor-element-ac50536 e-con-full e-flex e-con e-parent\" data-id=\"ac50536\" data-element_type=\"container\" data-settings=\"{&quot;background_background&quot;:&quot;classic&quot;}\">\n\t\t\t\t<div class=\"elementor-element elementor-element-80002b3 elementor-widget elementor-widget-heading\" data-id=\"80002b3\" data-element_type=\"widget\" data-widget_type=\"heading.default\">\n\t\t\t\t<div class=\"elementor-widget-container\">\n\t\t\t\t\t<h1 class=\"elementor-heading-title elementor-size-default\">INDUSTRIE INSTITUTIONNELLE<\/h1>\t\t\t\t<\/div>\n\t\t\t\t<\/div>\n\t\t\t\t<\/div>\n\t\t\t\t\t<\/div>\n\t\t<\/div>\n\t\t\t\t\t<\/div>\n\t\t<\/section>\n\t\t<div class=\"elementor-element elementor-element-1ef62a8 e-flex e-con-boxed e-con e-parent\" data-id=\"1ef62a8\" data-element_type=\"container\">\n\t\t\t\t\t<div class=\"e-con-inner\">\n\t\t<div class=\"elementor-element elementor-element-db4ff83 e-con-full e-flex e-con e-child\" data-id=\"db4ff83\" data-element_type=\"container\">\n\t\t\t\t<div class=\"elementor-element elementor-element-de2c843 elementor-widget elementor-widget-text-editor\" data-id=\"de2c843\" data-element_type=\"widget\" data-widget_type=\"text-editor.default\">\n\t\t\t\t<div class=\"elementor-widget-container\">\n\t\t\t\t\t\t\t\t\tDe nombreux coll\u00e8ges et universit\u00e9s, tout comme des organismes gouvernementaux de tous les \u00e9chelons, comptent sur les machines \u00e0 contr\u00f4le num\u00e9rique fournies par Spark &#038; Co. pour combler leurs besoins en mati\u00e8re de fabrication et de recherche. Nous offrons des solutions cl\u00e9 en main, accompagn\u00e9es de soutien technique, de mat\u00e9riel de formation et de services \u00e9ducatifs, \u00e0 des organismes sans but lucratif dans l\u2019ensemble du Canada. Fort probablement le moyen de d\u00e9coupage de forme le plus polyvalent sur le march\u00e9, les syst\u00e8mes de d\u00e9coupage au jet d\u2019eau \u00e0 contr\u00f4le num\u00e9rique sont de plus en plus pr\u00e9sents dans les \u00e9tablissements d\u2019enseignement, les laboratoires gouvernementaux et les installations de recherche.\t\t\t\t\t\t\t\t<\/div>\n\t\t\t\t<\/div>\n\t\t\t\t<\/div>\n\t\t<div class=\"elementor-element elementor-element-6a06ded e-con-full e-flex e-con e-child\" data-id=\"6a06ded\" data-element_type=\"container\">\n\t\t\t\t<div class=\"elementor-element elementor-element-fa51b69 elementor-widget elementor-widget-text-editor\" data-id=\"fa51b69\" data-element_type=\"widget\" data-widget_type=\"text-editor.default\">\n\t\t\t\t<div class=\"elementor-widget-container\">\n\t\t\t\t\t\t\t\t\tPar cons\u00e9quent, les \u00e9tudiants d\u00e9couvrent rapidement que les machines \u00e0 contr\u00f4le num\u00e9rique sont des outils fiables et s\u00e9curitaires. Parall\u00e8lement, les scientifiques, les machinistes et le personnel technique du secteur public sont en mesure de d\u00e9couper pratiquement n\u2019importe quel mat\u00e9riau \u00e0 n\u2019importe quelle \u00e9paisseur, de fa\u00e7on fiable et s\u00e9curitaire, sans avoir recours \u00e0 des montages complexes. Si les tol\u00e9rances requises exigent la pr\u00e9cision de machines EDM ou de fraisage \u00e0 contr\u00f4le num\u00e9rique, notre gamme de machines EDM de Mitsubishi est toute d\u00e9sign\u00e9e pour relever le d\u00e9fi. Conviviale et hautement efficace, l\u2019interface enti\u00e8rement graphique de Mitsubishi permet aux \u00e9tudiants, aux machinistes, aux formateurs et aux scientifiques du secteur institutionnel d\u2019atteindre de nouveaux sommets dans l\u2019excellence.\t\t\t\t\t\t\t\t<\/div>\n\t\t\t\t<\/div>\n\t\t\t\t<\/div>\n\t\t\t\t\t<\/div>\n\t\t\t\t<\/div>\n\t\t<div class=\"elementor-element elementor-element-af5d34e e-flex e-con-boxed e-con e-parent\" data-id=\"af5d34e\" data-element_type=\"container\">\n\t\t\t\t\t<div class=\"e-con-inner\">\n\t\t<div class=\"elementor-element elementor-element-c8fe688 e-con-full e-flex e-con e-child\" data-id=\"c8fe688\" data-element_type=\"container\" data-settings=\"{&quot;background_background&quot;:&quot;classic&quot;}\">\n\t\t\t\t<div class=\"elementor-element elementor-element-acf4b79 elementor-widget elementor-widget-text-editor\" data-id=\"acf4b79\" data-element_type=\"widget\" data-widget_type=\"text-editor.default\">\n\t\t\t\t<div class=\"elementor-widget-container\">\n\t\t\t\t\t\t\t\t\tVOIR NOS MACHINES\t\t\t\t\t\t\t\t<\/div>\n\t\t\t\t<\/div>\n\t\t\t\t<div class=\"elementor-element elementor-element-3a84a0b elementor-widget elementor-widget-text-editor\" data-id=\"3a84a0b\" data-element_type=\"widget\" data-widget_type=\"text-editor.default\">\n\t\t\t\t<div class=\"elementor-widget-container\">\n\t\t\t\t\t\t\t\t\tGamme compl\u00e8te de machines de fabrication, \u00e9lectro\u00e9rosion, Fabrication additive, CNC, centre d\u2019usinage et tour \u00e0 contr\u00f4le num\u00e9rique.\t\t\t\t\t\t\t\t<\/div>\n\t\t\t\t<\/div>\n\t\t\t\t<div class=\"elementor-element elementor-element-f8fa1ad btn-primary btn-lg elementor-widget elementor-widget-button\" data-id=\"f8fa1ad\" data-element_type=\"widget\" data-widget_type=\"button.default\">\n\t\t\t\t<div class=\"elementor-widget-container\">\n\t\t\t\t\t\t\t\t\t<div class=\"elementor-button-wrapper\">\n\t\t\t\t\t<a class=\"elementor-button elementor-button-link elementor-size-sm\" href=\"https:\/\/spark-co.com\/fr-fr\/machines-accessoires\/soudage-au-laser-fr-fr\/\">\n\t\t\t\t\t\t<span class=\"elementor-button-content-wrapper\">\n\t\t\t\t\t\t\t\t\t<span class=\"elementor-button-text\">LES VOIR MAINTENANT<\/span>\n\t\t\t\t\t<\/span>\n\t\t\t\t\t<\/a>\n\t\t\t\t<\/div>\n\t\t\t\t\t\t\t\t<\/div>\n\t\t\t\t<\/div>\n\t\t\t\t<\/div>\n\t\t<div class=\"elementor-element elementor-element-500a4b2 e-con-full e-flex e-con e-child\" data-id=\"500a4b2\" data-element_type=\"container\" data-settings=\"{&quot;background_background&quot;:&quot;classic&quot;}\">\n\t\t\t\t<div class=\"elementor-element elementor-element-2d33bf0 elementor-widget__width-initial elementor-widget-mobile__width-inherit elementor-widget elementor-widget-text-editor\" data-id=\"2d33bf0\" data-element_type=\"widget\" data-widget_type=\"text-editor.default\">\n\t\t\t\t<div class=\"elementor-widget-container\">\n\t\t\t\t\t\t\t\t\tEN APPRENDRE PLUS SUR NOS TECHNOLOGIES\t\t\t\t\t\t\t\t<\/div>\n\t\t\t\t<\/div>\n\t\t\t\t<div class=\"elementor-element elementor-element-a4faf9b elementor-widget elementor-widget-text-editor\" data-id=\"a4faf9b\" data-element_type=\"widget\" data-widget_type=\"text-editor.default\">\n\t\t\t\t<div class=\"elementor-widget-container\">\n\t\t\t\t\t\t\t\t\tGamme compl\u00e8te de machines de fabrication, \u00e9lectro\u00e9rosion, Fabrication additive, CNC, centre d\u2019usinage et tour \u00e0 contr\u00f4le num\u00e9rique.\t\t\t\t\t\t\t\t<\/div>\n\t\t\t\t<\/div>\n\t\t\t\t<div class=\"elementor-element elementor-element-556149b btn-primary btn-lg elementor-widget elementor-widget-button\" data-id=\"556149b\" data-element_type=\"widget\" data-widget_type=\"button.default\">\n\t\t\t\t<div class=\"elementor-widget-container\">\n\t\t\t\t\t\t\t\t\t<div class=\"elementor-button-wrapper\">\n\t\t\t\t\t<a class=\"elementor-button elementor-button-link elementor-size-sm\" href=\"https:\/\/spark-co.com\/fr-fr\/contactez-nous\/\">\n\t\t\t\t\t\t<span class=\"elementor-button-content-wrapper\">\n\t\t\t\t\t\t\t\t\t<span class=\"elementor-button-text\">CONTACTEZ-NOUS<\/span>\n\t\t\t\t\t<\/span>\n\t\t\t\t\t<\/a>\n\t\t\t\t<\/div>\n\t\t\t\t\t\t\t\t<\/div>\n\t\t\t\t<\/div>\n\t\t\t\t<\/div>\n\t\t\t\t\t<\/div>\n\t\t\t\t<\/div>\n\t\t\t\t<\/div>\n\t\t","protected":false},"excerpt":{"rendered":"<p>INDUSTRIE INSTITUTIONNELLE De nombreux coll\u00e8ges et universit\u00e9s, tout comme des organismes gouvernementaux de tous les \u00e9chelons, comptent sur les machines \u00e0 contr\u00f4le num\u00e9rique fournies par Spark &#038; Co. pour combler leurs besoins en mati\u00e8re de fabrication et de recherche. Nous offrons des solutions cl\u00e9 en main, accompagn\u00e9es de soutien technique, de mat\u00e9riel de formation et [&hellip;]<\/p>\n","protected":false},"author":41,"featured_media":0,"parent":22091,"menu_order":0,"comment_status":"closed","ping_status":"closed","template":"elementor_header_footer","meta":{"_acf_changed":false,"footnotes":""},"class_list":["post-22110","page","type-page","status-publish","hentry"],"acf":[],"_links":{"self":[{"href":"https:\/\/spark-co.com\/fr-fr\/wp-json\/wp\/v2\/pages\/22110","targetHints":{"allow":["GET"]}}],"collection":[{"href":"https:\/\/spark-co.com\/fr-fr\/wp-json\/wp\/v2\/pages"}],"about":[{"href":"https:\/\/spark-co.com\/fr-fr\/wp-json\/wp\/v2\/types\/page"}],"author":[{"embeddable":true,"href":"https:\/\/spark-co.com\/fr-fr\/wp-json\/wp\/v2\/users\/41"}],"replies":[{"embeddable":true,"href":"https:\/\/spark-co.com\/fr-fr\/wp-json\/wp\/v2\/comments?post=22110"}],"version-history":[{"count":0,"href":"https:\/\/spark-co.com\/fr-fr\/wp-json\/wp\/v2\/pages\/22110\/revisions"}],"up":[{"embeddable":true,"href":"https:\/\/spark-co.com\/fr-fr\/wp-json\/wp\/v2\/pages\/22091"}],"wp:attachment":[{"href":"https:\/\/spark-co.com\/fr-fr\/wp-json\/wp\/v2\/media?parent=22110"}],"curies":[{"name":"wp","href":"https:\/\/api.w.org\/{rel}","templated":true}]}}