{"id":22105,"date":"2018-10-10T18:49:55","date_gmt":"2018-10-10T16:49:55","guid":{"rendered":"https:\/\/spark-co.com\/industries\/defense\/"},"modified":"2024-04-10T08:36:17","modified_gmt":"2024-04-10T12:36:17","slug":"defense","status":"publish","type":"page","link":"https:\/\/spark-co.com\/fr-fr\/industries\/defense\/","title":{"rendered":"D\u00e9fense"},"content":{"rendered":"\t\t<div data-elementor-type=\"wp-page\" data-elementor-id=\"22105\" class=\"elementor elementor-22105 elementor-440\" data-elementor-post-type=\"page\">\n\t\t\t\t\t\t<section class=\"elementor-section elementor-top-section elementor-element elementor-element-ee01d64 elementor-section-full_width elementor-section-height-default elementor-section-height-default\" data-id=\"ee01d64\" data-element_type=\"section\">\n\t\t\t\t\t\t<div class=\"elementor-container elementor-column-gap-default\">\n\t\t\t\t\t<div class=\"elementor-column elementor-col-100 elementor-top-column elementor-element elementor-element-72d7d5c\" data-id=\"72d7d5c\" data-element_type=\"column\">\n\t\t\t<div class=\"elementor-widget-wrap elementor-element-populated\">\n\t\t\t\t<div class=\"elementor-element elementor-element-655bd5f e-con-full e-flex e-con e-parent\" data-id=\"655bd5f\" data-element_type=\"container\" data-settings=\"{&quot;background_background&quot;:&quot;classic&quot;}\">\n\t\t\t\t<div class=\"elementor-element elementor-element-4c304ab elementor-widget elementor-widget-heading\" data-id=\"4c304ab\" data-element_type=\"widget\" data-widget_type=\"heading.default\">\n\t\t\t\t<div class=\"elementor-widget-container\">\n\t\t\t\t\t<h1 class=\"elementor-heading-title elementor-size-default\">INDUSTRIE MILITAIRE<\/h1>\t\t\t\t<\/div>\n\t\t\t\t<\/div>\n\t\t\t\t<\/div>\n\t\t\t\t\t<\/div>\n\t\t<\/div>\n\t\t\t\t\t<\/div>\n\t\t<\/section>\n\t\t<div class=\"elementor-element elementor-element-e386fe4 e-flex e-con-boxed e-con e-parent\" data-id=\"e386fe4\" data-element_type=\"container\">\n\t\t\t\t\t<div class=\"e-con-inner\">\n\t\t<div class=\"elementor-element elementor-element-45cdb45 e-con-full e-flex e-con e-child\" data-id=\"45cdb45\" data-element_type=\"container\">\n\t\t\t\t<div class=\"elementor-element elementor-element-06b4cf4 elementor-widget elementor-widget-text-editor\" data-id=\"06b4cf4\" data-element_type=\"widget\" data-widget_type=\"text-editor.default\">\n\t\t\t\t<div class=\"elementor-widget-container\">\n\t\t\t\t\t\t\t\t\tMembre en r\u00e8gle de l\u2019Association des industries canadiennes de d\u00e9fense et de s\u00e9curit\u00e9 (AICDS), Spark &#038; Co. sert avec fiert\u00e9 un large segment de l\u2019industrie militaire, comptant parmi ses clients des fabricants de plaques de blindage, de composites, de thermo c\u00e9ramiques et de tissus balistiques, tout comme d\u2019importants fabricants de composants \u00e9lectroniques et avioniques militaires et de syst\u00e8mes d\u2019armes optiques. Parmi nos produits utilis\u00e9s dans des applications d\u2019usinage militaires, mentionnons le syst\u00e8me de d\u00e9coupage au jet d\u2019eau OMAX servant aux plaques de blindage, aux syst\u00e8mes de d\u00e9barquement de marine et aux transporteurs de troupes\t\t\t\t\t\t\t\t<\/div>\n\t\t\t\t<\/div>\n\t\t\t\t<\/div>\n\t\t<div class=\"elementor-element elementor-element-8c5de19 e-con-full e-flex e-con e-child\" data-id=\"8c5de19\" data-element_type=\"container\">\n\t\t\t\t<div class=\"elementor-element elementor-element-faf8d8e elementor-widget elementor-widget-text-editor\" data-id=\"faf8d8e\" data-element_type=\"widget\" data-widget_type=\"text-editor.default\">\n\t\t\t\t<div class=\"elementor-widget-container\">\n\t\t\t\t\t\t\t\t\tblind\u00e9s, ainsi que les machines de tournage et de fraisage \u00e0 contr\u00f4le num\u00e9rique servant \u00e0 de nombreux composants essentiels. En fait, nos machines EDM, tours et fraiseuses de Mitsubishi apportent une nouvelle dimension \u00e0 la fabrication militaire, particuli\u00e8rement lorsqu\u2019il est question d\u2019applications EDM \u00e0 tol\u00e9rances serr\u00e9es destin\u00e9es aux pi\u00e8ces et outils d\u2019armements militaires complexes de certains fabricants d\u2019\u00e9quipement d\u2019origine. Spark &#038; Co. travaille avec ses partenaires pour assurer la s\u00e9curit\u00e9 sur le terrain de nos militaires et de nos alli\u00e9s.\t\t\t\t\t\t\t\t<\/div>\n\t\t\t\t<\/div>\n\t\t\t\t<\/div>\n\t\t\t\t\t<\/div>\n\t\t\t\t<\/div>\n\t\t\t\t<\/div>\n\t\t","protected":false},"excerpt":{"rendered":"<p>INDUSTRIE MILITAIRE Membre en r\u00e8gle de l\u2019Association des industries canadiennes de d\u00e9fense et de s\u00e9curit\u00e9 (AICDS), Spark &#038; Co. sert avec fiert\u00e9 un large segment de l\u2019industrie militaire, comptant parmi ses clients des fabricants de plaques de blindage, de composites, de thermo c\u00e9ramiques et de tissus balistiques, tout comme d\u2019importants fabricants de composants \u00e9lectroniques et [&hellip;]<\/p>\n","protected":false},"author":41,"featured_media":0,"parent":22091,"menu_order":0,"comment_status":"closed","ping_status":"closed","template":"elementor_header_footer","meta":{"_acf_changed":false,"footnotes":""},"class_list":["post-22105","page","type-page","status-publish","hentry"],"acf":[],"_links":{"self":[{"href":"https:\/\/spark-co.com\/fr-fr\/wp-json\/wp\/v2\/pages\/22105","targetHints":{"allow":["GET"]}}],"collection":[{"href":"https:\/\/spark-co.com\/fr-fr\/wp-json\/wp\/v2\/pages"}],"about":[{"href":"https:\/\/spark-co.com\/fr-fr\/wp-json\/wp\/v2\/types\/page"}],"author":[{"embeddable":true,"href":"https:\/\/spark-co.com\/fr-fr\/wp-json\/wp\/v2\/users\/41"}],"replies":[{"embeddable":true,"href":"https:\/\/spark-co.com\/fr-fr\/wp-json\/wp\/v2\/comments?post=22105"}],"version-history":[{"count":0,"href":"https:\/\/spark-co.com\/fr-fr\/wp-json\/wp\/v2\/pages\/22105\/revisions"}],"up":[{"embeddable":true,"href":"https:\/\/spark-co.com\/fr-fr\/wp-json\/wp\/v2\/pages\/22091"}],"wp:attachment":[{"href":"https:\/\/spark-co.com\/fr-fr\/wp-json\/wp\/v2\/media?parent=22105"}],"curies":[{"name":"wp","href":"https:\/\/api.w.org\/{rel}","templated":true}]}}