{"id":22102,"date":"2018-10-10T18:38:28","date_gmt":"2018-10-10T16:38:28","guid":{"rendered":"https:\/\/spark-co.com\/industries\/automobile\/"},"modified":"2024-04-10T08:23:13","modified_gmt":"2024-04-10T12:23:13","slug":"automobile","status":"publish","type":"page","link":"https:\/\/spark-co.com\/fr-fr\/industries\/automobile\/","title":{"rendered":"Automobile"},"content":{"rendered":"\t\t<div data-elementor-type=\"wp-page\" data-elementor-id=\"22102\" class=\"elementor elementor-22102 elementor-438\" data-elementor-post-type=\"page\">\n\t\t\t\t\t\t<section class=\"elementor-section elementor-top-section elementor-element elementor-element-3e459ee elementor-section-full_width elementor-section-height-default elementor-section-height-default\" data-id=\"3e459ee\" data-element_type=\"section\">\n\t\t\t\t\t\t<div class=\"elementor-container elementor-column-gap-default\">\n\t\t\t\t\t<div class=\"elementor-column elementor-col-100 elementor-top-column elementor-element elementor-element-fd19b1d\" data-id=\"fd19b1d\" data-element_type=\"column\">\n\t\t\t<div class=\"elementor-widget-wrap elementor-element-populated\">\n\t\t\t\t<div class=\"elementor-element elementor-element-617e094 e-con-full e-flex e-con e-parent\" data-id=\"617e094\" data-element_type=\"container\" data-settings=\"{&quot;background_background&quot;:&quot;classic&quot;}\">\n\t\t\t\t<div class=\"elementor-element elementor-element-59fd4d8 elementor-widget elementor-widget-heading\" data-id=\"59fd4d8\" data-element_type=\"widget\" data-widget_type=\"heading.default\">\n\t\t\t\t<div class=\"elementor-widget-container\">\n\t\t\t\t\t<h1 class=\"elementor-heading-title elementor-size-default\">INDUSTRIE AUTOMOBILE<\/h1>\t\t\t\t<\/div>\n\t\t\t\t<\/div>\n\t\t\t\t<\/div>\n\t\t\t\t\t<\/div>\n\t\t<\/div>\n\t\t\t\t\t<\/div>\n\t\t<\/section>\n\t\t<div class=\"elementor-element elementor-element-24a9df5 e-flex e-con-boxed e-con e-parent\" data-id=\"24a9df5\" data-element_type=\"container\">\n\t\t\t\t\t<div class=\"e-con-inner\">\n\t\t<div class=\"elementor-element elementor-element-a78252a e-con-full e-flex e-con e-child\" data-id=\"a78252a\" data-element_type=\"container\">\n\t\t\t\t<div class=\"elementor-element elementor-element-4dc7379 elementor-widget elementor-widget-text-editor\" data-id=\"4dc7379\" data-element_type=\"widget\" data-widget_type=\"text-editor.default\">\n\t\t\t\t<div class=\"elementor-widget-container\">\n\t\t\t\t\t\t\t\t\t<p>Spark &amp; Co. \u0153uvre dans le secteur de l\u2019automobile depuis sa fondation, en mettant une vaste gamme de machines-outils de grande pr\u00e9cision au service de cette industrie. Outre les syst\u00e8mes de d\u00e9coupage au jet d\u2019eau pour plaques de d\u00e9moulage et les machines de tournage et de fraisage \u00e0 contr\u00f4le num\u00e9rique destin\u00e9es \u00e0 une vari\u00e9t\u00e9 d\u2019outils et de moules, nous offrons un \u00e9ventail de solutions novatrices et \u00e9conomiques con\u00e7ues sur mesure pour l\u2019industrie de l\u2019automobile. Avec sa capacit\u00e9 de fraisage haute vitesse et de frittage laser, notre machine de fabrication additive Lumex transforme l\u2019industrie en permettant \u00e0 nos clients du<\/p>\t\t\t\t\t\t\t\t<\/div>\n\t\t\t\t<\/div>\n\t\t\t\t<\/div>\n\t\t<div class=\"elementor-element elementor-element-0ec913c e-con-full e-flex e-con e-child\" data-id=\"0ec913c\" data-element_type=\"container\">\n\t\t\t\t<div class=\"elementor-element elementor-element-904faba elementor-widget elementor-widget-text-editor\" data-id=\"904faba\" data-element_type=\"widget\" data-widget_type=\"text-editor.default\">\n\t\t\t\t<div class=\"elementor-widget-container\">\n\t\t\t\t\t\t\t\t\t<p>secteur de l\u2019automobile de produire rapidement des moules de meilleure densit\u00e9 et des canaux de refroidissement am\u00e9lior\u00e9s pour l\u2019\u00e9vacuation des gaz durant le processus de moulage. Nous travaillons \u00e9galement \u00e0 de nombreuses applications EDM destin\u00e9es aux pi\u00e8ces de moteurs et aux outils. Comptez sur notre exp\u00e9rience et notre savoir-faire pour vous offrir des solutions d\u2019usinage et d\u2019outillage \u00e0 la fine pointe qui vous permettront de relever les d\u00e9fis actuels en mati\u00e8re de fabrication. Communiquez avec les experts de notre \u00e9quipe d\u2019applications d\u00e8s aujourd\u2019hui!<\/p>\t\t\t\t\t\t\t\t<\/div>\n\t\t\t\t<\/div>\n\t\t\t\t<\/div>\n\t\t\t\t\t<\/div>\n\t\t\t\t<\/div>\n\t\t\t\t<\/div>\n\t\t","protected":false},"excerpt":{"rendered":"<p>INDUSTRIE AUTOMOBILE Spark &amp; Co. \u0153uvre dans le secteur de l\u2019automobile depuis sa fondation, en mettant une vaste gamme de machines-outils de grande pr\u00e9cision au service de cette industrie. Outre les syst\u00e8mes de d\u00e9coupage au jet d\u2019eau pour plaques de d\u00e9moulage et les machines de tournage et de fraisage \u00e0 contr\u00f4le num\u00e9rique destin\u00e9es \u00e0 une [&hellip;]<\/p>\n","protected":false},"author":41,"featured_media":0,"parent":22091,"menu_order":0,"comment_status":"closed","ping_status":"closed","template":"elementor_header_footer","meta":{"_acf_changed":false,"footnotes":""},"class_list":["post-22102","page","type-page","status-publish","hentry"],"acf":[],"_links":{"self":[{"href":"https:\/\/spark-co.com\/fr-fr\/wp-json\/wp\/v2\/pages\/22102","targetHints":{"allow":["GET"]}}],"collection":[{"href":"https:\/\/spark-co.com\/fr-fr\/wp-json\/wp\/v2\/pages"}],"about":[{"href":"https:\/\/spark-co.com\/fr-fr\/wp-json\/wp\/v2\/types\/page"}],"author":[{"embeddable":true,"href":"https:\/\/spark-co.com\/fr-fr\/wp-json\/wp\/v2\/users\/41"}],"replies":[{"embeddable":true,"href":"https:\/\/spark-co.com\/fr-fr\/wp-json\/wp\/v2\/comments?post=22102"}],"version-history":[{"count":0,"href":"https:\/\/spark-co.com\/fr-fr\/wp-json\/wp\/v2\/pages\/22102\/revisions"}],"up":[{"embeddable":true,"href":"https:\/\/spark-co.com\/fr-fr\/wp-json\/wp\/v2\/pages\/22091"}],"wp:attachment":[{"href":"https:\/\/spark-co.com\/fr-fr\/wp-json\/wp\/v2\/media?parent=22102"}],"curies":[{"name":"wp","href":"https:\/\/api.w.org\/{rel}","templated":true}]}}