{"id":22100,"date":"2018-10-10T19:25:25","date_gmt":"2018-10-10T17:25:25","guid":{"rendered":"https:\/\/spark-co.com\/industries\/automatisation\/"},"modified":"2024-04-23T09:04:50","modified_gmt":"2024-04-23T13:04:50","slug":"automatisation","status":"publish","type":"page","link":"https:\/\/spark-co.com\/fr-fr\/industries\/automatisation\/","title":{"rendered":"Automatisation"},"content":{"rendered":"\t\t<div data-elementor-type=\"wp-page\" data-elementor-id=\"22100\" class=\"elementor elementor-22100 elementor-448\" data-elementor-post-type=\"page\">\n\t\t\t\t\t\t<section class=\"elementor-section elementor-top-section elementor-element elementor-element-9c4b59b elementor-section-full_width elementor-section-height-default elementor-section-height-default\" data-id=\"9c4b59b\" data-element_type=\"section\">\n\t\t\t\t\t\t<div class=\"elementor-container elementor-column-gap-default\">\n\t\t\t\t\t<div class=\"elementor-column elementor-col-100 elementor-top-column elementor-element elementor-element-a436248\" data-id=\"a436248\" data-element_type=\"column\">\n\t\t\t<div class=\"elementor-widget-wrap elementor-element-populated\">\n\t\t\t\t<div class=\"elementor-element elementor-element-98b7314 e-con-full e-flex e-con e-parent\" data-id=\"98b7314\" data-element_type=\"container\" data-settings=\"{&quot;background_background&quot;:&quot;classic&quot;}\">\n\t\t\t\t<div class=\"elementor-element elementor-element-d2b569d elementor-widget elementor-widget-heading\" data-id=\"d2b569d\" data-element_type=\"widget\" data-widget_type=\"heading.default\">\n\t\t\t\t<div class=\"elementor-widget-container\">\n\t\t\t\t\t<h1 class=\"elementor-heading-title elementor-size-default\">INDUSTRIE DE L'AUTOMATISATION<\/h1>\t\t\t\t<\/div>\n\t\t\t\t<\/div>\n\t\t\t\t<\/div>\n\t\t\t\t\t<\/div>\n\t\t<\/div>\n\t\t\t\t\t<\/div>\n\t\t<\/section>\n\t\t<div class=\"elementor-element elementor-element-85229e2 e-flex e-con-boxed e-con e-parent\" data-id=\"85229e2\" data-element_type=\"container\">\n\t\t\t\t\t<div class=\"e-con-inner\">\n\t\t<div class=\"elementor-element elementor-element-a7d8a47 e-con-full e-flex e-con e-child\" data-id=\"a7d8a47\" data-element_type=\"container\">\n\t\t\t\t<div class=\"elementor-element elementor-element-d1c54be elementor-widget elementor-widget-text-editor\" data-id=\"d1c54be\" data-element_type=\"widget\" data-widget_type=\"text-editor.default\">\n\t\t\t\t<div class=\"elementor-widget-container\">\n\t\t\t\t\t\t\t\t\tSpark &#038; Co. collabore \u00e9troitement avec ses partenaires des secteurs de la m\u00e9decine, de l\u2019automobile et de l\u2019a\u00e9rospatiale pour livrer des installations automatis\u00e9es cl\u00e9 en main d\u2019une grande efficacit\u00e9, partout au pays. Le Canada h\u00e9berge une industrie de l\u2019automatisation fi\u00e8re et en pleine croissance. La vaste gamme des applications comprend la robotique, les cellules de soudage, la manutention des mat\u00e9riaux, l\u2019emballage alimentaire, les convoyeurs, l\u2019extraction mini\u00e8re, et bien d\u2019autres. De nombreux clients de Spark &#038; Co. utilisent les machines de contr\u00f4le num\u00e9rique Mitsubishi et OMAX pour fabriquer des pi\u00e8ces destin\u00e9es au mat\u00e9riel d\u2019automatisation,\t\t\t\t\t\t\t\t<\/div>\n\t\t\t\t<\/div>\n\t\t\t\t<\/div>\n\t\t<div class=\"elementor-element elementor-element-85bdade e-con-full e-flex e-con e-child\" data-id=\"85bdade\" data-element_type=\"container\">\n\t\t\t\t<div class=\"elementor-element elementor-element-d33fa70 elementor-widget elementor-widget-text-editor\" data-id=\"d33fa70\" data-element_type=\"widget\" data-widget_type=\"text-editor.default\">\n\t\t\t\t<div class=\"elementor-widget-container\">\n\t\t\t\t\t\t\t\t\t\u00e0 partir de mat\u00e9riaux comme l\u2019acier, l\u2019aluminium, le caoutchouc, le plastique, la fibre de verre et plus encore. Les machines EDM, de d\u00e9coupage au jet d\u2019eau, de tournage et de fraisage \u00e0 contr\u00f4le num\u00e9rique propos\u00e9es par Spark &#038; Co. sont enti\u00e8rement compatibles avec la lecture de mod\u00e8les et d\u2019ensembles pleins 3D produits par des logiciels de CAO tels que Solidworks, Inventor, Catia ou d\u2019autres, ce qui fait de nos machines le choix id\u00e9al pour les entreprises qui se sp\u00e9cialisent dans la conception et la production de mat\u00e9riel d\u2019automatisation au moyen de logiciels d\u2019ing\u00e9nierie 3D. Permettez-nous de vous aider \u00e0 propulser vos op\u00e9rations \u00e0 un niveau sup\u00e9rieur \u2013 contactez-nous d\u00e8s aujourd\u2019hui! \t\t\t\t\t\t\t\t<\/div>\n\t\t\t\t<\/div>\n\t\t\t\t<\/div>\n\t\t\t\t\t<\/div>\n\t\t\t\t<\/div>\n\t\t<div class=\"elementor-element elementor-element-d72f308 e-flex e-con-boxed e-con e-parent\" data-id=\"d72f308\" data-element_type=\"container\">\n\t\t\t\t\t<div class=\"e-con-inner\">\n\t\t<div class=\"elementor-element elementor-element-c6e408a e-con-full e-flex e-con e-child\" data-id=\"c6e408a\" data-element_type=\"container\" data-settings=\"{&quot;background_background&quot;:&quot;classic&quot;}\">\n\t\t\t\t<div class=\"elementor-element elementor-element-d0eea38 elementor-widget elementor-widget-text-editor\" data-id=\"d0eea38\" data-element_type=\"widget\" data-widget_type=\"text-editor.default\">\n\t\t\t\t<div class=\"elementor-widget-container\">\n\t\t\t\t\t\t\t\t\tVOIR NOS MACHINES\t\t\t\t\t\t\t\t<\/div>\n\t\t\t\t<\/div>\n\t\t\t\t<div class=\"elementor-element elementor-element-5c35f09 elementor-widget elementor-widget-text-editor\" data-id=\"5c35f09\" data-element_type=\"widget\" data-widget_type=\"text-editor.default\">\n\t\t\t\t<div class=\"elementor-widget-container\">\n\t\t\t\t\t\t\t\t\tGamme compl\u00e8te de machines de fabrication, \u00e9lectro\u00e9rosion, Fabrication additive, CNC, centre d\u2019usinage et tour \u00e0 contr\u00f4le num\u00e9rique.\t\t\t\t\t\t\t\t<\/div>\n\t\t\t\t<\/div>\n\t\t\t\t<div class=\"elementor-element elementor-element-5f5933a btn-primary btn-lg elementor-widget elementor-widget-button\" data-id=\"5f5933a\" data-element_type=\"widget\" data-widget_type=\"button.default\">\n\t\t\t\t<div class=\"elementor-widget-container\">\n\t\t\t\t\t\t\t\t\t<div class=\"elementor-button-wrapper\">\n\t\t\t\t\t<a class=\"elementor-button elementor-button-link elementor-size-sm\" href=\"https:\/\/spark-co.com\/fr-fr\/machines-accessoires\/soudage-au-laser-fr-fr\/\">\n\t\t\t\t\t\t<span class=\"elementor-button-content-wrapper\">\n\t\t\t\t\t\t\t\t\t<span class=\"elementor-button-text\">LES VOIR MAINTENANT<\/span>\n\t\t\t\t\t<\/span>\n\t\t\t\t\t<\/a>\n\t\t\t\t<\/div>\n\t\t\t\t\t\t\t\t<\/div>\n\t\t\t\t<\/div>\n\t\t\t\t<\/div>\n\t\t<div class=\"elementor-element elementor-element-0827b61 e-con-full e-flex e-con e-child\" data-id=\"0827b61\" data-element_type=\"container\" data-settings=\"{&quot;background_background&quot;:&quot;classic&quot;}\">\n\t\t\t\t<div class=\"elementor-element elementor-element-8e0e89b elementor-widget__width-initial elementor-widget-mobile__width-inherit elementor-widget elementor-widget-text-editor\" data-id=\"8e0e89b\" data-element_type=\"widget\" data-widget_type=\"text-editor.default\">\n\t\t\t\t<div class=\"elementor-widget-container\">\n\t\t\t\t\t\t\t\t\tEN APPRENDRE PLUS SUR NOS TECHNOLOGIES\t\t\t\t\t\t\t\t<\/div>\n\t\t\t\t<\/div>\n\t\t\t\t<div class=\"elementor-element elementor-element-a0f0da4 elementor-widget elementor-widget-text-editor\" data-id=\"a0f0da4\" data-element_type=\"widget\" data-widget_type=\"text-editor.default\">\n\t\t\t\t<div class=\"elementor-widget-container\">\n\t\t\t\t\t\t\t\t\tGamme compl\u00e8te de machines de fabrication, \u00e9lectro\u00e9rosion, Fabrication additive, CNC, centre d\u2019usinage et tour \u00e0 contr\u00f4le num\u00e9rique.\t\t\t\t\t\t\t\t<\/div>\n\t\t\t\t<\/div>\n\t\t\t\t<div class=\"elementor-element elementor-element-67c5f49 btn-primary btn-lg elementor-widget elementor-widget-button\" data-id=\"67c5f49\" data-element_type=\"widget\" data-widget_type=\"button.default\">\n\t\t\t\t<div class=\"elementor-widget-container\">\n\t\t\t\t\t\t\t\t\t<div class=\"elementor-button-wrapper\">\n\t\t\t\t\t<a class=\"elementor-button elementor-button-link elementor-size-sm\" href=\"https:\/\/spark-co.com\/fr-fr\/contactez-nous\/\">\n\t\t\t\t\t\t<span class=\"elementor-button-content-wrapper\">\n\t\t\t\t\t\t\t\t\t<span class=\"elementor-button-text\">CONTACTEZ-NOUS<\/span>\n\t\t\t\t\t<\/span>\n\t\t\t\t\t<\/a>\n\t\t\t\t<\/div>\n\t\t\t\t\t\t\t\t<\/div>\n\t\t\t\t<\/div>\n\t\t\t\t<\/div>\n\t\t\t\t\t<\/div>\n\t\t\t\t<\/div>\n\t\t\t\t<\/div>\n\t\t","protected":false},"excerpt":{"rendered":"<p>INDUSTRIE DE L&rsquo;AUTOMATISATION Spark &#038; Co. collabore \u00e9troitement avec ses partenaires des secteurs de la m\u00e9decine, de l\u2019automobile et de l\u2019a\u00e9rospatiale pour livrer des installations automatis\u00e9es cl\u00e9 en main d\u2019une grande efficacit\u00e9, partout au pays. Le Canada h\u00e9berge une industrie de l\u2019automatisation fi\u00e8re et en pleine croissance. La vaste gamme des applications comprend la robotique, [&hellip;]<\/p>\n","protected":false},"author":41,"featured_media":0,"parent":22091,"menu_order":0,"comment_status":"closed","ping_status":"closed","template":"elementor_header_footer","meta":{"_acf_changed":false,"footnotes":""},"class_list":["post-22100","page","type-page","status-publish","hentry"],"acf":[],"_links":{"self":[{"href":"https:\/\/spark-co.com\/fr-fr\/wp-json\/wp\/v2\/pages\/22100","targetHints":{"allow":["GET"]}}],"collection":[{"href":"https:\/\/spark-co.com\/fr-fr\/wp-json\/wp\/v2\/pages"}],"about":[{"href":"https:\/\/spark-co.com\/fr-fr\/wp-json\/wp\/v2\/types\/page"}],"author":[{"embeddable":true,"href":"https:\/\/spark-co.com\/fr-fr\/wp-json\/wp\/v2\/users\/41"}],"replies":[{"embeddable":true,"href":"https:\/\/spark-co.com\/fr-fr\/wp-json\/wp\/v2\/comments?post=22100"}],"version-history":[{"count":0,"href":"https:\/\/spark-co.com\/fr-fr\/wp-json\/wp\/v2\/pages\/22100\/revisions"}],"up":[{"embeddable":true,"href":"https:\/\/spark-co.com\/fr-fr\/wp-json\/wp\/v2\/pages\/22091"}],"wp:attachment":[{"href":"https:\/\/spark-co.com\/fr-fr\/wp-json\/wp\/v2\/media?parent=22100"}],"curies":[{"name":"wp","href":"https:\/\/api.w.org\/{rel}","templated":true}]}}