{"id":22098,"date":"2018-10-10T18:52:38","date_gmt":"2018-10-10T16:52:38","guid":{"rendered":"https:\/\/spark-co.com\/industries\/architecturale\/"},"modified":"2024-04-23T09:05:15","modified_gmt":"2024-04-23T13:05:15","slug":"architecturale","status":"publish","type":"page","link":"https:\/\/spark-co.com\/fr-fr\/industries\/architecturale\/","title":{"rendered":"Architecturale"},"content":{"rendered":"\t\t<div data-elementor-type=\"wp-page\" data-elementor-id=\"22098\" class=\"elementor elementor-22098 elementor-446\" data-elementor-post-type=\"page\">\n\t\t\t\t\t\t<section class=\"elementor-section elementor-top-section elementor-element elementor-element-ab152f2 elementor-section-full_width elementor-section-height-default elementor-section-height-default\" data-id=\"ab152f2\" data-element_type=\"section\">\n\t\t\t\t\t\t<div class=\"elementor-container elementor-column-gap-default\">\n\t\t\t\t\t<div class=\"elementor-column elementor-col-100 elementor-top-column elementor-element elementor-element-2f96160\" data-id=\"2f96160\" data-element_type=\"column\">\n\t\t\t<div class=\"elementor-widget-wrap elementor-element-populated\">\n\t\t\t\t<div class=\"elementor-element elementor-element-e69f14c e-con-full e-flex e-con e-parent\" data-id=\"e69f14c\" data-element_type=\"container\" data-settings=\"{&quot;background_background&quot;:&quot;classic&quot;}\">\n\t\t\t\t<div class=\"elementor-element elementor-element-aa17bec elementor-widget elementor-widget-heading\" data-id=\"aa17bec\" data-element_type=\"widget\" data-widget_type=\"heading.default\">\n\t\t\t\t<div class=\"elementor-widget-container\">\n\t\t\t\t\t<h1 class=\"elementor-heading-title elementor-size-default\">INDUSTRIE ARCHITECTURALE<\/h1>\t\t\t\t<\/div>\n\t\t\t\t<\/div>\n\t\t\t\t<\/div>\n\t\t\t\t\t<\/div>\n\t\t<\/div>\n\t\t\t\t\t<\/div>\n\t\t<\/section>\n\t\t<div class=\"elementor-element elementor-element-5cec770 e-flex e-con-boxed e-con e-parent\" data-id=\"5cec770\" data-element_type=\"container\">\n\t\t\t\t\t<div class=\"e-con-inner\">\n\t\t<div class=\"elementor-element elementor-element-c509ae3 e-con-full e-flex e-con e-child\" data-id=\"c509ae3\" data-element_type=\"container\">\n\t\t\t\t<div class=\"elementor-element elementor-element-a4582e7 elementor-widget elementor-widget-text-editor\" data-id=\"a4582e7\" data-element_type=\"widget\" data-widget_type=\"text-editor.default\">\n\t\t\t\t<div class=\"elementor-widget-container\">\n\t\t\t\t\t\t\t\t\t\u00cates-vous une entreprise de fabrication d\u2019accessoires de magasin qui songe \u00e0 \u00e9largir ses horizons? \u00cates-vous un fabricant de verre qui aimerait produire des formes personnalis\u00e9es et utiliser des mat\u00e9riaux exotiques? \u00cates-vous un entrepreneur en construction cherchant \u00e0 se lancer dans la fabrication de ses propres dessus de comptoirs et carreaux? Nous pouvons vous aider! Si vous pouvez l\u2019imaginer, nous pouvons le couper. Spark &#038; Co. est le chef de file au Canada dans le domaine du d\u00e9coupage du verre au jet d\u2019eau. Son savoir-faire et sa technologie lui ont permis de cr\u00e9er de nouvelles possibilit\u00e9s inspirantes en architecture.\t\t\t\t\t\t\t\t<\/div>\n\t\t\t\t<\/div>\n\t\t\t\t<\/div>\n\t\t<div class=\"elementor-element elementor-element-c606f74 e-con-full e-flex e-con e-child\" data-id=\"c606f74\" data-element_type=\"container\">\n\t\t\t\t<div class=\"elementor-element elementor-element-678c000 elementor-widget elementor-widget-text-editor\" data-id=\"678c000\" data-element_type=\"widget\" data-widget_type=\"text-editor.default\">\n\t\t\t\t<div class=\"elementor-widget-container\">\n\t\t\t\t\t\t\t\t\tAvec nos machines de d\u00e9coupage au jet d\u2019eau de haute puissance et de grande pr\u00e9cision OMAX et Maxiem, les coupeurs de pierre et de carreaux peuvent facilement r\u00e9aliser des coupes et des formes dans des mat\u00e9riaux comme la pierre, le verre, l\u2019aluminium ou l\u2019acier inoxydable. Gr\u00e2ce aux r\u00e9volutionnaires pompes \u00e0 entra\u00eenement direct des machines de d\u00e9coupage au jet d\u2019eau OMAX et Maxiem dot\u00e9es d\u2019une technologie d\u2019entra\u00eenement \u00e0 fr\u00e9quence variable, vous pourrez ais\u00e9ment percer des mat\u00e9riaux fragiles pour r\u00e9aliser des motifs que l\u2019on croyait autrefois impossibles \u00e0 r\u00e9aliser et, par la m\u00eame occasion, cr\u00e9er de nouvelles occasions d\u2019affaires. Contactez-nous d\u00e8s aujourd\u2019hui!\t\t\t\t\t\t\t\t<\/div>\n\t\t\t\t<\/div>\n\t\t\t\t<\/div>\n\t\t\t\t\t<\/div>\n\t\t\t\t<\/div>\n\t\t<div class=\"elementor-element elementor-element-8e541ec e-flex e-con-boxed e-con e-parent\" data-id=\"8e541ec\" data-element_type=\"container\">\n\t\t\t\t\t<div class=\"e-con-inner\">\n\t\t<div class=\"elementor-element elementor-element-6d197cd e-con-full e-flex e-con e-child\" data-id=\"6d197cd\" data-element_type=\"container\" data-settings=\"{&quot;background_background&quot;:&quot;classic&quot;}\">\n\t\t\t\t<div class=\"elementor-element elementor-element-ff89de3 elementor-widget elementor-widget-text-editor\" data-id=\"ff89de3\" data-element_type=\"widget\" data-widget_type=\"text-editor.default\">\n\t\t\t\t<div class=\"elementor-widget-container\">\n\t\t\t\t\t\t\t\t\tVOIR NOS MACHINES\t\t\t\t\t\t\t\t<\/div>\n\t\t\t\t<\/div>\n\t\t\t\t<div class=\"elementor-element elementor-element-c2b234a elementor-widget elementor-widget-text-editor\" data-id=\"c2b234a\" data-element_type=\"widget\" data-widget_type=\"text-editor.default\">\n\t\t\t\t<div class=\"elementor-widget-container\">\n\t\t\t\t\t\t\t\t\tGamme compl\u00e8te de machines de fabrication, \u00e9lectro\u00e9rosion, Fabrication additive, CNC, centre d\u2019usinage et tour \u00e0 contr\u00f4le num\u00e9rique.\t\t\t\t\t\t\t\t<\/div>\n\t\t\t\t<\/div>\n\t\t\t\t<div class=\"elementor-element elementor-element-abd16d2 btn-primary btn-lg elementor-widget elementor-widget-button\" data-id=\"abd16d2\" data-element_type=\"widget\" data-widget_type=\"button.default\">\n\t\t\t\t<div class=\"elementor-widget-container\">\n\t\t\t\t\t\t\t\t\t<div class=\"elementor-button-wrapper\">\n\t\t\t\t\t<a class=\"elementor-button elementor-button-link elementor-size-sm\" href=\"https:\/\/spark-co.com\/fr-fr\/machines-accessoires\/soudage-au-laser-fr-fr\/\">\n\t\t\t\t\t\t<span class=\"elementor-button-content-wrapper\">\n\t\t\t\t\t\t\t\t\t<span class=\"elementor-button-text\">LES VOIR MAINTENANT<\/span>\n\t\t\t\t\t<\/span>\n\t\t\t\t\t<\/a>\n\t\t\t\t<\/div>\n\t\t\t\t\t\t\t\t<\/div>\n\t\t\t\t<\/div>\n\t\t\t\t<\/div>\n\t\t<div class=\"elementor-element elementor-element-fb78832 e-con-full e-flex e-con e-child\" data-id=\"fb78832\" data-element_type=\"container\" data-settings=\"{&quot;background_background&quot;:&quot;classic&quot;}\">\n\t\t\t\t<div class=\"elementor-element elementor-element-bd2fb9d elementor-widget__width-initial elementor-widget-mobile__width-inherit elementor-widget elementor-widget-text-editor\" data-id=\"bd2fb9d\" data-element_type=\"widget\" data-widget_type=\"text-editor.default\">\n\t\t\t\t<div class=\"elementor-widget-container\">\n\t\t\t\t\t\t\t\t\tEN APPRENDRE PLUS SUR NOS TECHNOLOGIES\t\t\t\t\t\t\t\t<\/div>\n\t\t\t\t<\/div>\n\t\t\t\t<div class=\"elementor-element elementor-element-9c8481b elementor-widget elementor-widget-text-editor\" data-id=\"9c8481b\" data-element_type=\"widget\" data-widget_type=\"text-editor.default\">\n\t\t\t\t<div class=\"elementor-widget-container\">\n\t\t\t\t\t\t\t\t\tGamme compl\u00e8te de machines de fabrication, \u00e9lectro\u00e9rosion, Fabrication additive, CNC, centre d\u2019usinage et tour \u00e0 contr\u00f4le num\u00e9rique.\t\t\t\t\t\t\t\t<\/div>\n\t\t\t\t<\/div>\n\t\t\t\t<div class=\"elementor-element elementor-element-0c6e385 btn-primary btn-lg elementor-widget elementor-widget-button\" data-id=\"0c6e385\" data-element_type=\"widget\" data-widget_type=\"button.default\">\n\t\t\t\t<div class=\"elementor-widget-container\">\n\t\t\t\t\t\t\t\t\t<div class=\"elementor-button-wrapper\">\n\t\t\t\t\t<a class=\"elementor-button elementor-button-link elementor-size-sm\" href=\"https:\/\/spark-co.com\/fr-fr\/contactez-nous\/\">\n\t\t\t\t\t\t<span class=\"elementor-button-content-wrapper\">\n\t\t\t\t\t\t\t\t\t<span class=\"elementor-button-text\">CONTACTEZ-NOUS<\/span>\n\t\t\t\t\t<\/span>\n\t\t\t\t\t<\/a>\n\t\t\t\t<\/div>\n\t\t\t\t\t\t\t\t<\/div>\n\t\t\t\t<\/div>\n\t\t\t\t<\/div>\n\t\t\t\t\t<\/div>\n\t\t\t\t<\/div>\n\t\t\t\t<\/div>\n\t\t","protected":false},"excerpt":{"rendered":"<p>INDUSTRIE ARCHITECTURALE \u00cates-vous une entreprise de fabrication d\u2019accessoires de magasin qui songe \u00e0 \u00e9largir ses horizons? \u00cates-vous un fabricant de verre qui aimerait produire des formes personnalis\u00e9es et utiliser des mat\u00e9riaux exotiques? \u00cates-vous un entrepreneur en construction cherchant \u00e0 se lancer dans la fabrication de ses propres dessus de comptoirs et carreaux? Nous pouvons vous [&hellip;]<\/p>\n","protected":false},"author":41,"featured_media":0,"parent":22091,"menu_order":0,"comment_status":"closed","ping_status":"closed","template":"","meta":{"_acf_changed":false,"footnotes":""},"class_list":["post-22098","page","type-page","status-publish","hentry"],"acf":[],"_links":{"self":[{"href":"https:\/\/spark-co.com\/fr-fr\/wp-json\/wp\/v2\/pages\/22098","targetHints":{"allow":["GET"]}}],"collection":[{"href":"https:\/\/spark-co.com\/fr-fr\/wp-json\/wp\/v2\/pages"}],"about":[{"href":"https:\/\/spark-co.com\/fr-fr\/wp-json\/wp\/v2\/types\/page"}],"author":[{"embeddable":true,"href":"https:\/\/spark-co.com\/fr-fr\/wp-json\/wp\/v2\/users\/41"}],"replies":[{"embeddable":true,"href":"https:\/\/spark-co.com\/fr-fr\/wp-json\/wp\/v2\/comments?post=22098"}],"version-history":[{"count":0,"href":"https:\/\/spark-co.com\/fr-fr\/wp-json\/wp\/v2\/pages\/22098\/revisions"}],"up":[{"embeddable":true,"href":"https:\/\/spark-co.com\/fr-fr\/wp-json\/wp\/v2\/pages\/22091"}],"wp:attachment":[{"href":"https:\/\/spark-co.com\/fr-fr\/wp-json\/wp\/v2\/media?parent=22098"}],"curies":[{"name":"wp","href":"https:\/\/api.w.org\/{rel}","templated":true}]}}