{"id":22095,"date":"2018-10-10T18:35:11","date_gmt":"2018-10-10T16:35:11","guid":{"rendered":"https:\/\/spark-co.com\/industries\/aerospatiale\/"},"modified":"2024-04-10T08:29:58","modified_gmt":"2024-04-10T12:29:58","slug":"aerospatiale","status":"publish","type":"page","link":"https:\/\/spark-co.com\/fr-fr\/industries\/aerospatiale\/","title":{"rendered":"A\u00e9rospatiale"},"content":{"rendered":"\t\t<div data-elementor-type=\"wp-page\" data-elementor-id=\"22095\" class=\"elementor elementor-22095 elementor-436\" data-elementor-post-type=\"page\">\n\t\t\t\t\t\t<section class=\"elementor-section elementor-top-section elementor-element elementor-element-57a0483a elementor-section-full_width elementor-section-height-default elementor-section-height-default\" data-id=\"57a0483a\" data-element_type=\"section\">\n\t\t\t\t\t\t<div class=\"elementor-container elementor-column-gap-default\">\n\t\t\t\t\t<div class=\"elementor-column elementor-col-100 elementor-top-column elementor-element elementor-element-1574dae7\" data-id=\"1574dae7\" data-element_type=\"column\">\n\t\t\t<div class=\"elementor-widget-wrap elementor-element-populated\">\n\t\t\t\t<div class=\"elementor-element elementor-element-37300aa8 e-con-full e-flex e-con e-parent\" data-id=\"37300aa8\" data-element_type=\"container\" data-settings=\"{&quot;background_background&quot;:&quot;classic&quot;}\">\n\t\t\t\t<div class=\"elementor-element elementor-element-6997d817 elementor-widget elementor-widget-heading\" data-id=\"6997d817\" data-element_type=\"widget\" data-widget_type=\"heading.default\">\n\t\t\t\t<div class=\"elementor-widget-container\">\n\t\t\t\t\t<h1 class=\"elementor-heading-title elementor-size-default\">INDUSTRIE A\u00c9ROSPATIALE<\/h1>\t\t\t\t<\/div>\n\t\t\t\t<\/div>\n\t\t\t\t<\/div>\n\t\t\t\t\t<\/div>\n\t\t<\/div>\n\t\t\t\t\t<\/div>\n\t\t<\/section>\n\t\t<div class=\"elementor-element elementor-element-779846ae e-flex e-con-boxed e-con e-parent\" data-id=\"779846ae\" data-element_type=\"container\">\n\t\t\t\t\t<div class=\"e-con-inner\">\n\t\t<div class=\"elementor-element elementor-element-7a701e68 e-con-full e-flex e-con e-child\" data-id=\"7a701e68\" data-element_type=\"container\">\n\t\t\t\t<div class=\"elementor-element elementor-element-3818f585 elementor-widget elementor-widget-text-editor\" data-id=\"3818f585\" data-element_type=\"widget\" data-widget_type=\"text-editor.default\">\n\t\t\t\t<div class=\"elementor-widget-container\">\n\t\t\t\t\t\t\t\t\t<p>Spark &amp; Co. collabore \u00e9troitement avec ses partenaires du secteur de l\u2019a\u00e9rospatiale afin de les encourager \u00e0 fabriquer leurs pi\u00e8ces \u00e0 l\u2019aide de ses produits. Par exemple, la coupe de composites ou le d\u00e9grossissage du titane, de l\u2019Inconel ou de l\u2019aluminium au moyen de syst\u00e8mes de d\u00e9coupage au jet d\u2019eau permet de r\u00e9aliser des \u00e9conomies importantes, tandis que l\u2019utilisation de machines \u00e0 contr\u00f4le num\u00e9rique comme application secondaire optimise la productivit\u00e9. Parmi les autres innovations mises de l\u2019avant par Spark &amp; Co., mentionnons les applications EDM pour composants de moteurs et le d\u00e9coupage au laser Mitsubishi de diverses pi\u00e8ces d\u2019a\u00e9rospatiale.<\/p>\t\t\t\t\t\t\t\t<\/div>\n\t\t\t\t<\/div>\n\t\t\t\t<\/div>\n\t\t<div class=\"elementor-element elementor-element-5ab47e5a e-con-full e-flex e-con e-child\" data-id=\"5ab47e5a\" data-element_type=\"container\">\n\t\t\t\t<div class=\"elementor-element elementor-element-2d848ac0 elementor-widget elementor-widget-text-editor\" data-id=\"2d848ac0\" data-element_type=\"widget\" data-widget_type=\"text-editor.default\">\n\t\t\t\t<div class=\"elementor-widget-container\">\n\t\t\t\t\t\t\t\t\t<p>Les avionneurs tels que Boeing, Bombardier, Airbus et Embraer utilisent la technologie du d\u00e9coupage au jet d\u2019eau et le fraisage 5 axes pour produire des pi\u00e8ces de pr\u00e9cision au plus faible co\u00fbt possible. De plus, les machines \u00e0 contr\u00f4le num\u00e9rique de Spark &amp; Co. se classent parmi les plus pr\u00e9cises, fiables et rentables de l\u2019industrie. Avec notre appui, nos partenaires ont modifi\u00e9 et am\u00e9lior\u00e9 leurs proc\u00e9d\u00e9s dans une vari\u00e9t\u00e9 d\u2019applications. Faites appel \u00e0 nous pour vous aider \u00e0 accro\u00eetre la pr\u00e9cision et l\u2019efficacit\u00e9 de vos proc\u00e9d\u00e9s, et profitez sans plus attendre de la nouvelle technologie qui vous permettra de relever les d\u00e9fis de la fabrication. Communiquez avec les experts de notre \u00e9quipe d\u2019applications d\u00e8s aujourd\u2019hui!\u00a0<\/p>\t\t\t\t\t\t\t\t<\/div>\n\t\t\t\t<\/div>\n\t\t\t\t<\/div>\n\t\t\t\t\t<\/div>\n\t\t\t\t<\/div>\n\t\t\t\t<\/div>\n\t\t","protected":false},"excerpt":{"rendered":"<p>INDUSTRIE A\u00c9ROSPATIALE Spark &amp; Co. collabore \u00e9troitement avec ses partenaires du secteur de l\u2019a\u00e9rospatiale afin de les encourager \u00e0 fabriquer leurs pi\u00e8ces \u00e0 l\u2019aide de ses produits. Par exemple, la coupe de composites ou le d\u00e9grossissage du titane, de l\u2019Inconel ou de l\u2019aluminium au moyen de syst\u00e8mes de d\u00e9coupage au jet d\u2019eau permet de r\u00e9aliser [&hellip;]<\/p>\n","protected":false},"author":41,"featured_media":0,"parent":22091,"menu_order":0,"comment_status":"closed","ping_status":"closed","template":"elementor_header_footer","meta":{"_acf_changed":false,"footnotes":""},"class_list":["post-22095","page","type-page","status-publish","hentry"],"acf":[],"_links":{"self":[{"href":"https:\/\/spark-co.com\/fr-fr\/wp-json\/wp\/v2\/pages\/22095","targetHints":{"allow":["GET"]}}],"collection":[{"href":"https:\/\/spark-co.com\/fr-fr\/wp-json\/wp\/v2\/pages"}],"about":[{"href":"https:\/\/spark-co.com\/fr-fr\/wp-json\/wp\/v2\/types\/page"}],"author":[{"embeddable":true,"href":"https:\/\/spark-co.com\/fr-fr\/wp-json\/wp\/v2\/users\/41"}],"replies":[{"embeddable":true,"href":"https:\/\/spark-co.com\/fr-fr\/wp-json\/wp\/v2\/comments?post=22095"}],"version-history":[{"count":0,"href":"https:\/\/spark-co.com\/fr-fr\/wp-json\/wp\/v2\/pages\/22095\/revisions"}],"up":[{"embeddable":true,"href":"https:\/\/spark-co.com\/fr-fr\/wp-json\/wp\/v2\/pages\/22091"}],"wp:attachment":[{"href":"https:\/\/spark-co.com\/fr-fr\/wp-json\/wp\/v2\/media?parent=22095"}],"curies":[{"name":"wp","href":"https:\/\/api.w.org\/{rel}","templated":true}]}}